{"id":52688,"date":"2026-03-04T16:26:50","date_gmt":"2026-03-04T16:26:50","guid":{"rendered":"https:\/\/creantum.com\/?page_id=52688"},"modified":"2026-03-09T19:54:10","modified_gmt":"2026-03-09T19:54:10","slug":"percussio","status":"publish","type":"page","link":"https:\/\/creantum.com\/ca\/percussio\/","title":{"rendered":"Percussi\u00f3"},"content":{"rendered":"<section class=\"l-section wpb_row height_medium full_height valign_center width_full with_img\"><div class=\"l-section-img\" style=\"background-image: url(https:\/\/creantum.com\/wp-content\/uploads\/5-3.png);\" data-img-width=\"1024\" data-img-height=\"1024\"><\/div><div class=\"l-section-h i-cf\"><div class=\"g-cols vc_row via_flex valign_top type_default stacking_default\"><div class=\"vc_col-sm-12 wpb_column vc_column_container\"><div class=\"vc_column-inner\"><div class=\"wpb_wrapper\"><\/div><\/div><\/div><\/div><\/div><\/section><section class=\"l-section wpb_row height_medium\"><div class=\"l-section-h i-cf\"><div class=\"g-cols vc_row via_flex valign_top type_default stacking_default\"><div class=\"vc_col-sm-12 wpb_column vc_column_container\"><div class=\"vc_column-inner\"><div class=\"wpb_wrapper\"><div class=\"wpb_text_column\"><div class=\"wpb_wrapper\"><h1 style=\"text-align: center;\">PERCUSSI\u00d3<\/h1>\n<p style=\"text-align: center;\" data-start=\"111\" data-end=\"164\">La vida \u00e9s ritme. I el ritme compartit ho canvia tot.<\/p>\n<p style=\"text-align: center;\" data-start=\"166\" data-end=\"366\">Experi\u00e8ncies vibrants on l\u2019equip connecta a trav\u00e9s de la m\u00fasica: <strong>percussi\u00f3 corporal, tambors<\/strong>, din\u00e0miques r\u00edtmiques amb diferents <strong>instruments<\/strong>\u2026<\/p>\n<p style=\"text-align: center;\" data-start=\"166\" data-end=\"366\">No cal experi\u00e8ncia pr\u00e8via, nom\u00e9s energia i ganes de sumar.<\/p>\n<p style=\"text-align: center;\" data-start=\"368\" data-end=\"504\">En pocs minuts, el que eren individus es converteix en una tribu sincronitzada. Escolta, coordinaci\u00f3 i connexi\u00f3 real a trav\u00e9s del ritme.<\/p>\n<\/div><\/div><\/div><\/div><\/div><\/div><\/div><\/section><section class=\"l-section wpb_row height_medium\"><div class=\"l-section-overlay\" style=\"background:var(--color-content-link-hover)\"><\/div><div class=\"l-section-h i-cf\"><div class=\"g-cols vc_row via_flex valign_top type_default stacking_default\"><div class=\"vc_col-sm-6 wpb_column vc_column_container\"><div class=\"vc_column-inner\"><div class=\"wpb_wrapper\"><div class=\"w-image align_center\"><div class=\"w-image-h\"><img loading=\"lazy\" decoding=\"async\" width=\"1500\" height=\"844\" src=\"https:\/\/creantum.com\/wp-content\/uploads\/percu-tubes-team-building-musical-2.webp\" class=\"attachment-full size-full\" alt=\"\" srcset=\"https:\/\/creantum.com\/wp-content\/uploads\/percu-tubes-team-building-musical-2.webp 1500w, https:\/\/creantum.com\/wp-content\/uploads\/percu-tubes-team-building-musical-2-300x169.webp 300w, https:\/\/creantum.com\/wp-content\/uploads\/percu-tubes-team-building-musical-2-1024x576.webp 1024w\" sizes=\"(max-width: 1500px) 100vw, 1500px\" \/><\/div><\/div><\/div><\/div><\/div><div class=\"vc_col-sm-6 wpb_column vc_column_container\"><div class=\"vc_column-inner\"><div class=\"wpb_wrapper\"><div class=\"wpb_text_column\"><div class=\"wpb_wrapper\"><h3 data-start=\"751\" data-end=\"779\"><strong data-start=\"755\" data-end=\"779\">Qu\u00e8 treballa l\u2019equip<\/strong><\/h3>\n<p data-start=\"541\" data-end=\"746\">\u2714 Coordinaci\u00f3 i sincronitzaci\u00f3 col\u00b7lectiva<br data-start=\"583\" data-end=\"586\" \/>\u2714 Escolta activa i connexi\u00f3 no verbal<br data-start=\"666\" data-end=\"669\" \/>\u2714 Lideratge r\u00edtmic i cooperaci\u00f3 natural<br data-start=\"708\" data-end=\"711\" \/>\u2714 Sentiment de tribu i pertinen\u00e7a<\/p>\n<h3 data-start=\"964\" data-end=\"988\"><strong data-start=\"968\" data-end=\"988\">Caracter\u00edstiques<\/strong><\/h3>\n<p data-start=\"990\" data-end=\"1153\"><strong data-start=\"779\" data-end=\"790\">Durada:<\/strong> 60 minuts<br data-start=\"800\" data-end=\"803\" \/><strong data-start=\"803\" data-end=\"820\">Participants:<\/strong> sense l\u00edmit<br data-start=\"832\" data-end=\"835\" \/><strong data-start=\"835\" data-end=\"846\">Format:<\/strong> interior o exterior<\/p>\n<\/div><\/div><\/div><\/div><\/div><div class=\"vc_col-sm-12 wpb_column vc_column_container\"><div class=\"vc_column-inner\"><div class=\"wpb_wrapper\"><div class=\"w-separator size_small\"><\/div><div class=\"wpb_text_column\"><div class=\"wpb_wrapper\"><h4 style=\"text-align: center;\">Quan l\u2019equip troba el mateix ritme, comen\u00e7a a avan\u00e7ar com un sol ens.<\/h4>\n<\/div><\/div><\/div><\/div><\/div><\/div><\/div><\/section><section class=\"l-section wpb_row height_medium\"><div class=\"l-section-h i-cf\"><div class=\"g-cols vc_row via_flex valign_top type_default stacking_default\"><div class=\"vc_col-sm-12 wpb_column vc_column_container\"><div class=\"vc_column-inner\"><div class=\"wpb_wrapper\"><div class=\"wpb_text_column\"><div class=\"wpb_wrapper\"><h2>Tens ganes de saber-ne m\u00e9s?<\/h2>\n<p>Posa&#8217;t en contacte amb nosaltres. En menys de 24h tindr\u00e0s una resposta, sense comprom\u00eds!<\/p>\n<\/div><\/div><form class=\"w-form  layout_ver for_cform us_form_1\" autocomplete=\"off\" action=\"https:\/\/creantum.com\/ca\/wp-json\/wp\/v2\/pages\/52688\" method=\"post\"><div class=\"w-form-h\"><div class=\"w-form-row for_text required\">\n\t\t<div class=\"w-form-row-field\">\n\t\t\t\t\t\t<input aria-label=\"Nom i cognoms\" type=\"text\" name=\"us_form_1_text_1\" value placeholder=\"Nom i cognoms *\" data-required=\"true\" aria-required=\"true\"\/>\n\t\t\t<\/div>\n\t\t<div class=\"w-form-row-state\">Fill out this field<\/div>\n<\/div>\n<div class=\"w-form-row for_email required\">\n\t\t<div class=\"w-form-row-field\">\n\t\t\t\t\t\t<input aria-label=\"Correu electr\u00f2nic\" type=\"email\" name=\"us_form_1_email_1\" value placeholder=\"Correu electr\u00f2nic *\" data-required=\"true\" aria-required=\"true\"\/>\n\t\t\t<\/div>\n\t\t<div class=\"w-form-row-state\">Introdu\u00efu una adre\u00e7a electr\u00f2nica v\u00e0lida.<\/div>\n<\/div>\n<div class=\"w-form-row for_textarea required\">\n\t\t<div class=\"w-form-row-field\">\n\t\t\t\t\t\t<textarea aria-label=\"El teu missatge\" name=\"us_form_1_textarea_1\" placeholder=\"El teu missatge *\" data-required=\"true\" aria-required=\"true\"><\/textarea>\n\t\t\t<\/div>\n\t\t<div class=\"w-form-row-state\">Fill out this field<\/div>\n<\/div>\n<input type=\"hidden\" name=\"action\" value=\"us_ajax_cform\" \/>\n<input type=\"hidden\" name=\"post_id\" value=\"0\" \/>\n<input type=\"hidden\" name=\"form_index\" value=\"1\" \/>\n<div class=\"w-form-row for_submit  align_none\">\n\t<button class=\"w-btn  us-btn-style_1\" aria-label=\"Envia\" type=\"submit\">\n\t\t<span class=\"g-preloader type_1\"><\/span>\n\t\t\t\t<span class=\"w-btn-label\">Envia<\/span>\n\t\t\t<\/button>\n\t<\/div>\n<\/div><div class=\"w-form-message\"><\/div><div class=\"w-form-json hidden\" onclick='return {&quot;ajaxurl&quot;:&quot;https:\\\/\\\/creantum.com\\\/wp-admin\\\/admin-ajax.php&quot;,&quot;messages&quot;:{&quot;err_empty&quot;:&quot;Fill out this field&quot;,&quot;err_size&quot;:&quot;File size cannot exceed %s MB&quot;,&quot;err_extension&quot;:&quot;%s file type is not allowed&quot;}}'><\/div><\/form><\/div><\/div><\/div><\/div><\/div><\/section><section class=\"l-section wpb_row height_medium width_full\"><div class=\"l-section-overlay\" style=\"background:var(--color-header-top-text-hover)\"><\/div><div class=\"l-section-h i-cf\"><div class=\"g-cols vc_row via_flex valign_top type_default stacking_default\"><div class=\"vc_col-sm-6 wpb_column vc_column_container\"><div class=\"vc_column-inner\"><div class=\"wpb_wrapper\"><div class=\"wpb_text_column\"><div class=\"wpb_wrapper\"><p><span style=\"color: #ffffff;\"><strong>\u00a0 \u00a0 Contacta&#8217;ns<\/strong><\/span><\/p>\n<p><span style=\"color: #ffffff;\">\u00a0<span style=\"color: #999999;\">\u00a0 \u00a0<span style=\"color: #ffffff;\">613483911 \/ 679894620<\/span><\/span><\/span><\/p>\n<p><span style=\"color: #ffffff;\">\u00a0 \u00a0 <span style=\"color: #ffffff;\"><a style=\"color: #ffffff;\" href=\"mailto:hola@creantum.com\">hola@creantum.com<\/a><\/span><\/span><\/p>\n<\/div><\/div><div class=\"w-socials color_brand shape_square style_default hover_fade\"><div class=\"w-socials-list\"><div class=\"w-socials-item instagram\"><a class=\"w-socials-item-link\" href=\"https:\/\/www.instagram.com\/creantum_\/\" target=\"_blank\" rel=\"noopener nofollow\" title=\"Instagram\" aria-label=\"Instagram\"><span class=\"w-socials-item-link-hover\"><\/span><i class=\"fab fa-instagram\"><\/i><\/a><div class=\"w-socials-item-popup\"><span>Instagram<\/span><\/div><\/div><div class=\"w-socials-item linkedin\"><a class=\"w-socials-item-link\" href=\"https:\/\/www.linkedin.com\/company\/creantumgroup\/\" target=\"_blank\" rel=\"noopener nofollow\" title=\"LinkedIn\" aria-label=\"LinkedIn\"><span class=\"w-socials-item-link-hover\"><\/span><i class=\"fab fa-linkedin\"><\/i><\/a><div class=\"w-socials-item-popup\"><span>LinkedIn<\/span><\/div><\/div><div class=\"w-socials-item facebook\"><a class=\"w-socials-item-link\" href=\"https:\/\/www.facebook.com\/creantum\" target=\"_blank\" rel=\"noopener nofollow\" title=\"Facebook\" aria-label=\"Facebook\"><span class=\"w-socials-item-link-hover\"><\/span><i class=\"fab fa-facebook\"><\/i><\/a><div class=\"w-socials-item-popup\"><span>Facebook<\/span><\/div><\/div><\/div><\/div><\/div><\/div><\/div><div class=\"vc_col-sm-6 wpb_column vc_column_container\"><div class=\"vc_column-inner\"><div class=\"wpb_wrapper\"><div class=\"w-image align_center\"><div class=\"w-image-h\"><img loading=\"lazy\" decoding=\"async\" width=\"708\" height=\"236\" src=\"https:\/\/creantum.com\/wp-content\/uploads\/logo-peu.png\" class=\"attachment-full size-full\" alt=\"\" srcset=\"https:\/\/creantum.com\/wp-content\/uploads\/logo-peu.png 708w, https:\/\/creantum.com\/wp-content\/uploads\/logo-peu-300x100.png 300w\" sizes=\"(max-width: 708px) 100vw, 708px\" \/><\/div><\/div><\/div><\/div><\/div><\/div><\/div><\/section>\n","protected":false},"excerpt":{"rendered":"PERCUSSI\u00d3 La vida \u00e9s ritme. I el ritme compartit ho canvia tot. Experi\u00e8ncies vibrants on l\u2019equip connecta a trav\u00e9s de la m\u00fasica: percussi\u00f3 corporal, tambors, din\u00e0miques r\u00edtmiques amb diferents instruments\u2026 No cal experi\u00e8ncia pr\u00e8via, nom\u00e9s energia i ganes de sumar. En pocs minuts, el que eren individus es converteix en una tribu sincronitzada. Escolta, coordinaci\u00f3...","protected":false},"author":28887,"featured_media":0,"parent":0,"menu_order":0,"comment_status":"closed","ping_status":"closed","template":"","meta":{"footnotes":""},"class_list":["post-52688","page","type-page","status-publish","hentry"],"yoast_head":"<!-- This site is optimized with the Yoast SEO plugin v25.6 - https:\/\/yoast.com\/wordpress\/plugins\/seo\/ -->\n<title>Percussi\u00f3 - Creantum<\/title>\n<meta name=\"robots\" content=\"index, follow, max-snippet:-1, max-image-preview:large, max-video-preview:-1\" \/>\n<link rel=\"canonical\" href=\"https:\/\/creantum.com\/ca\/percussio\/\" \/>\n<meta property=\"og:locale\" content=\"ca_ES\" \/>\n<meta property=\"og:type\" content=\"article\" \/>\n<meta property=\"og:title\" content=\"Percussi\u00f3 - Creantum\" \/>\n<meta property=\"og:url\" content=\"https:\/\/creantum.com\/ca\/percussio\/\" \/>\n<meta property=\"og:site_name\" content=\"Creantum\" \/>\n<meta property=\"article:modified_time\" content=\"2026-03-09T19:54:10+00:00\" \/>\n<meta name=\"twitter:card\" content=\"summary_large_image\" \/>\n<meta name=\"twitter:label1\" content=\"Temps estimat de lectura\" \/>\n\t<meta name=\"twitter:data1\" content=\"2 minuts\" \/>\n<script type=\"application\/ld+json\" class=\"yoast-schema-graph\">{\"@context\":\"https:\/\/schema.org\",\"@graph\":[{\"@type\":\"WebPage\",\"@id\":\"https:\/\/creantum.com\/ca\/percussio\/\",\"url\":\"https:\/\/creantum.com\/ca\/percussio\/\",\"name\":\"Percussi\u00f3 - Creantum\",\"isPartOf\":{\"@id\":\"https:\/\/creantum.com\/#website\"},\"datePublished\":\"2026-03-04T16:26:50+00:00\",\"dateModified\":\"2026-03-09T19:54:10+00:00\",\"breadcrumb\":{\"@id\":\"https:\/\/creantum.com\/ca\/percussio\/#breadcrumb\"},\"inLanguage\":\"ca\",\"potentialAction\":[{\"@type\":\"ReadAction\",\"target\":[\"https:\/\/creantum.com\/ca\/percussio\/\"]}]},{\"@type\":\"BreadcrumbList\",\"@id\":\"https:\/\/creantum.com\/ca\/percussio\/#breadcrumb\",\"itemListElement\":[{\"@type\":\"ListItem\",\"position\":1,\"name\":\"Portada\",\"item\":\"https:\/\/creantum.com\/ca\/\"},{\"@type\":\"ListItem\",\"position\":2,\"name\":\"Percussi\u00f3\"}]},{\"@type\":\"WebSite\",\"@id\":\"https:\/\/creantum.com\/#website\",\"url\":\"https:\/\/creantum.com\/\",\"name\":\"Creantum\",\"description\":\"Consultor\u00eda estrat\u00e9gica y de RRHH en Barcelona y Girona\",\"potentialAction\":[{\"@type\":\"SearchAction\",\"target\":{\"@type\":\"EntryPoint\",\"urlTemplate\":\"https:\/\/creantum.com\/?s={search_term_string}\"},\"query-input\":{\"@type\":\"PropertyValueSpecification\",\"valueRequired\":true,\"valueName\":\"search_term_string\"}}],\"inLanguage\":\"ca\"}]}<\/script>\n<!-- \/ Yoast SEO plugin. -->","yoast_head_json":{"title":"Percussi\u00f3 - Creantum","robots":{"index":"index","follow":"follow","max-snippet":"max-snippet:-1","max-image-preview":"max-image-preview:large","max-video-preview":"max-video-preview:-1"},"canonical":"https:\/\/creantum.com\/ca\/percussio\/","og_locale":"ca_ES","og_type":"article","og_title":"Percussi\u00f3 - Creantum","og_url":"https:\/\/creantum.com\/ca\/percussio\/","og_site_name":"Creantum","article_modified_time":"2026-03-09T19:54:10+00:00","twitter_card":"summary_large_image","twitter_misc":{"Temps estimat de lectura":"2 minuts"},"schema":{"@context":"https:\/\/schema.org","@graph":[{"@type":"WebPage","@id":"https:\/\/creantum.com\/ca\/percussio\/","url":"https:\/\/creantum.com\/ca\/percussio\/","name":"Percussi\u00f3 - Creantum","isPartOf":{"@id":"https:\/\/creantum.com\/#website"},"datePublished":"2026-03-04T16:26:50+00:00","dateModified":"2026-03-09T19:54:10+00:00","breadcrumb":{"@id":"https:\/\/creantum.com\/ca\/percussio\/#breadcrumb"},"inLanguage":"ca","potentialAction":[{"@type":"ReadAction","target":["https:\/\/creantum.com\/ca\/percussio\/"]}]},{"@type":"BreadcrumbList","@id":"https:\/\/creantum.com\/ca\/percussio\/#breadcrumb","itemListElement":[{"@type":"ListItem","position":1,"name":"Portada","item":"https:\/\/creantum.com\/ca\/"},{"@type":"ListItem","position":2,"name":"Percussi\u00f3"}]},{"@type":"WebSite","@id":"https:\/\/creantum.com\/#website","url":"https:\/\/creantum.com\/","name":"Creantum","description":"Consultor\u00eda estrat\u00e9gica y de RRHH en Barcelona y Girona","potentialAction":[{"@type":"SearchAction","target":{"@type":"EntryPoint","urlTemplate":"https:\/\/creantum.com\/?s={search_term_string}"},"query-input":{"@type":"PropertyValueSpecification","valueRequired":true,"valueName":"search_term_string"}}],"inLanguage":"ca"}]}},"_links":{"self":[{"href":"https:\/\/creantum.com\/ca\/wp-json\/wp\/v2\/pages\/52688"}],"collection":[{"href":"https:\/\/creantum.com\/ca\/wp-json\/wp\/v2\/pages"}],"about":[{"href":"https:\/\/creantum.com\/ca\/wp-json\/wp\/v2\/types\/page"}],"author":[{"embeddable":true,"href":"https:\/\/creantum.com\/ca\/wp-json\/wp\/v2\/users\/28887"}],"replies":[{"embeddable":true,"href":"https:\/\/creantum.com\/ca\/wp-json\/wp\/v2\/comments?post=52688"}],"version-history":[{"count":5,"href":"https:\/\/creantum.com\/ca\/wp-json\/wp\/v2\/pages\/52688\/revisions"}],"predecessor-version":[{"id":52826,"href":"https:\/\/creantum.com\/ca\/wp-json\/wp\/v2\/pages\/52688\/revisions\/52826"}],"wp:attachment":[{"href":"https:\/\/creantum.com\/ca\/wp-json\/wp\/v2\/media?parent=52688"}],"curies":[{"name":"wp","href":"https:\/\/api.w.org\/{rel}","templated":true}]}}