{"id":52712,"date":"2026-03-04T17:01:18","date_gmt":"2026-03-04T17:01:18","guid":{"rendered":"https:\/\/creantum.com\/?page_id=52712"},"modified":"2026-03-09T19:58:15","modified_gmt":"2026-03-09T19:58:15","slug":"master-chef","status":"publish","type":"page","link":"https:\/\/creantum.com\/ca\/master-chef\/","title":{"rendered":"Master Chef"},"content":{"rendered":"<section class=\"l-section wpb_row height_medium full_height valign_center width_full with_img\"><div class=\"l-section-img\" style=\"background-image: url(https:\/\/creantum.com\/wp-content\/uploads\/7-1.png);\" data-img-width=\"1024\" data-img-height=\"1024\"><\/div><div class=\"l-section-h i-cf\"><div class=\"g-cols vc_row via_flex valign_top type_default stacking_default\"><div class=\"vc_col-sm-12 wpb_column vc_column_container\"><div class=\"vc_column-inner\"><div class=\"wpb_wrapper\"><\/div><\/div><\/div><\/div><\/div><\/section><section class=\"l-section wpb_row height_medium\"><div class=\"l-section-h i-cf\"><div class=\"g-cols vc_row via_flex valign_top type_default stacking_default\"><div class=\"vc_col-sm-12 wpb_column vc_column_container\"><div class=\"vc_column-inner\"><div class=\"wpb_wrapper\"><div class=\"wpb_text_column\"><div class=\"wpb_wrapper\"><h1 style=\"text-align: center;\">COMPETICI\u00d3 A LA CUINA<\/h1>\n<p style=\"text-align: center;\" data-start=\"184\" data-end=\"225\">Creativitat, competici\u00f3 i sabor en equip.<\/p>\n<p style=\"text-align: center;\" data-start=\"227\" data-end=\"523\">Una experi\u00e8ncia \u00fanica on els participants es converteixen en xefs per un dia. Oferim la millor experi\u00e8ncia participativa i culin\u00e0ria, combinant reptes de cuina, coordinaci\u00f3 i estrat\u00e8gia per preparar plats originals i competir com un veritable equip MasterChef.<\/p>\n<p style=\"text-align: center;\" data-start=\"525\" data-end=\"675\">Cada equip ha de planificar, organitzar-se i posar en pr\u00e0ctica les seves habilitats culin\u00e0ries mentre apr\u00e8n a comunicar-se i col\u00b7laborar sota pressi\u00f3.<\/p>\n<\/div><\/div><\/div><\/div><\/div><\/div><\/div><\/section><section class=\"l-section wpb_row height_medium\"><div class=\"l-section-overlay\" style=\"background:var(--color-content-link-hover)\"><\/div><div class=\"l-section-h i-cf\"><div class=\"g-cols vc_row via_flex valign_top type_default stacking_default\"><div class=\"vc_col-sm-6 wpb_column vc_column_container\"><div class=\"vc_column-inner\"><div class=\"wpb_wrapper\"><div class=\"w-image align_center\"><div class=\"w-image-h\"><img loading=\"lazy\" decoding=\"async\" width=\"770\" height=\"510\" src=\"https:\/\/creantum.com\/wp-content\/uploads\/noticias-web-shine-4-1.png\" class=\"attachment-full size-full\" alt=\"\" srcset=\"https:\/\/creantum.com\/wp-content\/uploads\/noticias-web-shine-4-1.png 770w, https:\/\/creantum.com\/wp-content\/uploads\/noticias-web-shine-4-1-300x199.png 300w\" sizes=\"(max-width: 770px) 100vw, 770px\" \/><\/div><\/div><\/div><\/div><\/div><div class=\"vc_col-sm-6 wpb_column vc_column_container\"><div class=\"vc_column-inner\"><div class=\"wpb_wrapper\"><div class=\"wpb_text_column\"><div class=\"wpb_wrapper\"><h3 data-start=\"751\" data-end=\"779\"><strong data-start=\"755\" data-end=\"779\">Qu\u00e8 treballa l\u2019equip<\/strong><\/h3>\n<p data-start=\"781\" data-end=\"957\">\u2714 Coordinaci\u00f3 i planificaci\u00f3 en equips<br data-start=\"787\" data-end=\"790\" \/>\u2714 Gesti\u00f3 del temps i presa de decisions r\u00e0pida<br data-start=\"836\" data-end=\"839\" \/>\u2714 Comunicaci\u00f3 clara i cooperaci\u00f3 activa<br data-start=\"878\" data-end=\"881\" \/>\u2714 Treball col\u00b7laboratiu amb objectiu com\u00fa<\/p>\n<h3 data-start=\"964\" data-end=\"988\"><strong data-start=\"968\" data-end=\"988\">Caracter\u00edstiques<\/strong><\/h3>\n<p data-start=\"990\" data-end=\"1153\"><strong data-start=\"957\" data-end=\"968\">Durada:<\/strong> 90 minuts<br data-start=\"991\" data-end=\"994\" \/><strong data-start=\"994\" data-end=\"1011\">Participants:<\/strong> adaptable a grups mitjans i grans<br data-start=\"1045\" data-end=\"1048\" \/><strong data-start=\"1048\" data-end=\"1059\">Format:<\/strong> interior amb cuina equipada o exterior adaptat<\/p>\n<\/div><\/div><\/div><\/div><\/div><div class=\"vc_col-sm-12 wpb_column vc_column_container\"><div class=\"vc_column-inner\"><div class=\"wpb_wrapper\"><div class=\"w-separator size_small\"><\/div><div class=\"wpb_text_column\"><div class=\"wpb_wrapper\"><h4 style=\"text-align: center;\">Quan l\u2019equip crea, cuina i competeix junts, el resultat \u00e9s molt m\u00e9s que un plat: \u00e9s una experi\u00e8ncia que uneix.<\/h4>\n<\/div><\/div><\/div><\/div><\/div><\/div><\/div><\/section><section class=\"l-section wpb_row height_medium\"><div class=\"l-section-h i-cf\"><div class=\"g-cols vc_row via_flex valign_top type_default stacking_default\"><div class=\"vc_col-sm-12 wpb_column vc_column_container\"><div class=\"vc_column-inner\"><div class=\"wpb_wrapper\"><div class=\"wpb_text_column\"><div class=\"wpb_wrapper\"><h2>Tens ganes de saber-ne m\u00e9s?<\/h2>\n<p>Posa&#8217;t en contacte amb nosaltres. En menys de 24h tindr\u00e0s una resposta, sense comprom\u00eds!<\/p>\n<\/div><\/div><form class=\"w-form  layout_ver for_cform us_form_1\" autocomplete=\"off\" action=\"https:\/\/creantum.com\/ca\/wp-json\/wp\/v2\/pages\/52712\" method=\"post\"><div class=\"w-form-h\"><div class=\"w-form-row for_text required\">\n\t\t<div class=\"w-form-row-field\">\n\t\t\t\t\t\t<input aria-label=\"Nom i cognoms\" type=\"text\" name=\"us_form_1_text_1\" value placeholder=\"Nom i cognoms *\" data-required=\"true\" aria-required=\"true\"\/>\n\t\t\t<\/div>\n\t\t<div class=\"w-form-row-state\">Fill out this field<\/div>\n<\/div>\n<div class=\"w-form-row for_email required\">\n\t\t<div class=\"w-form-row-field\">\n\t\t\t\t\t\t<input aria-label=\"Correu electr\u00f2nic\" type=\"email\" name=\"us_form_1_email_1\" value placeholder=\"Correu electr\u00f2nic *\" data-required=\"true\" aria-required=\"true\"\/>\n\t\t\t<\/div>\n\t\t<div class=\"w-form-row-state\">Introdu\u00efu una adre\u00e7a electr\u00f2nica v\u00e0lida.<\/div>\n<\/div>\n<div class=\"w-form-row for_textarea required\">\n\t\t<div class=\"w-form-row-field\">\n\t\t\t\t\t\t<textarea aria-label=\"El teu missatge\" name=\"us_form_1_textarea_1\" placeholder=\"El teu missatge *\" data-required=\"true\" aria-required=\"true\"><\/textarea>\n\t\t\t<\/div>\n\t\t<div class=\"w-form-row-state\">Fill out this field<\/div>\n<\/div>\n<input type=\"hidden\" name=\"action\" value=\"us_ajax_cform\" \/>\n<input type=\"hidden\" name=\"post_id\" value=\"0\" \/>\n<input type=\"hidden\" name=\"form_index\" value=\"1\" \/>\n<div class=\"w-form-row for_submit  align_none\">\n\t<button class=\"w-btn  us-btn-style_1\" aria-label=\"Envia\" type=\"submit\">\n\t\t<span class=\"g-preloader type_1\"><\/span>\n\t\t\t\t<span class=\"w-btn-label\">Envia<\/span>\n\t\t\t<\/button>\n\t<\/div>\n<\/div><div class=\"w-form-message\"><\/div><div class=\"w-form-json hidden\" onclick='return {&quot;ajaxurl&quot;:&quot;https:\\\/\\\/creantum.com\\\/wp-admin\\\/admin-ajax.php&quot;,&quot;messages&quot;:{&quot;err_empty&quot;:&quot;Fill out this field&quot;,&quot;err_size&quot;:&quot;File size cannot exceed %s MB&quot;,&quot;err_extension&quot;:&quot;%s file type is not allowed&quot;}}'><\/div><\/form><\/div><\/div><\/div><\/div><\/div><\/section><section class=\"l-section wpb_row height_medium width_full\"><div class=\"l-section-overlay\" style=\"background:var(--color-header-top-text-hover)\"><\/div><div class=\"l-section-h i-cf\"><div class=\"g-cols vc_row via_flex valign_top type_default stacking_default\"><div class=\"vc_col-sm-6 wpb_column vc_column_container\"><div class=\"vc_column-inner\"><div class=\"wpb_wrapper\"><div class=\"wpb_text_column\"><div class=\"wpb_wrapper\"><p><span style=\"color: #ffffff;\"><strong>\u00a0 \u00a0 Contacta&#8217;ns<\/strong><\/span><\/p>\n<p><span style=\"color: #ffffff;\">\u00a0<span style=\"color: #999999;\">\u00a0 <span style=\"color: #ffffff;\">\u00a0613483911 \/ 679894620<\/span><\/span><\/span><\/p>\n<p><span style=\"color: #ffffff;\">\u00a0 \u00a0 <span style=\"color: #ffffff;\"><a style=\"color: #ffffff;\" href=\"mailto:hola@creantum.com\">hola@creantum.com<\/a><\/span><\/span><\/p>\n<\/div><\/div><div class=\"w-socials color_brand shape_square style_default hover_fade\"><div class=\"w-socials-list\"><div class=\"w-socials-item instagram\"><a class=\"w-socials-item-link\" href=\"https:\/\/www.instagram.com\/creantum_\/\" target=\"_blank\" rel=\"noopener nofollow\" title=\"Instagram\" aria-label=\"Instagram\"><span class=\"w-socials-item-link-hover\"><\/span><i class=\"fab fa-instagram\"><\/i><\/a><div class=\"w-socials-item-popup\"><span>Instagram<\/span><\/div><\/div><div class=\"w-socials-item linkedin\"><a class=\"w-socials-item-link\" href=\"https:\/\/www.linkedin.com\/company\/creantumgroup\/\" target=\"_blank\" rel=\"noopener nofollow\" title=\"LinkedIn\" aria-label=\"LinkedIn\"><span class=\"w-socials-item-link-hover\"><\/span><i class=\"fab fa-linkedin\"><\/i><\/a><div class=\"w-socials-item-popup\"><span>LinkedIn<\/span><\/div><\/div><div class=\"w-socials-item facebook\"><a class=\"w-socials-item-link\" href=\"https:\/\/www.facebook.com\/creantum\" target=\"_blank\" rel=\"noopener nofollow\" title=\"Facebook\" aria-label=\"Facebook\"><span class=\"w-socials-item-link-hover\"><\/span><i class=\"fab fa-facebook\"><\/i><\/a><div class=\"w-socials-item-popup\"><span>Facebook<\/span><\/div><\/div><\/div><\/div><\/div><\/div><\/div><div class=\"vc_col-sm-6 wpb_column vc_column_container\"><div class=\"vc_column-inner\"><div class=\"wpb_wrapper\"><div class=\"w-image align_center\"><div class=\"w-image-h\"><img loading=\"lazy\" decoding=\"async\" width=\"708\" height=\"236\" src=\"https:\/\/creantum.com\/wp-content\/uploads\/logo-peu.png\" class=\"attachment-full size-full\" alt=\"\" srcset=\"https:\/\/creantum.com\/wp-content\/uploads\/logo-peu.png 708w, https:\/\/creantum.com\/wp-content\/uploads\/logo-peu-300x100.png 300w\" sizes=\"(max-width: 708px) 100vw, 708px\" \/><\/div><\/div><\/div><\/div><\/div><\/div><\/div><\/section>\n","protected":false},"excerpt":{"rendered":"COMPETICI\u00d3 A LA CUINA Creativitat, competici\u00f3 i sabor en equip. Una experi\u00e8ncia \u00fanica on els participants es converteixen en xefs per un dia. Oferim la millor experi\u00e8ncia participativa i culin\u00e0ria, combinant reptes de cuina, coordinaci\u00f3 i estrat\u00e8gia per preparar plats originals i competir com un veritable equip MasterChef. Cada equip ha de planificar, organitzar-se i...","protected":false},"author":28887,"featured_media":0,"parent":0,"menu_order":0,"comment_status":"closed","ping_status":"closed","template":"","meta":{"footnotes":""},"class_list":["post-52712","page","type-page","status-publish","hentry"],"yoast_head":"<!-- This site is optimized with the Yoast SEO plugin v25.6 - https:\/\/yoast.com\/wordpress\/plugins\/seo\/ -->\n<title>Master Chef - Creantum<\/title>\n<meta name=\"robots\" content=\"index, follow, max-snippet:-1, max-image-preview:large, max-video-preview:-1\" \/>\n<link rel=\"canonical\" href=\"https:\/\/creantum.com\/ca\/master-chef\/\" \/>\n<meta property=\"og:locale\" content=\"ca_ES\" \/>\n<meta property=\"og:type\" content=\"article\" \/>\n<meta property=\"og:title\" content=\"Master Chef - Creantum\" \/>\n<meta property=\"og:url\" content=\"https:\/\/creantum.com\/ca\/master-chef\/\" \/>\n<meta property=\"og:site_name\" content=\"Creantum\" \/>\n<meta property=\"article:modified_time\" content=\"2026-03-09T19:58:15+00:00\" \/>\n<meta name=\"twitter:card\" content=\"summary_large_image\" \/>\n<meta name=\"twitter:label1\" content=\"Temps estimat de lectura\" \/>\n\t<meta name=\"twitter:data1\" content=\"2 minuts\" \/>\n<script type=\"application\/ld+json\" class=\"yoast-schema-graph\">{\"@context\":\"https:\/\/schema.org\",\"@graph\":[{\"@type\":\"WebPage\",\"@id\":\"https:\/\/creantum.com\/ca\/master-chef\/\",\"url\":\"https:\/\/creantum.com\/ca\/master-chef\/\",\"name\":\"Master Chef - Creantum\",\"isPartOf\":{\"@id\":\"https:\/\/creantum.com\/#website\"},\"datePublished\":\"2026-03-04T17:01:18+00:00\",\"dateModified\":\"2026-03-09T19:58:15+00:00\",\"breadcrumb\":{\"@id\":\"https:\/\/creantum.com\/ca\/master-chef\/#breadcrumb\"},\"inLanguage\":\"ca\",\"potentialAction\":[{\"@type\":\"ReadAction\",\"target\":[\"https:\/\/creantum.com\/ca\/master-chef\/\"]}]},{\"@type\":\"BreadcrumbList\",\"@id\":\"https:\/\/creantum.com\/ca\/master-chef\/#breadcrumb\",\"itemListElement\":[{\"@type\":\"ListItem\",\"position\":1,\"name\":\"Portada\",\"item\":\"https:\/\/creantum.com\/ca\/\"},{\"@type\":\"ListItem\",\"position\":2,\"name\":\"Master Chef\"}]},{\"@type\":\"WebSite\",\"@id\":\"https:\/\/creantum.com\/#website\",\"url\":\"https:\/\/creantum.com\/\",\"name\":\"Creantum\",\"description\":\"Consultor\u00eda estrat\u00e9gica y de RRHH en Barcelona y Girona\",\"potentialAction\":[{\"@type\":\"SearchAction\",\"target\":{\"@type\":\"EntryPoint\",\"urlTemplate\":\"https:\/\/creantum.com\/?s={search_term_string}\"},\"query-input\":{\"@type\":\"PropertyValueSpecification\",\"valueRequired\":true,\"valueName\":\"search_term_string\"}}],\"inLanguage\":\"ca\"}]}<\/script>\n<!-- \/ Yoast SEO plugin. -->","yoast_head_json":{"title":"Master Chef - Creantum","robots":{"index":"index","follow":"follow","max-snippet":"max-snippet:-1","max-image-preview":"max-image-preview:large","max-video-preview":"max-video-preview:-1"},"canonical":"https:\/\/creantum.com\/ca\/master-chef\/","og_locale":"ca_ES","og_type":"article","og_title":"Master Chef - Creantum","og_url":"https:\/\/creantum.com\/ca\/master-chef\/","og_site_name":"Creantum","article_modified_time":"2026-03-09T19:58:15+00:00","twitter_card":"summary_large_image","twitter_misc":{"Temps estimat de lectura":"2 minuts"},"schema":{"@context":"https:\/\/schema.org","@graph":[{"@type":"WebPage","@id":"https:\/\/creantum.com\/ca\/master-chef\/","url":"https:\/\/creantum.com\/ca\/master-chef\/","name":"Master Chef - Creantum","isPartOf":{"@id":"https:\/\/creantum.com\/#website"},"datePublished":"2026-03-04T17:01:18+00:00","dateModified":"2026-03-09T19:58:15+00:00","breadcrumb":{"@id":"https:\/\/creantum.com\/ca\/master-chef\/#breadcrumb"},"inLanguage":"ca","potentialAction":[{"@type":"ReadAction","target":["https:\/\/creantum.com\/ca\/master-chef\/"]}]},{"@type":"BreadcrumbList","@id":"https:\/\/creantum.com\/ca\/master-chef\/#breadcrumb","itemListElement":[{"@type":"ListItem","position":1,"name":"Portada","item":"https:\/\/creantum.com\/ca\/"},{"@type":"ListItem","position":2,"name":"Master Chef"}]},{"@type":"WebSite","@id":"https:\/\/creantum.com\/#website","url":"https:\/\/creantum.com\/","name":"Creantum","description":"Consultor\u00eda estrat\u00e9gica y de RRHH en Barcelona y Girona","potentialAction":[{"@type":"SearchAction","target":{"@type":"EntryPoint","urlTemplate":"https:\/\/creantum.com\/?s={search_term_string}"},"query-input":{"@type":"PropertyValueSpecification","valueRequired":true,"valueName":"search_term_string"}}],"inLanguage":"ca"}]}},"_links":{"self":[{"href":"https:\/\/creantum.com\/ca\/wp-json\/wp\/v2\/pages\/52712"}],"collection":[{"href":"https:\/\/creantum.com\/ca\/wp-json\/wp\/v2\/pages"}],"about":[{"href":"https:\/\/creantum.com\/ca\/wp-json\/wp\/v2\/types\/page"}],"author":[{"embeddable":true,"href":"https:\/\/creantum.com\/ca\/wp-json\/wp\/v2\/users\/28887"}],"replies":[{"embeddable":true,"href":"https:\/\/creantum.com\/ca\/wp-json\/wp\/v2\/comments?post=52712"}],"version-history":[{"count":4,"href":"https:\/\/creantum.com\/ca\/wp-json\/wp\/v2\/pages\/52712\/revisions"}],"predecessor-version":[{"id":52831,"href":"https:\/\/creantum.com\/ca\/wp-json\/wp\/v2\/pages\/52712\/revisions\/52831"}],"wp:attachment":[{"href":"https:\/\/creantum.com\/ca\/wp-json\/wp\/v2\/media?parent=52712"}],"curies":[{"name":"wp","href":"https:\/\/api.w.org\/{rel}","templated":true}]}}