{"id":52743,"date":"2026-03-04T17:46:47","date_gmt":"2026-03-04T17:46:47","guid":{"rendered":"https:\/\/creantum.com\/?page_id=52743"},"modified":"2026-03-09T19:52:53","modified_gmt":"2026-03-09T19:52:53","slug":"marxa-nordica","status":"publish","type":"page","link":"https:\/\/creantum.com\/ca\/marxa-nordica\/","title":{"rendered":"Haka"},"content":{"rendered":"<section class=\"l-section wpb_row height_medium full_height valign_center width_full with_img\"><div class=\"l-section-img\" style=\"background-image: url(https:\/\/creantum.com\/wp-content\/uploads\/6-1.png);background-position: center left;\" data-img-width=\"1024\" data-img-height=\"1024\"><\/div><div class=\"l-section-h i-cf\"><div class=\"g-cols vc_row via_flex valign_top type_default stacking_default\"><div class=\"vc_col-sm-12 wpb_column vc_column_container\"><div class=\"vc_column-inner\"><div class=\"wpb_wrapper\"><\/div><\/div><\/div><\/div><\/div><\/section><section class=\"l-section wpb_row height_medium\"><div class=\"l-section-h i-cf\"><div class=\"g-cols vc_row via_flex valign_top type_default stacking_default\"><div class=\"vc_col-sm-12 wpb_column vc_column_container\"><div class=\"vc_column-inner\"><div class=\"wpb_wrapper\"><div class=\"wpb_text_column\"><div class=\"wpb_wrapper\"><h1 style=\"text-align: center;\">EQUIP HAKA<\/h1>\n<p style=\"text-align: center;\" data-start=\"91\" data-end=\"123\">Energia, for\u00e7a i orgull d\u2019equip.<\/p>\n<p style=\"text-align: center;\" data-start=\"125\" data-end=\"432\">Inspirat en la tradici\u00f3 maor\u00ed, aquest taller convida l\u2019equip a descobrir el poder del Haka com a expressi\u00f3 col\u00b7lectiva de for\u00e7a, unitat i identitat. A trav\u00e9s del ritme, el moviment i la veu, els participants construeixen una coreografia compartida que simbolitza la cohesi\u00f3 i l\u2019orgull de pertinen\u00e7a al grup.<\/p>\n<p style=\"text-align: center;\" data-start=\"434\" data-end=\"517\">Una experi\u00e8ncia intensa i carregada d\u2019energia que connecta emoci\u00f3, cultura i equip.<\/p>\n<\/div><\/div><\/div><\/div><\/div><\/div><\/div><\/section><section class=\"l-section wpb_row height_medium\"><div class=\"l-section-overlay\" style=\"background:var(--color-content-link-hover)\"><\/div><div class=\"l-section-h i-cf\"><div class=\"g-cols vc_row via_flex valign_top type_default stacking_default\"><div class=\"vc_col-sm-6 wpb_column vc_column_container\"><div class=\"vc_column-inner\"><div class=\"wpb_wrapper\"><div class=\"w-image has_ratio align_center\"><div class=\"w-image-h\"><div style=\"padding-bottom:66.6667%\"><\/div><img loading=\"lazy\" decoding=\"async\" width=\"886\" height=\"590\" src=\"https:\/\/creantum.com\/wp-content\/uploads\/Te-Ropu-o-Muriwhenua-Danze-tradizionali-Maori-2.jpg\" class=\"attachment-large size-large\" alt=\"\" srcset=\"https:\/\/creantum.com\/wp-content\/uploads\/Te-Ropu-o-Muriwhenua-Danze-tradizionali-Maori-2.jpg 886w, https:\/\/creantum.com\/wp-content\/uploads\/Te-Ropu-o-Muriwhenua-Danze-tradizionali-Maori-2-300x200.jpg 300w\" sizes=\"(max-width: 886px) 100vw, 886px\" \/><\/div><\/div><\/div><\/div><\/div><div class=\"vc_col-sm-6 wpb_column vc_column_container\"><div class=\"vc_column-inner\"><div class=\"wpb_wrapper\"><div class=\"wpb_text_column\"><div class=\"wpb_wrapper\"><h3 data-start=\"751\" data-end=\"779\"><strong data-start=\"755\" data-end=\"779\">Qu\u00e8 treballa l\u2019equip<\/strong><\/h3>\n<p data-start=\"781\" data-end=\"957\">\u2714 Sentiment de pertinen\u00e7a i identitat d\u2019equip<br data-start=\"599\" data-end=\"602\" \/>\u2714 Energia col\u00b7lectiva i motivaci\u00f3 compartida<br data-start=\"683\" data-end=\"686\" \/>\u2714 Confian\u00e7a i suport mutu<br data-start=\"711\" data-end=\"714\" \/>\u2714 Lideratge i pres\u00e8ncia davant del grup<\/p>\n<h3 data-section-id=\"m05z3a\" data-start=\"762\" data-end=\"786\"><strong data-start=\"766\" data-end=\"786\">Caracter\u00edstiques<\/strong><\/h3>\n<p data-start=\"788\" data-end=\"971\"><strong data-start=\"788\" data-end=\"799\">Durada:<\/strong> 60 minuts<br data-start=\"814\" data-end=\"817\" \/><strong data-start=\"817\" data-end=\"834\">Participants:<\/strong> adaptable a grups mitjans i grans<br data-start=\"868\" data-end=\"871\" \/><strong data-start=\"871\" data-end=\"882\">Format:<\/strong> interior o exterior<br data-start=\"902\" data-end=\"905\" \/><strong data-start=\"905\" data-end=\"919\">Tipologia:<\/strong> taller participatiu inspirat en la tradici\u00f3 maor\u00ed<\/p>\n<\/div><\/div><\/div><\/div><\/div><div class=\"vc_col-sm-12 wpb_column vc_column_container\"><div class=\"vc_column-inner\"><div class=\"wpb_wrapper\"><div class=\"w-separator size_small\"><\/div><div class=\"wpb_text_column\"><div class=\"wpb_wrapper\"><h4 style=\"text-align: center;\">Una veu pot cridar, per\u00f2 un equip unit pot fer tremolar el terra.<\/h4>\n<\/div><\/div><\/div><\/div><\/div><\/div><\/div><\/section><section class=\"l-section wpb_row height_medium\"><div class=\"l-section-h i-cf\"><div class=\"g-cols vc_row via_flex valign_top type_default stacking_default\"><div class=\"vc_col-sm-12 wpb_column vc_column_container\"><div class=\"vc_column-inner\"><div class=\"wpb_wrapper\"><div class=\"wpb_text_column\"><div class=\"wpb_wrapper\"><h2>Tens ganes de saber-ne m\u00e9s?<\/h2>\n<p>Posa&#8217;t en contacte amb nosaltres. En menys de 24h tindr\u00e0s una resposta, sense comprom\u00eds!<\/p>\n<\/div><\/div><form class=\"w-form  layout_ver for_cform us_form_1\" autocomplete=\"off\" action=\"https:\/\/creantum.com\/ca\/wp-json\/wp\/v2\/pages\/52743\" method=\"post\"><div class=\"w-form-h\"><div class=\"w-form-row for_text required\">\n\t\t<div class=\"w-form-row-field\">\n\t\t\t\t\t\t<input aria-label=\"Nom i cognoms\" type=\"text\" name=\"us_form_1_text_1\" value placeholder=\"Nom i cognoms *\" data-required=\"true\" aria-required=\"true\"\/>\n\t\t\t<\/div>\n\t\t<div class=\"w-form-row-state\">Fill out this field<\/div>\n<\/div>\n<div class=\"w-form-row for_email required\">\n\t\t<div class=\"w-form-row-field\">\n\t\t\t\t\t\t<input aria-label=\"Correu electr\u00f2nic\" type=\"email\" name=\"us_form_1_email_1\" value placeholder=\"Correu electr\u00f2nic *\" data-required=\"true\" aria-required=\"true\"\/>\n\t\t\t<\/div>\n\t\t<div class=\"w-form-row-state\">Introdu\u00efu una adre\u00e7a electr\u00f2nica v\u00e0lida.<\/div>\n<\/div>\n<div class=\"w-form-row for_textarea required\">\n\t\t<div class=\"w-form-row-field\">\n\t\t\t\t\t\t<textarea aria-label=\"El teu missatge\" name=\"us_form_1_textarea_1\" placeholder=\"El teu missatge *\" data-required=\"true\" aria-required=\"true\"><\/textarea>\n\t\t\t<\/div>\n\t\t<div class=\"w-form-row-state\">Fill out this field<\/div>\n<\/div>\n<input type=\"hidden\" name=\"action\" value=\"us_ajax_cform\" \/>\n<input type=\"hidden\" name=\"post_id\" value=\"0\" \/>\n<input type=\"hidden\" name=\"form_index\" value=\"1\" \/>\n<div class=\"w-form-row for_submit  align_none\">\n\t<button class=\"w-btn  us-btn-style_1\" aria-label=\"Envia\" type=\"submit\">\n\t\t<span class=\"g-preloader type_1\"><\/span>\n\t\t\t\t<span class=\"w-btn-label\">Envia<\/span>\n\t\t\t<\/button>\n\t<\/div>\n<\/div><div class=\"w-form-message\"><\/div><div class=\"w-form-json hidden\" onclick='return {&quot;ajaxurl&quot;:&quot;https:\\\/\\\/creantum.com\\\/wp-admin\\\/admin-ajax.php&quot;,&quot;messages&quot;:{&quot;err_empty&quot;:&quot;Fill out this field&quot;,&quot;err_size&quot;:&quot;File size cannot exceed %s MB&quot;,&quot;err_extension&quot;:&quot;%s file type is not allowed&quot;}}'><\/div><\/form><\/div><\/div><\/div><\/div><\/div><\/section><section class=\"l-section wpb_row height_medium width_full\"><div class=\"l-section-overlay\" style=\"background:var(--color-header-top-text-hover)\"><\/div><div class=\"l-section-h i-cf\"><div class=\"g-cols vc_row via_flex valign_top type_default stacking_default\"><div class=\"vc_col-sm-6 wpb_column vc_column_container\"><div class=\"vc_column-inner\"><div class=\"wpb_wrapper\"><div class=\"wpb_text_column\"><div class=\"wpb_wrapper\"><p><span style=\"color: #ffffff;\"><strong>\u00a0 \u00a0 Contacta&#8217;ns<\/strong><\/span><\/p>\n<p><span style=\"color: #999999;\">\u00a0 \u00a0 <span style=\"color: #ffffff;\">613483911 \/ 679894620<\/span><\/span><\/p>\n<p><a href=\"mailto:hola@creantum.com\"><span style=\"color: #ffffff;\">\u00a0 \u00a0 hola@creantum.com<\/span><\/a><\/p>\n<\/div><\/div><div class=\"w-socials color_brand shape_square style_default hover_fade\"><div class=\"w-socials-list\"><div class=\"w-socials-item instagram\"><a class=\"w-socials-item-link\" href=\"https:\/\/www.instagram.com\/creantum_\/\" target=\"_blank\" rel=\"noopener nofollow\" title=\"Instagram\" aria-label=\"Instagram\"><span class=\"w-socials-item-link-hover\"><\/span><i class=\"fab fa-instagram\"><\/i><\/a><div class=\"w-socials-item-popup\"><span>Instagram<\/span><\/div><\/div><div class=\"w-socials-item linkedin\"><a class=\"w-socials-item-link\" href=\"https:\/\/www.linkedin.com\/company\/creantumgroup\/\" target=\"_blank\" rel=\"noopener nofollow\" title=\"LinkedIn\" aria-label=\"LinkedIn\"><span class=\"w-socials-item-link-hover\"><\/span><i class=\"fab fa-linkedin\"><\/i><\/a><div class=\"w-socials-item-popup\"><span>LinkedIn<\/span><\/div><\/div><div class=\"w-socials-item facebook\"><a class=\"w-socials-item-link\" href=\"https:\/\/www.facebook.com\/creantum\" target=\"_blank\" rel=\"noopener nofollow\" title=\"Facebook\" aria-label=\"Facebook\"><span class=\"w-socials-item-link-hover\"><\/span><i class=\"fab fa-facebook\"><\/i><\/a><div class=\"w-socials-item-popup\"><span>Facebook<\/span><\/div><\/div><\/div><\/div><\/div><\/div><\/div><div class=\"vc_col-sm-6 wpb_column vc_column_container\"><div class=\"vc_column-inner\"><div class=\"wpb_wrapper\"><div class=\"w-image align_center\"><div class=\"w-image-h\"><img loading=\"lazy\" decoding=\"async\" width=\"708\" height=\"236\" src=\"https:\/\/creantum.com\/wp-content\/uploads\/logo-peu.png\" class=\"attachment-full size-full\" alt=\"\" srcset=\"https:\/\/creantum.com\/wp-content\/uploads\/logo-peu.png 708w, https:\/\/creantum.com\/wp-content\/uploads\/logo-peu-300x100.png 300w\" sizes=\"(max-width: 708px) 100vw, 708px\" \/><\/div><\/div><\/div><\/div><\/div><\/div><\/div><\/section>\n","protected":false},"excerpt":{"rendered":"EQUIP HAKA Energia, for\u00e7a i orgull d\u2019equip. Inspirat en la tradici\u00f3 maor\u00ed, aquest taller convida l\u2019equip a descobrir el poder del Haka com a expressi\u00f3 col\u00b7lectiva de for\u00e7a, unitat i identitat. A trav\u00e9s del ritme, el moviment i la veu, els participants construeixen una coreografia compartida que simbolitza la cohesi\u00f3 i l\u2019orgull de pertinen\u00e7a al...","protected":false},"author":28887,"featured_media":0,"parent":0,"menu_order":0,"comment_status":"closed","ping_status":"closed","template":"","meta":{"footnotes":""},"class_list":["post-52743","page","type-page","status-publish","hentry"],"yoast_head":"<!-- This site is optimized with the Yoast SEO plugin v25.6 - https:\/\/yoast.com\/wordpress\/plugins\/seo\/ -->\n<title>Haka - Creantum<\/title>\n<meta name=\"robots\" content=\"index, follow, max-snippet:-1, max-image-preview:large, max-video-preview:-1\" \/>\n<link rel=\"canonical\" href=\"https:\/\/creantum.com\/ca\/marxa-nordica\/\" \/>\n<meta property=\"og:locale\" content=\"ca_ES\" \/>\n<meta property=\"og:type\" content=\"article\" \/>\n<meta property=\"og:title\" content=\"Haka - Creantum\" \/>\n<meta property=\"og:url\" content=\"https:\/\/creantum.com\/ca\/marxa-nordica\/\" \/>\n<meta property=\"og:site_name\" content=\"Creantum\" \/>\n<meta property=\"article:modified_time\" content=\"2026-03-09T19:52:53+00:00\" \/>\n<meta name=\"twitter:card\" content=\"summary_large_image\" \/>\n<meta name=\"twitter:label1\" content=\"Temps estimat de lectura\" \/>\n\t<meta name=\"twitter:data1\" content=\"1 minut\" \/>\n<script type=\"application\/ld+json\" class=\"yoast-schema-graph\">{\"@context\":\"https:\/\/schema.org\",\"@graph\":[{\"@type\":\"WebPage\",\"@id\":\"https:\/\/creantum.com\/ca\/marxa-nordica\/\",\"url\":\"https:\/\/creantum.com\/ca\/marxa-nordica\/\",\"name\":\"Haka - Creantum\",\"isPartOf\":{\"@id\":\"https:\/\/creantum.com\/#website\"},\"datePublished\":\"2026-03-04T17:46:47+00:00\",\"dateModified\":\"2026-03-09T19:52:53+00:00\",\"breadcrumb\":{\"@id\":\"https:\/\/creantum.com\/ca\/marxa-nordica\/#breadcrumb\"},\"inLanguage\":\"ca\",\"potentialAction\":[{\"@type\":\"ReadAction\",\"target\":[\"https:\/\/creantum.com\/ca\/marxa-nordica\/\"]}]},{\"@type\":\"BreadcrumbList\",\"@id\":\"https:\/\/creantum.com\/ca\/marxa-nordica\/#breadcrumb\",\"itemListElement\":[{\"@type\":\"ListItem\",\"position\":1,\"name\":\"Portada\",\"item\":\"https:\/\/creantum.com\/ca\/\"},{\"@type\":\"ListItem\",\"position\":2,\"name\":\"Haka\"}]},{\"@type\":\"WebSite\",\"@id\":\"https:\/\/creantum.com\/#website\",\"url\":\"https:\/\/creantum.com\/\",\"name\":\"Creantum\",\"description\":\"Consultor\u00eda estrat\u00e9gica y de RRHH en Barcelona y Girona\",\"potentialAction\":[{\"@type\":\"SearchAction\",\"target\":{\"@type\":\"EntryPoint\",\"urlTemplate\":\"https:\/\/creantum.com\/?s={search_term_string}\"},\"query-input\":{\"@type\":\"PropertyValueSpecification\",\"valueRequired\":true,\"valueName\":\"search_term_string\"}}],\"inLanguage\":\"ca\"}]}<\/script>\n<!-- \/ Yoast SEO plugin. -->","yoast_head_json":{"title":"Haka - Creantum","robots":{"index":"index","follow":"follow","max-snippet":"max-snippet:-1","max-image-preview":"max-image-preview:large","max-video-preview":"max-video-preview:-1"},"canonical":"https:\/\/creantum.com\/ca\/marxa-nordica\/","og_locale":"ca_ES","og_type":"article","og_title":"Haka - Creantum","og_url":"https:\/\/creantum.com\/ca\/marxa-nordica\/","og_site_name":"Creantum","article_modified_time":"2026-03-09T19:52:53+00:00","twitter_card":"summary_large_image","twitter_misc":{"Temps estimat de lectura":"1 minut"},"schema":{"@context":"https:\/\/schema.org","@graph":[{"@type":"WebPage","@id":"https:\/\/creantum.com\/ca\/marxa-nordica\/","url":"https:\/\/creantum.com\/ca\/marxa-nordica\/","name":"Haka - Creantum","isPartOf":{"@id":"https:\/\/creantum.com\/#website"},"datePublished":"2026-03-04T17:46:47+00:00","dateModified":"2026-03-09T19:52:53+00:00","breadcrumb":{"@id":"https:\/\/creantum.com\/ca\/marxa-nordica\/#breadcrumb"},"inLanguage":"ca","potentialAction":[{"@type":"ReadAction","target":["https:\/\/creantum.com\/ca\/marxa-nordica\/"]}]},{"@type":"BreadcrumbList","@id":"https:\/\/creantum.com\/ca\/marxa-nordica\/#breadcrumb","itemListElement":[{"@type":"ListItem","position":1,"name":"Portada","item":"https:\/\/creantum.com\/ca\/"},{"@type":"ListItem","position":2,"name":"Haka"}]},{"@type":"WebSite","@id":"https:\/\/creantum.com\/#website","url":"https:\/\/creantum.com\/","name":"Creantum","description":"Consultor\u00eda estrat\u00e9gica y de RRHH en Barcelona y Girona","potentialAction":[{"@type":"SearchAction","target":{"@type":"EntryPoint","urlTemplate":"https:\/\/creantum.com\/?s={search_term_string}"},"query-input":{"@type":"PropertyValueSpecification","valueRequired":true,"valueName":"search_term_string"}}],"inLanguage":"ca"}]}},"_links":{"self":[{"href":"https:\/\/creantum.com\/ca\/wp-json\/wp\/v2\/pages\/52743"}],"collection":[{"href":"https:\/\/creantum.com\/ca\/wp-json\/wp\/v2\/pages"}],"about":[{"href":"https:\/\/creantum.com\/ca\/wp-json\/wp\/v2\/types\/page"}],"author":[{"embeddable":true,"href":"https:\/\/creantum.com\/ca\/wp-json\/wp\/v2\/users\/28887"}],"replies":[{"embeddable":true,"href":"https:\/\/creantum.com\/ca\/wp-json\/wp\/v2\/comments?post=52743"}],"version-history":[{"count":8,"href":"https:\/\/creantum.com\/ca\/wp-json\/wp\/v2\/pages\/52743\/revisions"}],"predecessor-version":[{"id":52825,"href":"https:\/\/creantum.com\/ca\/wp-json\/wp\/v2\/pages\/52743\/revisions\/52825"}],"wp:attachment":[{"href":"https:\/\/creantum.com\/ca\/wp-json\/wp\/v2\/media?parent=52743"}],"curies":[{"name":"wp","href":"https:\/\/api.w.org\/{rel}","templated":true}]}}