{"id":9054,"date":"2021-12-03T11:55:01","date_gmt":"2021-12-03T11:55:01","guid":{"rendered":"https:\/\/creantum.com\/?page_id=9054"},"modified":"2025-04-10T11:23:53","modified_gmt":"2025-04-10T11:23:53","slug":"pla-estrategic-de-benestar-empresarial","status":"publish","type":"page","link":"https:\/\/creantum.com\/ca\/pla-estrategic-de-benestar-empresarial\/","title":{"rendered":"PLA ESTRAT\u00c8GIC DE BENESTAR EMPRESARIAL"},"content":{"rendered":"<section class=\"l-section wpb_row us_custom_6df4bc3a has_text_color height_huge with_img parallax_fixed\"><div class=\"l-section-img\" style=\"background-image: url(https:\/\/creantum.com\/wp-content\/uploads\/2022\/02\/rrhh-recursos-humanos-creantum-plan-estrategico-02.jpg);background-repeat: no-repeat;\" data-img-width=\"1920\" data-img-height=\"1280\"><\/div><div class=\"l-section-overlay\" style=\"background:linear-gradient(90deg,rgba(26,26,26,0.75),rgba(0,0,0,0.05))\"><\/div><div class=\"l-section-h i-cf\"><div class=\"g-cols vc_row via_flex valign_top type_default stacking_default\"><div class=\"vc_col-sm-12 wpb_column vc_column_container\"><div class=\"vc_column-inner\"><div class=\"wpb_wrapper\"><div class=\"wpb_text_column\"><div class=\"wpb_wrapper\"><h1 style=\"text-align: left;\">Plans de benestar a les empreses<\/h1>\n<h2><span style=\"color: #00ccff;\">Cuidar l&#8217;\u00e0nima de l&#8217;equip, \u00e9s impulsar el cor del negoci<\/span><\/h2>\n<\/div><\/div><\/div><\/div><\/div><\/div><\/div><\/section><section class=\"l-section wpb_row height_medium with_img parallax_fixed\"><div class=\"l-section-img\" style=\"background-image: url(https:\/\/creantum.com\/wp-content\/uploads\/2021\/12\/rrhh-creantum-03.jpg);background-position: top center;\" data-img-width=\"1920\" data-img-height=\"1108\"><\/div><div class=\"l-section-overlay\" style=\"background:rgba(255,255,255,0.90)\"><\/div><div class=\"l-section-h i-cf\"><div class=\"g-cols vc_row via_flex valign_top type_default stacking_default\"><div class=\"vc_col-sm-6 wpb_column vc_column_container\"><div class=\"vc_column-inner type_sticky\"><div class=\"wpb_wrapper\"><div class=\"wpb_text_column\"><div class=\"wpb_wrapper\"><p>Els plans estrat\u00e8gics de benestar empresarial s&#8217;orienten a posar en ordre totes aquelles accions i activitats que es duran a terme a l&#8217;hora d&#8217;implementar una idea o proposta.<\/p>\n<p>Quan el repte es focalitza en el <b>benestar empresarial i la felicitat dels treballadors<\/b>, aquest pla estrat\u00e8gic ha de ser prou flexible i adaptatiu per donar cabuda a totes les necessitats empresarials i personals. Per tant, no estem davant d&#8217;un model unidireccional i r\u00edgid, sin\u00f3 permissiu amb la situaci\u00f3 actual.<\/p>\n<h2>Plans de benestar laboral a les empreses<\/h2>\n<p>Els serveis que utilitzem al nostre model de Benestar i Felicitat consten de 5 \u00e0rees estrat\u00e8giques:<\/p>\n<ul class=\"llista_creantum\">\n<li><span class=\"nums_creantum\">1<\/span> Medici\u00f3n y diagn\u00f3stico a partir de diferentes herramientas de RRHH<\/li>\n<li><span class=\"nums_creantum\">2<\/span> Desarrollo de personas, mentalidades y talento<\/li>\n<li><span class=\"nums_creantum\">3<\/span> Incorporaci\u00f3n y fidelizaci\u00f3n de profesionales<\/li>\n<li><span class=\"nums_creantum\">4<\/span> Consultor\u00eda Estrat\u00e9gica Organizacional<\/li>\n<li><span class=\"nums_creantum\">5<\/span> Conocimiento t\u00e9cnico de RRHH<\/li>\n<\/ul>\n<h3>Pla de benestar empresarial<\/h3>\n<p>Cada empresa t\u00e9 la seva estrat\u00e8gia, la seva cultura i uns reptes a superar, per la qual cosa un dels punts de la nostra metodologia \u00e9s mesurar i analitzar per:<\/p>\n<ul>\n<li>Identificar qu\u00e8 pot passar a l&#8217;empresa quan sorgeixen conflictes.<\/li>\n<li>Detectar necessitats entre el personal que poden afectar el clima laboral.<\/li>\n<li>Descriure la situaci\u00f3 actual de lempresa en relaci\u00f3 amb la gesti\u00f3 de persones i els reptes a superar.<\/li>\n<li>Detectar el potencial de les persones, les seves capacitats de desenvolupament professional i limpacte en el benestar organitzacional.<\/li>\n<\/ul>\n<p>Amb els resultats obtinguts des de la nostra <a href=\"https:\/\/creantum.com\/ca\/\">consultoria de recursos humans<\/a>, plantegem accions que es consensuen amb l&#8217;empresa. Volem aportar valor a l&#8217;empresa i que sigui un pla totalment adaptat a les vostres necessitats i circumst\u00e0ncies.<\/p>\n<p>Acompanyem en la implementaci\u00f3 d&#8217;aquestes mesures m\u00e9s o menys segons cada cas. Les empreses que disposen d&#8217;una persona o equip per gestionar els recursos humans solen necessitar un menor acompanyament davant d&#8217;una PIME que el\/la gerent sigui la persona que gestiona els empleats.<\/p>\n<p>En tots dos casos, la implicaci\u00f3 de la Direcci\u00f3 \u00e9s clau per poder orientar cap a una transformaci\u00f3 cultural i implantar un pla de benestar empresarial. Avui dia, aquesta figura es pot representar en un Chief Happiness Officer. Vols saber m\u00e9s sobre aquesta professi\u00f3?<a href=\"https:\/\/cho.creantum.com\/\"> Aqu\u00ed t&#8217;ho mostrem.<\/a><\/p>\n<\/div><\/div><\/div><\/div><\/div><div class=\"vc_col-sm-6 wpb_column vc_column_container\"><div class=\"vc_column-inner\"><div class=\"wpb_wrapper\"><div class=\"wpb_text_column\"><div class=\"wpb_wrapper\"><p>La metodologia del <strong>PLA ESTRAT\u00c8GIC DEL BENESTAR EMPRESARIAL<\/strong> de CREANTUM consta de 9 punts: <\/p>\n<\/div><\/div><div class=\"w-separator size_small\"><\/div><div class=\"w-image us_custom_ff13c409 us_animate_this align_none\"><div class=\"w-image-h\"><img loading=\"lazy\" decoding=\"async\" width=\"1044\" height=\"626\" src=\"https:\/\/creantum.com\/wp-content\/uploads\/2022\/02\/rrhh-recursos-humanos-creantum-plan-estrategico-02.png\" class=\"attachment-full size-full\" alt=\"\" srcset=\"https:\/\/creantum.com\/wp-content\/uploads\/2022\/02\/rrhh-recursos-humanos-creantum-plan-estrategico-02.png 1044w, https:\/\/creantum.com\/wp-content\/uploads\/2022\/02\/rrhh-recursos-humanos-creantum-plan-estrategico-02-600x360.png 600w, https:\/\/creantum.com\/wp-content\/uploads\/2022\/02\/rrhh-recursos-humanos-creantum-plan-estrategico-02-300x180.png 300w, https:\/\/creantum.com\/wp-content\/uploads\/2022\/02\/rrhh-recursos-humanos-creantum-plan-estrategico-02-1024x614.png 1024w\" sizes=\"(max-width: 1044px) 100vw, 1044px\" \/><\/div><\/div><div class=\"w-separator size_small\"><\/div><div class=\"w-video align_center ratio_16x9\"><div class=\"w-video-h\"><iframe title=\"Vimeo video player\" src=\"https:\/\/player.vimeo.com\/video\/536253181?byline=0&title=0\" frameborder=\"0\" allow=\"autoplay; fullscreen\" allowfullscreen loading=\"lazy\"><\/iframe><\/div><div class=\"w-video-icon\" style=\"font-size:1.5rem;background:rgba(0,0,0,0.5);color:#fff\"><\/div><\/div><\/div><\/div><\/div><\/div><\/div><\/section><section class=\"l-section wpb_row us_custom_6df4bc3a has_text_color height_medium with_img parallax_fixed\"><div class=\"l-section-img\" style=\"background-image: url(https:\/\/creantum.com\/wp-content\/uploads\/2021\/12\/rrhh-creantum-03.jpg);background-position: top center;\" data-img-width=\"1920\" data-img-height=\"1108\"><\/div><div class=\"l-section-overlay\" style=\"background:rgba(51,51,51,0.85)\"><\/div><div class=\"l-section-h i-cf\"><div class=\"g-cols vc_row via_flex valign_top type_default stacking_default\"><div class=\"vc_col-sm-12 wpb_column vc_column_container\"><div class=\"vc_column-inner\"><div class=\"wpb_wrapper\"><div class=\"wpb_text_column\"><div class=\"wpb_wrapper\"><p style=\"text-align: center; font-size: 24px;\">Si vols saber amb m\u00e9s detall en qu\u00e8 es basa aquest model i com implementar-lo a la teva empresa, et convidem a realitzar la nostra formaci\u00f3 introduct\u00f2ria gratu\u00efta a:<\/p>\n<h2 class=\"subtitol_seccions\" style=\"text-align: center;\">Chief happiness Officer o<br \/>\nResponsable de la <strong>Felicitat i Benestar<\/strong> empresarial<\/h2>\n<\/div><\/div><div class=\"w-separator size_medium\"><\/div><div class=\"w-btn-wrapper align_center\"><a class=\"w-btn us-btn-style_2\" target=\"_blank\" href=\"https:\/\/creantum.com\/ca\/curs-introductori-gratuit\/\" rel=\"noopener\"><span class=\"w-btn-label\">Saber m\u00e9s<\/span><\/a><\/div><\/div><\/div><\/div><\/div><\/div><\/section>\n","protected":false},"excerpt":{"rendered":"Plans de benestar a les empreses Cuidar l&#8217;\u00e0nima de l&#8217;equip, \u00e9s impulsar el cor del negoci Els plans estrat\u00e8gics de benestar empresarial s&#8217;orienten a posar en ordre totes aquelles accions i activitats que es duran a terme a l&#8217;hora d&#8217;implementar una idea o proposta. Quan el repte es focalitza en el benestar empresarial i la...","protected":false},"author":1,"featured_media":0,"parent":0,"menu_order":0,"comment_status":"closed","ping_status":"closed","template":"","meta":{"footnotes":""},"class_list":["post-9054","page","type-page","status-publish","hentry"],"yoast_head":"<!-- This site is optimized with the Yoast SEO plugin v25.6 - https:\/\/yoast.com\/wordpress\/plugins\/seo\/ -->\n<title>Plans estrat\u00e8gics de benestar empresarial<\/title>\n<meta name=\"description\" content=\"Els serveis que utilitzem als nostres plans estrat\u00e8gics de benestar empresarial i felicitat empresarial consten de 5 \u00e0rees estrat\u00e8giques.\" \/>\n<meta name=\"robots\" content=\"index, follow, max-snippet:-1, max-image-preview:large, max-video-preview:-1\" \/>\n<link rel=\"canonical\" href=\"https:\/\/creantum.com\/ca\/pla-estrategic-de-benestar-empresarial\/\" \/>\n<meta property=\"og:locale\" content=\"ca_ES\" \/>\n<meta property=\"og:type\" content=\"article\" \/>\n<meta property=\"og:title\" content=\"Plans estrat\u00e8gics de benestar empresarial\" \/>\n<meta property=\"og:description\" content=\"Els serveis que utilitzem als nostres plans estrat\u00e8gics de benestar empresarial i felicitat empresarial consten de 5 \u00e0rees estrat\u00e8giques.\" \/>\n<meta property=\"og:url\" content=\"https:\/\/creantum.com\/ca\/pla-estrategic-de-benestar-empresarial\/\" \/>\n<meta property=\"og:site_name\" content=\"Creantum\" \/>\n<meta property=\"article:modified_time\" content=\"2025-04-10T11:23:53+00:00\" \/>\n<meta name=\"twitter:card\" content=\"summary_large_image\" \/>\n<meta name=\"twitter:label1\" content=\"Temps estimat de lectura\" \/>\n\t<meta name=\"twitter:data1\" content=\"3 minuts\" \/>\n<script type=\"application\/ld+json\" class=\"yoast-schema-graph\">{\"@context\":\"https:\/\/schema.org\",\"@graph\":[{\"@type\":\"WebPage\",\"@id\":\"https:\/\/creantum.com\/ca\/pla-estrategic-de-benestar-empresarial\/\",\"url\":\"https:\/\/creantum.com\/ca\/pla-estrategic-de-benestar-empresarial\/\",\"name\":\"Plans estrat\u00e8gics de benestar empresarial\",\"isPartOf\":{\"@id\":\"https:\/\/creantum.com\/#website\"},\"datePublished\":\"2021-12-03T11:55:01+00:00\",\"dateModified\":\"2025-04-10T11:23:53+00:00\",\"description\":\"Els serveis que utilitzem als nostres plans estrat\u00e8gics de benestar empresarial i felicitat empresarial consten de 5 \u00e0rees estrat\u00e8giques.\",\"breadcrumb\":{\"@id\":\"https:\/\/creantum.com\/ca\/pla-estrategic-de-benestar-empresarial\/#breadcrumb\"},\"inLanguage\":\"ca\",\"potentialAction\":[{\"@type\":\"ReadAction\",\"target\":[\"https:\/\/creantum.com\/ca\/pla-estrategic-de-benestar-empresarial\/\"]}]},{\"@type\":\"BreadcrumbList\",\"@id\":\"https:\/\/creantum.com\/ca\/pla-estrategic-de-benestar-empresarial\/#breadcrumb\",\"itemListElement\":[{\"@type\":\"ListItem\",\"position\":1,\"name\":\"Portada\",\"item\":\"https:\/\/creantum.com\/ca\/\"},{\"@type\":\"ListItem\",\"position\":2,\"name\":\"PLA ESTRAT\u00c8GIC DE BENESTAR EMPRESARIAL\"}]},{\"@type\":\"WebSite\",\"@id\":\"https:\/\/creantum.com\/#website\",\"url\":\"https:\/\/creantum.com\/\",\"name\":\"Creantum\",\"description\":\"Consultor\u00eda estrat\u00e9gica y de RRHH en Barcelona y Girona\",\"potentialAction\":[{\"@type\":\"SearchAction\",\"target\":{\"@type\":\"EntryPoint\",\"urlTemplate\":\"https:\/\/creantum.com\/?s={search_term_string}\"},\"query-input\":{\"@type\":\"PropertyValueSpecification\",\"valueRequired\":true,\"valueName\":\"search_term_string\"}}],\"inLanguage\":\"ca\"}]}<\/script>\n<!-- \/ Yoast SEO plugin. -->","yoast_head_json":{"title":"Plans estrat\u00e8gics de benestar empresarial","description":"Els serveis que utilitzem als nostres plans estrat\u00e8gics de benestar empresarial i felicitat empresarial consten de 5 \u00e0rees estrat\u00e8giques.","robots":{"index":"index","follow":"follow","max-snippet":"max-snippet:-1","max-image-preview":"max-image-preview:large","max-video-preview":"max-video-preview:-1"},"canonical":"https:\/\/creantum.com\/ca\/pla-estrategic-de-benestar-empresarial\/","og_locale":"ca_ES","og_type":"article","og_title":"Plans estrat\u00e8gics de benestar empresarial","og_description":"Els serveis que utilitzem als nostres plans estrat\u00e8gics de benestar empresarial i felicitat empresarial consten de 5 \u00e0rees estrat\u00e8giques.","og_url":"https:\/\/creantum.com\/ca\/pla-estrategic-de-benestar-empresarial\/","og_site_name":"Creantum","article_modified_time":"2025-04-10T11:23:53+00:00","twitter_card":"summary_large_image","twitter_misc":{"Temps estimat de lectura":"3 minuts"},"schema":{"@context":"https:\/\/schema.org","@graph":[{"@type":"WebPage","@id":"https:\/\/creantum.com\/ca\/pla-estrategic-de-benestar-empresarial\/","url":"https:\/\/creantum.com\/ca\/pla-estrategic-de-benestar-empresarial\/","name":"Plans estrat\u00e8gics de benestar empresarial","isPartOf":{"@id":"https:\/\/creantum.com\/#website"},"datePublished":"2021-12-03T11:55:01+00:00","dateModified":"2025-04-10T11:23:53+00:00","description":"Els serveis que utilitzem als nostres plans estrat\u00e8gics de benestar empresarial i felicitat empresarial consten de 5 \u00e0rees estrat\u00e8giques.","breadcrumb":{"@id":"https:\/\/creantum.com\/ca\/pla-estrategic-de-benestar-empresarial\/#breadcrumb"},"inLanguage":"ca","potentialAction":[{"@type":"ReadAction","target":["https:\/\/creantum.com\/ca\/pla-estrategic-de-benestar-empresarial\/"]}]},{"@type":"BreadcrumbList","@id":"https:\/\/creantum.com\/ca\/pla-estrategic-de-benestar-empresarial\/#breadcrumb","itemListElement":[{"@type":"ListItem","position":1,"name":"Portada","item":"https:\/\/creantum.com\/ca\/"},{"@type":"ListItem","position":2,"name":"PLA ESTRAT\u00c8GIC DE BENESTAR EMPRESARIAL"}]},{"@type":"WebSite","@id":"https:\/\/creantum.com\/#website","url":"https:\/\/creantum.com\/","name":"Creantum","description":"Consultor\u00eda estrat\u00e9gica y de RRHH en Barcelona y Girona","potentialAction":[{"@type":"SearchAction","target":{"@type":"EntryPoint","urlTemplate":"https:\/\/creantum.com\/?s={search_term_string}"},"query-input":{"@type":"PropertyValueSpecification","valueRequired":true,"valueName":"search_term_string"}}],"inLanguage":"ca"}]}},"_links":{"self":[{"href":"https:\/\/creantum.com\/ca\/wp-json\/wp\/v2\/pages\/9054"}],"collection":[{"href":"https:\/\/creantum.com\/ca\/wp-json\/wp\/v2\/pages"}],"about":[{"href":"https:\/\/creantum.com\/ca\/wp-json\/wp\/v2\/types\/page"}],"author":[{"embeddable":true,"href":"https:\/\/creantum.com\/ca\/wp-json\/wp\/v2\/users\/1"}],"replies":[{"embeddable":true,"href":"https:\/\/creantum.com\/ca\/wp-json\/wp\/v2\/comments?post=9054"}],"version-history":[{"count":16,"href":"https:\/\/creantum.com\/ca\/wp-json\/wp\/v2\/pages\/9054\/revisions"}],"predecessor-version":[{"id":52210,"href":"https:\/\/creantum.com\/ca\/wp-json\/wp\/v2\/pages\/9054\/revisions\/52210"}],"wp:attachment":[{"href":"https:\/\/creantum.com\/ca\/wp-json\/wp\/v2\/media?parent=9054"}],"curies":[{"name":"wp","href":"https:\/\/api.w.org\/{rel}","templated":true}]}}