{"id":9064,"date":"2022-02-09T09:54:04","date_gmt":"2022-02-09T09:54:04","guid":{"rendered":"https:\/\/creantum.com\/?page_id=9064"},"modified":"2025-04-10T11:30:03","modified_gmt":"2025-04-10T11:30:03","slug":"transformacio-cultural","status":"publish","type":"page","link":"https:\/\/creantum.com\/ca\/transformacio-cultural\/","title":{"rendered":"TRANSFORMACI\u00d3 CULTURAL"},"content":{"rendered":"<section class=\"l-section wpb_row us_custom_6df4bc3a has_text_color height_huge with_img\"><div class=\"l-section-img\" style=\"background-image: url(https:\/\/creantum.com\/wp-content\/uploads\/2022\/02\/transformacion-cultural.jpg);background-repeat: no-repeat;\" data-img-width=\"1920\" data-img-height=\"1280\"><\/div><div class=\"l-section-overlay\" style=\"background:linear-gradient(90deg,rgba(26,26,26,0.70),rgba(0,0,0,0.15))\"><\/div><div class=\"l-section-h i-cf\"><div class=\"g-cols vc_row via_flex valign_top type_default stacking_default\"><div class=\"vc_col-sm-12 wpb_column vc_column_container\"><div class=\"vc_column-inner\"><div class=\"wpb_wrapper\"><div class=\"wpb_text_column\"><div class=\"wpb_wrapper\"><h1 style=\"text-align: left;\">Transformaci\u00f3 cultural a l&#8217; empresa<\/h1>\n<h2><span style=\"color: #00ccff;\">Inspirant equips i organitzacions<\/span><\/h2>\n<\/div><\/div><\/div><\/div><\/div><\/div><\/div><\/section><section class=\"l-section wpb_row height_medium\"><div class=\"l-section-h i-cf\"><div class=\"g-cols vc_row via_flex valign_top type_default stacking_default\"><div class=\"vc_col-sm-12 wpb_column vc_column_container\"><div class=\"vc_column-inner\"><div class=\"wpb_wrapper\"><div class=\"wpb_text_column\"><div class=\"wpb_wrapper\"><h3 style=\"text-align: center;\"><span style=\"color: ##131517;\">El canvi o la transformaci\u00f3 cultural \u00e9s un dels grans reptes de les organitzacions a l&#8217;empresa.<\/span><\/h3>\n<p><span style=\"font-weight: 400;\">El canvi o la transformaci\u00f3 cultural empresarial \u00e9s un dels grans reptes de les empreses o organitzacions al segle XXI. Des de la nostra <\/span><a href=\"https:\/\/creantum.com\/ca\/\"><span style=\"font-weight: 400;\">Consultoria de benestar organitzacional<\/span><\/a> <span style=\"font-weight: 400;\">hi posem focus i volem ajudar-te a transformar la cultura organitzacional de la teva empresa.<\/span><\/p>\n<\/div><\/div><\/div><\/div><\/div><\/div><\/div><\/section><section class=\"l-section wpb_row height_medium\"><div class=\"l-section-h i-cf\"><div class=\"g-cols vc_row via_flex valign_top type_default stacking_default\"><div class=\"vc_col-sm-12 wpb_column vc_column_container\"><div class=\"vc_column-inner\"><div class=\"wpb_wrapper\"><div class=\"wpb_text_column\"><div class=\"wpb_wrapper\"><h2 style=\"text-align: center;\"><span style=\"color: ##131517;\"><span style=\"font-weight: 400;\">Qu\u00e8 \u00e9s la transformaci\u00f3 cultural a l&#8217;empresa?<\/span><\/span><\/h2>\n<p><span style=\"font-weight: 400;\">El canvi cultural \u00e9s el proc\u00e9s en qu\u00e8 els valors individuals i empresarials s&#8217;alineen permetent una sinergia millor entre els objectius estrat\u00e8gics i el benestar de les persones.<\/span><\/p>\n<p><span style=\"font-weight: 400;\">Els valors individuals i socials de les persones estan en continua evoluci\u00f3. El repte de les organitzacions \u00e9s com conjugar els reptes i els objectius empresarials (mercat, transformaci\u00f3 digital, sostenibilitat, etc.) amb els valors de les persones que formen part de l&#8217;organitzaci\u00f3.<\/span><\/p>\n<p><span style=\"font-weight: 400;\">Un proc\u00e9s de transformaci\u00f3 cultural parteix de con\u00e8ixer els valors de les persones, de la definici\u00f3 de la cultura desitjada i dels objectius estrat\u00e8gics per definir una ruta cap al canvi.<\/span><\/p>\n<\/div><\/div><\/div><\/div><\/div><\/div><\/div><\/section><section class=\"l-section wpb_row caixes_creantum height_medium\"><div class=\"l-section-h i-cf\"><div class=\"g-cols vc_row via_flex valign_top type_default stacking_default\"><div class=\"vc_col-sm-12 wpb_column vc_column_container\"><div class=\"vc_column-inner us_custom_dd3d4948\"><div class=\"wpb_wrapper\"><div class=\"w-tabs us_custom_61c3be06 has_text_color style_default switch_click accordion has_scrolling\"><div class=\"w-tabs-sections titles-align_center icon_chevron cpos_right\"><div class=\"w-tabs-section no_indents\" id=\"j22e\"><button class=\"w-tabs-section-header\" aria-controls=\"content-j22e\" aria-expanded=\"false\"><h3 class=\"w-tabs-section-title\">Quines situacions requereixen posar el focus a la transformaci\u00f3 cultural?<\/h3><div class=\"w-tabs-section-control\"><\/div><\/button><div  class=\"w-tabs-section-content us_custom_08d03c07\" id=\"content-j22e\"><div class=\"w-tabs-section-content-h i-cf\"><div class=\"wpb_text_column us_custom_d8cbb9ac\"><div class=\"wpb_wrapper\"><ul>\n<li>Canvis en la direcci\u00f3 i\/o relleus generacionals<\/li>\n<li>Nous reptes empresarials<\/li>\n<li>Redefinici\u00f3 de la visi\u00f3 i la missi\u00f3 de l&#8217;empresa<\/li>\n<li>Fusi\u00f3 d&#8217;empreses i adquisicions empresarials<\/li>\n<li>Implementaci\u00f3 de canvis tecnol\u00f2gics<\/li>\n<\/ul>\n<\/div><\/div><div class=\"w-separator size_small\"><\/div><div class=\"wpb_text_column us_custom_d8cbb9ac\"><div class=\"wpb_wrapper\"><p style=\"text-align: left;\"><strong>En definitiva, qualsevol ocasi\u00f3 en qu\u00e8 tota l&#8217;energia de l&#8217;organitzaci\u00f3 i els col\u00b7laboradors hagi d&#8217;estar orientada cap a la mateixa direcci\u00f3.<\/strong><\/p>\n<\/div><\/div><div class=\"w-separator size_small\"><\/div><\/div><\/div><\/div><\/div><\/div><\/div><\/div><\/div><\/div><\/div><\/section><section class=\"l-section wpb_row us_custom_e5c6d4f2 has_text_color height_large\"><div class=\"l-section-overlay\" style=\"background:rgba(0,0,0,0.80)\"><\/div><div class=\"l-section-h i-cf\"><div class=\"g-cols vc_row via_flex valign_top type_default stacking_default\"><div class=\"vc_col-sm-12 wpb_column vc_column_container\"><div class=\"vc_column-inner\"><div class=\"wpb_wrapper\"><div class=\"wpb_text_column\"><div class=\"wpb_wrapper\"><h2 style=\"text-align: center;\"><strong>Quina \u00e9s la cultura empresarial desitjada?<\/strong><\/h2>\n<p style=\"text-align: center;\">\u00c9s aquella que est\u00e0 alineada amb els valors i els objectius de la direcci\u00f3 de l&#8217;empresa. Les transformacions culturals passen per un proc\u00e9s estrat\u00e8gic Top-Down, posant el focus en els c\u00e0rrecs intermedis que s\u00f3n els que actuen de palanca per portar aquesta estrat\u00e8gia a tota l&#8217;organitzaci\u00f3.<\/p>\n<\/div><\/div><\/div><\/div><\/div><\/div><\/div><\/section><section class=\"l-section wpb_row height_medium\"><div class=\"l-section-overlay\" style=\"background:#f5f5f5\"><\/div><div class=\"l-section-h i-cf\"><div class=\"g-cols vc_row via_flex valign_top type_default stacking_default\"><div class=\"vc_col-sm-12 wpb_column vc_column_container\"><div class=\"vc_column-inner\"><div class=\"wpb_wrapper\"><div class=\"wpb_text_column\"><div class=\"wpb_wrapper\"><h2 style=\"text-align: center;\">Quines solucions oferim per a la transformaci\u00f3 cultural empresarial?<\/h2>\n<\/div><\/div><div class=\"w-separator size_medium\"><\/div><div class=\"g-cols wpb_row via_flex valign_top type_default stacking_default\"><div class=\"vc_col-sm-12 wpb_column vc_column_container\"><div class=\"vc_column-inner us_custom_afef2dd2\"><div class=\"wpb_wrapper\"><div class=\"wpb_text_column\"><div class=\"wpb_wrapper\"><ul class=\"llista_creantum_no_ordenada_fons_clar\">\n<li>Diagn\u00f2stic de cultura i mapeig dels valors presents a l&#8217;organitzaci\u00f3.<\/li>\n<li>Conscienciaci\u00f3 dels diferents grups d&#8217;inter\u00e8s sobre els valors de l&#8217;organitzaci\u00f3, all\u00f2 que ens aporten i l&#8217;\u00e0rea de desenvolupament.<\/li>\n<li>Aclarir les grans l\u00ednies estrat\u00e8giques corporatives i per unitats de negoci per crear el mapa estrat\u00e8gic de l&#8217;organitzaci\u00f3.<\/li>\n<li>Acompanyament als l\u00edders per crear una organitzaci\u00f3 impulsada per valors, promoci\u00f3 del lideratge basat en valors.<\/li>\n<li>Disseny i implementaci\u00f3 un pla d&#8217;acci\u00f3 per assolir la cultura desitjada, aix\u00ed com definir els indicadors per avaluar l&#8217;impacte de les iniciatives i els projectes. Activitats d&#8217;equip per a l&#8217;alineament i la sensibilitzaci\u00f3 dels valors, i orientaci\u00f3 al canvi.<\/li>\n<\/ul>\n<\/div><\/div><\/div><\/div><\/div><\/div><div class=\"w-separator size_small\"><\/div><div class=\"w-btn-wrapper align_center\"><button class=\"w-btn us-btn-style_1 contacto_popup\"><span class=\"w-btn-label\">Contactar ara<\/span><\/button><\/div><div class=\"w-separator size_medium\"><\/div><\/div><\/div><\/div><\/div><\/div><\/section><section class=\"l-section wpb_row height_medium\"><div class=\"l-section-h i-cf\"><div class=\"g-cols vc_row via_flex valign_top type_default stacking_default\"><div class=\"vc_col-sm-6 wpb_column vc_column_container\"><div class=\"vc_column-inner\"><div class=\"wpb_wrapper\"><div class=\"wpb_text_column\"><div class=\"wpb_wrapper\"><h2 style=\"margin-bottom: 10px;\"><strong>Quin model utilitzem per fer-ho?<\/strong><\/h2>\n<\/div><\/div><div class=\"w-separator size_small\"><\/div><div class=\"w-iconbox us_custom_62823ffa iconpos_left style_default color_primary align_left no_text icontype_img\"><div class=\"w-iconbox-icon\" style=\"font-size:80px;\"><img loading=\"lazy\" decoding=\"async\" width=\"500\" height=\"426\" src=\"https:\/\/creantum.com\/wp-content\/uploads\/2022\/02\/garantia.png\" class=\"attachment-full size-full\" alt=\"\" srcset=\"https:\/\/creantum.com\/wp-content\/uploads\/2022\/02\/garantia.png 500w, https:\/\/creantum.com\/wp-content\/uploads\/2022\/02\/garantia-300x256.png 300w\" sizes=\"(max-width: 500px) 100vw, 500px\" \/><\/div><div class=\"w-iconbox-meta\"><h4 class=\"w-iconbox-title\">Disposem de la Certificaci\u00f3 Internacional a Model de Cultura Barrett.<\/h4><\/div><\/div><div class=\"w-separator size_medium\"><\/div><div class=\"wpb_text_column\"><div class=\"wpb_wrapper\"><p>El model de set nivells de Barrett \u00e9s l&#8217;aven\u00e7 de Richard Barrett. Inspirat per la jerarquia de necessitats d&#8217;Abraham Maslow i provat durant m\u00e9s de dues d\u00e8cades d&#8217;experi\u00e8ncia al m\u00f3n real amb milers d&#8217;organitzacions, el model identifica les set \u00e0rees que comprenen les motivacions humanes. Aquests van des de la superviv\u00e8ncia b\u00e0sica en un extrem, fins al servei i la preocupaci\u00f3 per les generacions futures a l&#8217;altre.<\/p>\n<p>Proporciona un mapa provat i extraordin\u00e0riament \u00fatil per comprendre els valors dels seus col\u00b7laboradors, l\u00edders i grups d&#8217;inter\u00e8s (stakeholders). Encara millor, ofereix un mitj\u00e0 per crear m\u00e9s relacions de suport i productives entre ells, i una alineaci\u00f3 m\u00e9s profunda del prop\u00f2sit a tota la seva organitzaci\u00f3.<\/p>\n<\/div><\/div><div class=\"wpb_text_column\"><div class=\"wpb_wrapper\"><p>El Model treballa a:<\/p>\n<ul>\n<li>Consciencia Personal<\/li>\n<li>Consciencia Organitzacional<\/li>\n<li>Consci\u00e8ncia de Lideratge<\/li>\n<\/ul>\n<p><small><em>Informaci\u00f3 de: https:\/\/coachecuador.com\/el-model-barrett-transformacion-cultural\/<\/em><\/small><\/p>\n<\/div><\/div><\/div><\/div><\/div><div class=\"vc_col-sm-6 wpb_column vc_column_container\"><div class=\"vc_column-inner\"><div class=\"wpb_wrapper\"><div class=\"wpb_text_column\"><div class=\"wpb_wrapper\"><h2 style=\"text-align: center;\"><strong>El model Barrett \u2122<\/strong><\/h2>\n<\/div><\/div><div class=\"w-image align_center\"><div class=\"w-image-h\"><img loading=\"lazy\" decoding=\"async\" width=\"336\" height=\"558\" src=\"https:\/\/creantum.com\/wp-content\/uploads\/2022\/02\/modelo-barret.png\" class=\"attachment-full size-full\" alt=\"\" srcset=\"https:\/\/creantum.com\/wp-content\/uploads\/2022\/02\/modelo-barret.png 336w, https:\/\/creantum.com\/wp-content\/uploads\/2022\/02\/modelo-barret-181x300.png 181w\" sizes=\"(max-width: 336px) 100vw, 336px\" \/><\/div><\/div><\/div><\/div><\/div><\/div><\/div><\/section><section class=\"l-section wpb_row us_custom_6df4bc3a has_text_color height_medium with_img parallax_fixed\"><div class=\"l-section-img\" style=\"background-image: url(https:\/\/creantum.com\/wp-content\/uploads\/2021\/12\/formacion-creantum-06.jpg);background-position: top center;background-repeat: no-repeat;\" data-img-width=\"1920\" data-img-height=\"904\"><\/div><div class=\"l-section-overlay\" style=\"background:rgba(51,51,51,0.85)\"><\/div><div class=\"l-section-h i-cf\"><div class=\"g-cols vc_row via_flex valign_top type_default stacking_default\"><div class=\"vc_col-sm-12 wpb_column vc_column_container\"><div class=\"vc_column-inner\"><div class=\"wpb_wrapper\"><div class=\"wpb_text_column\"><div class=\"wpb_wrapper\"><p style=\"text-align: center; font-size: 24px;\">Si tens dubtes si us plau contacta&#8217;ns, estarem encantats d&#8217;atendre&#8217;t<\/p>\n<\/div><\/div><div class=\"w-separator size_small\"><\/div><div class=\"w-btn-wrapper align_center\"><a class=\"w-btn us-btn-style_2 contacto_popup\" href=\"javascript:void(0)\"><span class=\"w-btn-label\">Contactar ara<\/span><\/a><\/div><\/div><\/div><\/div><\/div><\/div><\/section>\n","protected":false},"excerpt":{"rendered":"Transformaci\u00f3 cultural a l&#8217; empresa Inspirant equips i organitzacions El canvi o la transformaci\u00f3 cultural \u00e9s un dels grans reptes de les organitzacions a l&#8217;empresa. El canvi o la transformaci\u00f3 cultural empresarial \u00e9s un dels grans reptes de les empreses o organitzacions al segle XXI. Des de la nostra Consultoria de benestar organitzacional hi posem...","protected":false},"author":1,"featured_media":0,"parent":0,"menu_order":0,"comment_status":"closed","ping_status":"closed","template":"","meta":{"footnotes":""},"class_list":["post-9064","page","type-page","status-publish","hentry"],"yoast_head":"<!-- This site is optimized with the Yoast SEO plugin v25.6 - https:\/\/yoast.com\/wordpress\/plugins\/seo\/ -->\n<title>Transformaci\u00f3 Cultural a l&#039;Empresa - Creantum<\/title>\n<meta name=\"description\" content=\"El canvi o la transformaci\u00f3 cultural a l&#039;empresa \u00e9s un dels grans reptes de les empreses o organitzacions al segle XXI. Descobreix-les.\" \/>\n<meta name=\"robots\" content=\"index, follow, max-snippet:-1, max-image-preview:large, max-video-preview:-1\" \/>\n<link rel=\"canonical\" href=\"https:\/\/creantum.com\/ca\/transformacio-cultural\/\" \/>\n<meta property=\"og:locale\" content=\"ca_ES\" \/>\n<meta property=\"og:type\" content=\"article\" \/>\n<meta property=\"og:title\" content=\"Transformaci\u00f3 Cultural a l&#039;Empresa - Creantum\" \/>\n<meta property=\"og:description\" content=\"El canvi o la transformaci\u00f3 cultural a l&#039;empresa \u00e9s un dels grans reptes de les empreses o organitzacions al segle XXI. Descobreix-les.\" \/>\n<meta property=\"og:url\" content=\"https:\/\/creantum.com\/ca\/transformacio-cultural\/\" \/>\n<meta property=\"og:site_name\" content=\"Creantum\" \/>\n<meta property=\"article:modified_time\" content=\"2025-04-10T11:30:03+00:00\" \/>\n<meta name=\"twitter:card\" content=\"summary_large_image\" \/>\n<meta name=\"twitter:label1\" content=\"Temps estimat de lectura\" \/>\n\t<meta name=\"twitter:data1\" content=\"3 minuts\" \/>\n<script type=\"application\/ld+json\" class=\"yoast-schema-graph\">{\"@context\":\"https:\/\/schema.org\",\"@graph\":[{\"@type\":\"WebPage\",\"@id\":\"https:\/\/creantum.com\/ca\/transformacio-cultural\/\",\"url\":\"https:\/\/creantum.com\/ca\/transformacio-cultural\/\",\"name\":\"Transformaci\u00f3 Cultural a l'Empresa - Creantum\",\"isPartOf\":{\"@id\":\"https:\/\/creantum.com\/#website\"},\"datePublished\":\"2022-02-09T09:54:04+00:00\",\"dateModified\":\"2025-04-10T11:30:03+00:00\",\"description\":\"El canvi o la transformaci\u00f3 cultural a l'empresa \u00e9s un dels grans reptes de les empreses o organitzacions al segle XXI. Descobreix-les.\",\"breadcrumb\":{\"@id\":\"https:\/\/creantum.com\/ca\/transformacio-cultural\/#breadcrumb\"},\"inLanguage\":\"ca\",\"potentialAction\":[{\"@type\":\"ReadAction\",\"target\":[\"https:\/\/creantum.com\/ca\/transformacio-cultural\/\"]}]},{\"@type\":\"BreadcrumbList\",\"@id\":\"https:\/\/creantum.com\/ca\/transformacio-cultural\/#breadcrumb\",\"itemListElement\":[{\"@type\":\"ListItem\",\"position\":1,\"name\":\"Portada\",\"item\":\"https:\/\/creantum.com\/ca\/\"},{\"@type\":\"ListItem\",\"position\":2,\"name\":\"TRANSFORMACI\u00d3 CULTURAL\"}]},{\"@type\":\"WebSite\",\"@id\":\"https:\/\/creantum.com\/#website\",\"url\":\"https:\/\/creantum.com\/\",\"name\":\"Creantum\",\"description\":\"Consultor\u00eda estrat\u00e9gica y de RRHH en Barcelona y Girona\",\"potentialAction\":[{\"@type\":\"SearchAction\",\"target\":{\"@type\":\"EntryPoint\",\"urlTemplate\":\"https:\/\/creantum.com\/?s={search_term_string}\"},\"query-input\":{\"@type\":\"PropertyValueSpecification\",\"valueRequired\":true,\"valueName\":\"search_term_string\"}}],\"inLanguage\":\"ca\"}]}<\/script>\n<!-- \/ Yoast SEO plugin. -->","yoast_head_json":{"title":"Transformaci\u00f3 Cultural a l'Empresa - Creantum","description":"El canvi o la transformaci\u00f3 cultural a l'empresa \u00e9s un dels grans reptes de les empreses o organitzacions al segle XXI. Descobreix-les.","robots":{"index":"index","follow":"follow","max-snippet":"max-snippet:-1","max-image-preview":"max-image-preview:large","max-video-preview":"max-video-preview:-1"},"canonical":"https:\/\/creantum.com\/ca\/transformacio-cultural\/","og_locale":"ca_ES","og_type":"article","og_title":"Transformaci\u00f3 Cultural a l'Empresa - Creantum","og_description":"El canvi o la transformaci\u00f3 cultural a l'empresa \u00e9s un dels grans reptes de les empreses o organitzacions al segle XXI. Descobreix-les.","og_url":"https:\/\/creantum.com\/ca\/transformacio-cultural\/","og_site_name":"Creantum","article_modified_time":"2025-04-10T11:30:03+00:00","twitter_card":"summary_large_image","twitter_misc":{"Temps estimat de lectura":"3 minuts"},"schema":{"@context":"https:\/\/schema.org","@graph":[{"@type":"WebPage","@id":"https:\/\/creantum.com\/ca\/transformacio-cultural\/","url":"https:\/\/creantum.com\/ca\/transformacio-cultural\/","name":"Transformaci\u00f3 Cultural a l'Empresa - Creantum","isPartOf":{"@id":"https:\/\/creantum.com\/#website"},"datePublished":"2022-02-09T09:54:04+00:00","dateModified":"2025-04-10T11:30:03+00:00","description":"El canvi o la transformaci\u00f3 cultural a l'empresa \u00e9s un dels grans reptes de les empreses o organitzacions al segle XXI. Descobreix-les.","breadcrumb":{"@id":"https:\/\/creantum.com\/ca\/transformacio-cultural\/#breadcrumb"},"inLanguage":"ca","potentialAction":[{"@type":"ReadAction","target":["https:\/\/creantum.com\/ca\/transformacio-cultural\/"]}]},{"@type":"BreadcrumbList","@id":"https:\/\/creantum.com\/ca\/transformacio-cultural\/#breadcrumb","itemListElement":[{"@type":"ListItem","position":1,"name":"Portada","item":"https:\/\/creantum.com\/ca\/"},{"@type":"ListItem","position":2,"name":"TRANSFORMACI\u00d3 CULTURAL"}]},{"@type":"WebSite","@id":"https:\/\/creantum.com\/#website","url":"https:\/\/creantum.com\/","name":"Creantum","description":"Consultor\u00eda estrat\u00e9gica y de RRHH en Barcelona y Girona","potentialAction":[{"@type":"SearchAction","target":{"@type":"EntryPoint","urlTemplate":"https:\/\/creantum.com\/?s={search_term_string}"},"query-input":{"@type":"PropertyValueSpecification","valueRequired":true,"valueName":"search_term_string"}}],"inLanguage":"ca"}]}},"_links":{"self":[{"href":"https:\/\/creantum.com\/ca\/wp-json\/wp\/v2\/pages\/9064"}],"collection":[{"href":"https:\/\/creantum.com\/ca\/wp-json\/wp\/v2\/pages"}],"about":[{"href":"https:\/\/creantum.com\/ca\/wp-json\/wp\/v2\/types\/page"}],"author":[{"embeddable":true,"href":"https:\/\/creantum.com\/ca\/wp-json\/wp\/v2\/users\/1"}],"replies":[{"embeddable":true,"href":"https:\/\/creantum.com\/ca\/wp-json\/wp\/v2\/comments?post=9064"}],"version-history":[{"count":7,"href":"https:\/\/creantum.com\/ca\/wp-json\/wp\/v2\/pages\/9064\/revisions"}],"predecessor-version":[{"id":52212,"href":"https:\/\/creantum.com\/ca\/wp-json\/wp\/v2\/pages\/9064\/revisions\/52212"}],"wp:attachment":[{"href":"https:\/\/creantum.com\/ca\/wp-json\/wp\/v2\/media?parent=9064"}],"curies":[{"name":"wp","href":"https:\/\/api.w.org\/{rel}","templated":true}]}}