{"id":9073,"date":"2021-12-03T11:55:59","date_gmt":"2021-12-03T11:55:59","guid":{"rendered":"https:\/\/creantum.com\/?page_id=9073"},"modified":"2025-04-10T11:32:11","modified_gmt":"2025-04-10T11:32:11","slug":"eines-per-rrhh","status":"publish","type":"page","link":"https:\/\/creantum.com\/ca\/eines-per-rrhh\/","title":{"rendered":"EINES PER A RRHH"},"content":{"rendered":"<section class=\"l-section wpb_row us_custom_6df4bc3a has_text_color height_huge with_img\"><div class=\"l-section-img\" style=\"background-image: url(https:\/\/creantum.com\/wp-content\/uploads\/2022\/02\/herramientas-rrhh-creantum.jpg);background-repeat: no-repeat;\" data-img-width=\"1920\" data-img-height=\"915\"><\/div><div class=\"l-section-overlay\" style=\"background:linear-gradient(90deg,rgba(26,26,26,0.70),rgba(0,0,0,0.15))\"><\/div><div class=\"l-section-h i-cf\"><div class=\"g-cols vc_row via_flex valign_top type_default stacking_default\"><div class=\"vc_col-sm-12 wpb_column vc_column_container\"><div class=\"vc_column-inner\"><div class=\"wpb_wrapper\"><div class=\"wpb_text_column\"><div class=\"wpb_wrapper\"><h1 style=\"text-align: left;\">Eines per a la gesti\u00f3 de RRHH<\/h1>\n<h2><span style=\"color: #00ccff;\">Mesurar el progr\u00e9s \u00e9s l&#8217;\u00fanica manera d&#8217;aconseguir un \u00e8xit durador<\/span><\/h2>\n<\/div><\/div><\/div><\/div><\/div><\/div><\/div><\/section><section class=\"l-section wpb_row height_medium\"><div class=\"l-section-h i-cf\"><div class=\"g-cols vc_row via_flex valign_top type_default stacking_default\"><div class=\"vc_col-sm-12 wpb_column vc_column_container\"><div class=\"vc_column-inner\"><div class=\"wpb_wrapper\"><div class=\"wpb_text_column\"><div class=\"wpb_wrapper\"><p><span style=\"font-weight: 400;\">La gesti\u00f3 dels recursos humans requereix tenir informaci\u00f3 que permeti identificar les necessitats de les persones i de lorganitzaci\u00f3. D&#8217;aquesta manera, les intervencions que es facin seran totalment adaptades a l&#8217;organitzaci\u00f3 i a la seva idiosincr\u00e0sia.<\/span><\/p>\n<p><span style=\"font-weight: 400;\">Des de Creantum considerem que qualsevol actuaci\u00f3 en l&#8217;\u00e0mbit dels RRHH hauria d&#8217;anar precedida d&#8217;un <\/span><b>diagn\u00f2stic de la situaci\u00f3 de l&#8217;empresa<\/b><span style=\"font-weight: 400;\"> o les persones clau (exemple l\u00edders, c\u00e0rrecs intermedis, etc.).<\/span><\/p>\n<p><span style=\"font-weight: 400;\">Sovint la pr\u00f2pia empresa identifica de manera subjectiva que les coses no van b\u00e9, qu\u00e8 un l\u00edder no s&#8217;acaba d&#8217;adaptar, etc. Per\u00f2 li manquen dades objectives que identifiqui els factors determinants per a una intervenci\u00f3 efica\u00e7 i eficient.<\/span><\/p>\n<p><span style=\"font-weight: 400;\">L&#8217;\u00fas d&#8217;<b>eines de diagn\u00f2stic per a la gesti\u00f3 de recursos humans<\/b> ens ofereix la possibilitat de quantificar els \u00e8xits de les accions que duem a terme, ja que ens donen les dades del moment inicial (amb intervenci\u00f3 pr\u00e8via).<\/span><\/p>\n<p><span style=\"font-weight: 400;\">Al m\u00f3n intangible dels RRHH hem d&#8217;utilitzar totes les mesures possibles que ens ajudin a sustentar una estrat\u00e8gia basada en les dades recopilades, per mesurar l&#8217;impacte de les pol\u00edtiques aplicades. Per aix\u00f2 la import\u00e0ncia d&#8217;utilitzar de forma fiable, eines per a la gesti\u00f3 de RRHH.<\/span><\/p>\n<p>Potser et pot interessar llegir en el nostre blog:\u00a0<a href=\"https:\/\/cho.creantum.com\/los-departamentos-de-rrhh-no-estan-preparados\/\" target=\"_blank\" rel=\"noopener\">Els departaments de RRHH no estan preparats<\/a><\/p>\n<h2 align=\"center\"><span style=\"color: #256eb8;\"><b>Eines indispensables per al departament de recursos humans<\/b><\/span><\/h2>\n<p><span style=\"font-weight: 400;\">A nivell d&#8217;eines disposem de les centrades a nivell global, com podria ser un estudi de clima o b\u00e9 eines per avaluar la pr\u00f2pia persona com el <\/span><b>DISC<\/b><span style=\"font-weight: 400;\">.<\/span><\/p>\n<p><span style=\"font-weight: 400;\">L&#8217;\u00fas d&#8217;una eina o una altra dependr\u00e0 de l&#8217;objectiu perseguit per a l&#8217;organitzaci\u00f3, \u00e9s a dir, si vol avaluar globalment el nivell de satisfacci\u00f3 del personal i\/o identificar aspectes de millora es recomanar\u00e0 un clima. En canvi, si l&#8217;objectiu \u00e9s desenvolupar un pla de carrera, un desenvolupament competencial podria utilitzar-se un feedback o la <\/span><b>eina DISC<\/b><span style=\"font-weight: 400;\">.<\/span><\/p>\n<p><span style=\"font-weight: 400;\">Aix\u00ed doncs, l&#8217;\u00fas i altres eines indispensables per al departament de recursos humans estar\u00e0 relacionat amb l&#8217;objectiu d&#8217;avaluaci\u00f3 i amb les accions previstes a posteriori. <\/span><span style=\"font-weight: 400;\">Des de la nostra <a href=\"https:\/\/creantum.com\/ca\/\">consultoria de recursos humans<\/a> et mostrem algunes de les eines que utilitzem per fer aquests mesuraments i<\/span><span style=\"font-weight: 400;\">evaluacions:<\/span><\/p>\n<\/div><\/div><\/div><\/div><\/div><\/div><\/div><\/section><section class=\"l-section wpb_row us_custom_27721117 caixes_creantum height_auto\"><div class=\"l-section-h i-cf\"><div class=\"g-cols vc_row via_flex valign_top type_boxes stacking_default\" style=\"--additional-gap:20px;\"><div class=\"vc_col-sm-4 wpb_column vc_column_container has_text_color has_bg_color\"><div class=\"vc_column-inner us_custom_2450c912\"><div class=\"vc_column-overlay\" style=\"background:rgba(26,26,26,0.70)\"><\/div><div class=\"wpb_wrapper\"><div class=\"wpb_text_column\"><div class=\"wpb_wrapper\"><h2 style=\"text-align: center;\"><strong>Feedback 180-360\u00ba<\/strong><\/h2>\n<p style=\"text-align: center;\">Diagn\u00f2stic per a directius i c\u00e0rrecs intermedis<\/p>\n<\/div><\/div><div class=\"w-btn-wrapper align_center\"><a class=\"w-btn us-btn-style_2 us_custom_1b04de86\" title=\"FEEDBACK\" target=\"_blank\" href=\"https:\/\/creantum.com\/ca\/feedback-eines-per-rrhh\/\" rel=\"noopener\"><span class=\"w-btn-label\">Saber m\u00e9s<\/span><\/a><\/div><\/div><\/div><\/div><div class=\"vc_col-sm-4 wpb_column vc_column_container has_text_color has_bg_color\"><div class=\"vc_column-inner us_custom_06e7aa91\"><div class=\"vc_column-overlay\" style=\"background:rgba(26,26,26,0.70)\"><\/div><div class=\"wpb_wrapper\"><div class=\"wpb_text_column\"><div class=\"wpb_wrapper\"><h2 style=\"text-align: center;\"><strong>Estudi del clima<\/strong><\/h2>\n<p style=\"text-align: center;\">Diagn\u00f2stic Organitzacional<\/p>\n<\/div><\/div><div class=\"w-btn-wrapper align_center\"><a class=\"w-btn us-btn-style_2 us_custom_1b04de86\" title=\"ESTUDI DE CLIMA\" target=\"_blank\" href=\"https:\/\/creantum.com\/ca\/estudi-de-clima-eines-per-rrhh\/\" rel=\"noopener\"><span class=\"w-btn-label\">Saber m\u00e9s<\/span><\/a><\/div><\/div><\/div><\/div><div class=\"vc_col-sm-4 wpb_column vc_column_container has_text_color has_bg_color\"><div class=\"vc_column-inner us_custom_c6bec10b\"><div class=\"vc_column-overlay\" style=\"background:rgba(26,26,26,0.70)\"><\/div><div class=\"wpb_wrapper\"><div class=\"wpb_text_column\"><div class=\"wpb_wrapper\"><h2 style=\"text-align: center;\"><strong>Avaluaci\u00f3 d&#8217;Equips de Vendes<\/strong><\/h2>\n<p style=\"text-align: center;\">Diagn\u00f2stic Comercial<\/p>\n<\/div><\/div><div class=\"w-btn-wrapper align_center\"><a class=\"w-btn us-btn-style_2 us_custom_1b04de86\" title=\"Avaluaci\u00f3 d&#039;Equips de Vendes\" target=\"_blank\" href=\"https:\/\/creantum.com\/ca\/avaluacio-dequips-de-vendes-eines-per-rrhh\/\" rel=\"noopener\"><span class=\"w-btn-label\">Saber m\u00e9s<\/span><\/a><\/div><\/div><\/div><\/div><\/div><\/div><\/section><section class=\"l-section wpb_row us_custom_27721117 caixes_creantum height_auto\"><div class=\"l-section-h i-cf\"><div class=\"g-cols vc_row via_flex valign_top type_boxes stacking_default\" style=\"--additional-gap:20px;\"><div class=\"vc_col-sm-4 wpb_column vc_column_container has_text_color has_bg_color\"><div class=\"vc_column-inner us_custom_8d5ad985\"><div class=\"vc_column-overlay\" style=\"background:rgba(26,26,26,0.70)\"><\/div><div class=\"wpb_wrapper\"><div class=\"wpb_text_column\"><div class=\"wpb_wrapper\"><h2 style=\"text-align: center;\"><strong>DISC<\/strong><\/h2>\n<p style=\"text-align: center;\">Evaluaci\u00f3 Competencial<\/p>\n<\/div><\/div><div class=\"w-btn-wrapper align_center\"><a class=\"w-btn us-btn-style_2 us_custom_1b04de86\" title=\"DISC\" target=\"_blank\" href=\"https:\/\/creantum.com\/ca\/disc-herramientas-para-rrhh\/\" rel=\"noopener\"><span class=\"w-btn-label\">Saber m\u00e9s<\/span><\/a><\/div><\/div><\/div><\/div><div class=\"vc_col-sm-4 wpb_column vc_column_container has_text_color has_bg_color\"><div class=\"vc_column-inner us_custom_5d247be4\"><div class=\"vc_column-overlay\" style=\"background:rgba(26,26,26,0.70)\"><\/div><div class=\"wpb_wrapper\"><div class=\"wpb_text_column\"><div class=\"wpb_wrapper\"><h2 style=\"text-align: center;\"><strong>Stresscan<\/strong><\/h2>\n<p style=\"text-align: center;\">Evaluaci\u00f3 de l&#8217;Estr\u00e9s<\/p>\n<\/div><\/div><div class=\"w-btn-wrapper align_center\"><a class=\"w-btn us-btn-style_2 us_custom_1b04de86\" title=\"STRESSCAN\" target=\"_blank\" href=\"https:\/\/creantum.com\/ca\/stresscan-eines-per-rrhh\/\" rel=\"noopener\"><span class=\"w-btn-label\">Saber m\u00e9s<\/span><\/a><\/div><\/div><\/div><\/div><div class=\"vc_col-sm-4 wpb_column vc_column_container has_text_color has_bg_color\"><div class=\"vc_column-inner us_custom_c5472074\"><div class=\"vc_column-overlay\" style=\"background:rgba(26,26,26,0.70)\"><\/div><div class=\"wpb_wrapper\"><div class=\"wpb_text_column\"><div class=\"wpb_wrapper\"><h2 style=\"text-align: center;\"><strong>Facet 5<\/strong><\/h2>\n<p style=\"text-align: center;\">Evaluaci\u00f3 competencial + Intl. Emocional<\/p>\n<\/div><\/div><div class=\"w-btn-wrapper align_center\"><a class=\"w-btn us-btn-style_2 us_custom_1b04de86\" title=\"FACET\" target=\"_blank\" href=\"https:\/\/creantum.com\/ca\/facet-5-eines-per-rrhh\/\" rel=\"noopener\"><span class=\"w-btn-label\">Saber m\u00e9s<\/span><\/a><\/div><\/div><\/div><\/div><\/div><\/div><\/section><section class=\"l-section wpb_row us_custom_6df4bc3a has_text_color height_medium with_img parallax_fixed\"><div class=\"l-section-img\" style=\"background-image: url(https:\/\/creantum.com\/wp-content\/uploads\/2021\/12\/formacion-creantum-06.jpg);background-position: top center;background-repeat: no-repeat;\" data-img-width=\"1920\" data-img-height=\"904\"><\/div><div class=\"l-section-overlay\" style=\"background:rgba(51,51,51,0.85)\"><\/div><div class=\"l-section-h i-cf\"><div class=\"g-cols vc_row via_flex valign_top type_default stacking_default\"><div class=\"vc_col-sm-12 wpb_column vc_column_container\"><div class=\"vc_column-inner\"><div class=\"wpb_wrapper\"><div class=\"wpb_text_column\"><div class=\"wpb_wrapper\"><p style=\"text-align: center; font-size: 24px;\">Si tens dubtes si us plau contacta&#8217;ns, estarem encantats d&#8217;atendre&#8217;t<\/p>\n<\/div><\/div><div class=\"w-separator size_small\"><\/div><div class=\"w-btn-wrapper align_center\"><a class=\"w-btn us-btn-style_2 contacto_popup\" href=\"javascript:void(0)\"><span class=\"w-btn-label\">Contactar ara<\/span><\/a><\/div><\/div><\/div><\/div><\/div><\/div><\/section>\n","protected":false},"excerpt":{"rendered":"Eines per a la gesti\u00f3 de RRHH Mesurar el progr\u00e9s \u00e9s l&#8217;\u00fanica manera d&#8217;aconseguir un \u00e8xit durador La gesti\u00f3 dels recursos humans requereix tenir informaci\u00f3 que permeti identificar les necessitats de les persones i de lorganitzaci\u00f3. D&#8217;aquesta manera, les intervencions que es facin seran totalment adaptades a l&#8217;organitzaci\u00f3 i a la seva idiosincr\u00e0sia. Des de...","protected":false},"author":1,"featured_media":0,"parent":0,"menu_order":0,"comment_status":"closed","ping_status":"closed","template":"","meta":{"footnotes":""},"class_list":["post-9073","page","type-page","status-publish","hentry"],"yoast_head":"<!-- This site is optimized with the Yoast SEO plugin v25.6 - https:\/\/yoast.com\/wordpress\/plugins\/seo\/ -->\n<title>Eines per a la gesti\u00f3 de RRHH - Creantum<\/title>\n<meta name=\"description\" content=\"L&#039;\u00fas d&#039;eines de diagn\u00f2stic per a la gesti\u00f3 de RRHH ens ajuda a quantificar els \u00e8xits de les accions que duem a terme\" \/>\n<meta name=\"robots\" content=\"index, follow, max-snippet:-1, max-image-preview:large, max-video-preview:-1\" \/>\n<link rel=\"canonical\" href=\"https:\/\/creantum.com\/ca\/eines-per-rrhh\/\" \/>\n<meta property=\"og:locale\" content=\"ca_ES\" \/>\n<meta property=\"og:type\" content=\"article\" \/>\n<meta property=\"og:title\" content=\"Eines per a la gesti\u00f3 de RRHH - Creantum\" \/>\n<meta property=\"og:description\" content=\"L&#039;\u00fas d&#039;eines de diagn\u00f2stic per a la gesti\u00f3 de RRHH ens ajuda a quantificar els \u00e8xits de les accions que duem a terme\" \/>\n<meta property=\"og:url\" content=\"https:\/\/creantum.com\/ca\/eines-per-rrhh\/\" \/>\n<meta property=\"og:site_name\" content=\"Creantum\" \/>\n<meta property=\"article:modified_time\" content=\"2025-04-10T11:32:11+00:00\" \/>\n<meta name=\"twitter:card\" content=\"summary_large_image\" \/>\n<meta name=\"twitter:label1\" content=\"Temps estimat de lectura\" \/>\n\t<meta name=\"twitter:data1\" content=\"3 minuts\" \/>\n<script type=\"application\/ld+json\" class=\"yoast-schema-graph\">{\"@context\":\"https:\/\/schema.org\",\"@graph\":[{\"@type\":\"WebPage\",\"@id\":\"https:\/\/creantum.com\/ca\/eines-per-rrhh\/\",\"url\":\"https:\/\/creantum.com\/ca\/eines-per-rrhh\/\",\"name\":\"Eines per a la gesti\u00f3 de RRHH - Creantum\",\"isPartOf\":{\"@id\":\"https:\/\/creantum.com\/#website\"},\"datePublished\":\"2021-12-03T11:55:59+00:00\",\"dateModified\":\"2025-04-10T11:32:11+00:00\",\"description\":\"L'\u00fas d'eines de diagn\u00f2stic per a la gesti\u00f3 de RRHH ens ajuda a quantificar els \u00e8xits de les accions que duem a terme\",\"breadcrumb\":{\"@id\":\"https:\/\/creantum.com\/ca\/eines-per-rrhh\/#breadcrumb\"},\"inLanguage\":\"ca\",\"potentialAction\":[{\"@type\":\"ReadAction\",\"target\":[\"https:\/\/creantum.com\/ca\/eines-per-rrhh\/\"]}]},{\"@type\":\"BreadcrumbList\",\"@id\":\"https:\/\/creantum.com\/ca\/eines-per-rrhh\/#breadcrumb\",\"itemListElement\":[{\"@type\":\"ListItem\",\"position\":1,\"name\":\"Portada\",\"item\":\"https:\/\/creantum.com\/ca\/\"},{\"@type\":\"ListItem\",\"position\":2,\"name\":\"EINES PER A RRHH\"}]},{\"@type\":\"WebSite\",\"@id\":\"https:\/\/creantum.com\/#website\",\"url\":\"https:\/\/creantum.com\/\",\"name\":\"Creantum\",\"description\":\"Consultor\u00eda estrat\u00e9gica y de RRHH en Barcelona y Girona\",\"potentialAction\":[{\"@type\":\"SearchAction\",\"target\":{\"@type\":\"EntryPoint\",\"urlTemplate\":\"https:\/\/creantum.com\/?s={search_term_string}\"},\"query-input\":{\"@type\":\"PropertyValueSpecification\",\"valueRequired\":true,\"valueName\":\"search_term_string\"}}],\"inLanguage\":\"ca\"}]}<\/script>\n<!-- \/ Yoast SEO plugin. -->","yoast_head_json":{"title":"Eines per a la gesti\u00f3 de RRHH - Creantum","description":"L'\u00fas d'eines de diagn\u00f2stic per a la gesti\u00f3 de RRHH ens ajuda a quantificar els \u00e8xits de les accions que duem a terme","robots":{"index":"index","follow":"follow","max-snippet":"max-snippet:-1","max-image-preview":"max-image-preview:large","max-video-preview":"max-video-preview:-1"},"canonical":"https:\/\/creantum.com\/ca\/eines-per-rrhh\/","og_locale":"ca_ES","og_type":"article","og_title":"Eines per a la gesti\u00f3 de RRHH - Creantum","og_description":"L'\u00fas d'eines de diagn\u00f2stic per a la gesti\u00f3 de RRHH ens ajuda a quantificar els \u00e8xits de les accions que duem a terme","og_url":"https:\/\/creantum.com\/ca\/eines-per-rrhh\/","og_site_name":"Creantum","article_modified_time":"2025-04-10T11:32:11+00:00","twitter_card":"summary_large_image","twitter_misc":{"Temps estimat de lectura":"3 minuts"},"schema":{"@context":"https:\/\/schema.org","@graph":[{"@type":"WebPage","@id":"https:\/\/creantum.com\/ca\/eines-per-rrhh\/","url":"https:\/\/creantum.com\/ca\/eines-per-rrhh\/","name":"Eines per a la gesti\u00f3 de RRHH - Creantum","isPartOf":{"@id":"https:\/\/creantum.com\/#website"},"datePublished":"2021-12-03T11:55:59+00:00","dateModified":"2025-04-10T11:32:11+00:00","description":"L'\u00fas d'eines de diagn\u00f2stic per a la gesti\u00f3 de RRHH ens ajuda a quantificar els \u00e8xits de les accions que duem a terme","breadcrumb":{"@id":"https:\/\/creantum.com\/ca\/eines-per-rrhh\/#breadcrumb"},"inLanguage":"ca","potentialAction":[{"@type":"ReadAction","target":["https:\/\/creantum.com\/ca\/eines-per-rrhh\/"]}]},{"@type":"BreadcrumbList","@id":"https:\/\/creantum.com\/ca\/eines-per-rrhh\/#breadcrumb","itemListElement":[{"@type":"ListItem","position":1,"name":"Portada","item":"https:\/\/creantum.com\/ca\/"},{"@type":"ListItem","position":2,"name":"EINES PER A RRHH"}]},{"@type":"WebSite","@id":"https:\/\/creantum.com\/#website","url":"https:\/\/creantum.com\/","name":"Creantum","description":"Consultor\u00eda estrat\u00e9gica y de RRHH en Barcelona y Girona","potentialAction":[{"@type":"SearchAction","target":{"@type":"EntryPoint","urlTemplate":"https:\/\/creantum.com\/?s={search_term_string}"},"query-input":{"@type":"PropertyValueSpecification","valueRequired":true,"valueName":"search_term_string"}}],"inLanguage":"ca"}]}},"_links":{"self":[{"href":"https:\/\/creantum.com\/ca\/wp-json\/wp\/v2\/pages\/9073"}],"collection":[{"href":"https:\/\/creantum.com\/ca\/wp-json\/wp\/v2\/pages"}],"about":[{"href":"https:\/\/creantum.com\/ca\/wp-json\/wp\/v2\/types\/page"}],"author":[{"embeddable":true,"href":"https:\/\/creantum.com\/ca\/wp-json\/wp\/v2\/users\/1"}],"replies":[{"embeddable":true,"href":"https:\/\/creantum.com\/ca\/wp-json\/wp\/v2\/comments?post=9073"}],"version-history":[{"count":9,"href":"https:\/\/creantum.com\/ca\/wp-json\/wp\/v2\/pages\/9073\/revisions"}],"predecessor-version":[{"id":52214,"href":"https:\/\/creantum.com\/ca\/wp-json\/wp\/v2\/pages\/9073\/revisions\/52214"}],"wp:attachment":[{"href":"https:\/\/creantum.com\/ca\/wp-json\/wp\/v2\/media?parent=9073"}],"curies":[{"name":"wp","href":"https:\/\/api.w.org\/{rel}","templated":true}]}}