{"id":9086,"date":"2021-12-03T07:59:50","date_gmt":"2021-12-03T07:59:50","guid":{"rendered":"https:\/\/creantum.com\/?page_id=9086"},"modified":"2025-04-10T11:36:34","modified_gmt":"2025-04-10T11:36:34","slug":"desenvolupament-de-talent","status":"publish","type":"page","link":"https:\/\/creantum.com\/ca\/desenvolupament-de-talent\/","title":{"rendered":"DESENVOLUPAMENT DE TALENT"},"content":{"rendered":"<section class=\"l-section wpb_row us_custom_6df4bc3a has_text_color height_huge with_img\"><div class=\"l-section-img\" style=\"background-image: url(https:\/\/creantum.com\/wp-content\/uploads\/2022\/02\/formacion-creantum-01.jpg);background-repeat: no-repeat;\" data-img-width=\"1920\" data-img-height=\"922\"><\/div><div class=\"l-section-overlay\" style=\"background:linear-gradient(90deg,rgba(26,26,26,0.70),rgba(0,0,0,0.15))\"><\/div><div class=\"l-section-h i-cf\"><div class=\"g-cols vc_row via_flex valign_top type_default stacking_default\"><div class=\"vc_col-sm-12 wpb_column vc_column_container\"><div class=\"vc_column-inner\"><div class=\"wpb_wrapper\"><div class=\"wpb_text_column\"><div class=\"wpb_wrapper\"><h1 style=\"text-align: left;\">Desenvolupament de talent<\/h1>\n<h2><span style=\"color: #00ccff;\">La curiositat \u00e9s el millor talent que pots demanar al teu equip<\/span><\/h2>\n<\/div><\/div><\/div><\/div><\/div><\/div><\/div><\/section><section class=\"l-section wpb_row height_auto\"><div class=\"l-section-h i-cf\"><div class=\"g-cols vc_row via_flex valign_top type_default stacking_default\"><div class=\"vc_col-sm-12 wpb_column vc_column_container\"><div class=\"vc_column-inner\"><div class=\"wpb_wrapper\"><div class=\"w-separator size_medium\"><\/div><div class=\"wpb_text_column\"><div class=\"wpb_wrapper\"><p style=\"text-align: center;\"><b>Parlar de desenvolupament de talent vol dir parlar de valors, creences, compet\u00e8ncies, habilitats i relacions.<\/b><\/p>\n<p style=\"text-align: center;\">Significa donar sentit a com entens la teva vida, i com desenvolupes el teu entorn per, junts, CREAR un prop\u00f2sit laboral i de vida alineats.<\/p>\n<p style=\"text-align: center;\">No hem de pressuposar que els nostres col\u00b7laboradors donaran el millor de si, sense un lideratge present, un ambient agradable, un desenvolupament continu i uns objectius desafiadors.<\/p>\n<h2 style=\"text-align: center;\">Com fem a Creantum per desenvolupar aquest talent?<\/h2>\n<\/div><\/div><\/div><\/div><\/div><\/div><\/div><\/section><section class=\"l-section wpb_row us_custom_4778c44c caixes_creantum height_auto\"><div class=\"l-section-h i-cf\"><div class=\"g-cols vc_row via_flex valign_top type_boxes stacking_default\" style=\"--additional-gap:20px;\"><div class=\"vc_col-sm-3 wpb_column vc_column_container has_text_color has_bg_color\"><div class=\"vc_column-inner us_custom_d348cb76\"><div class=\"vc_column-overlay\" style=\"background:rgba(26,26,26,0.70)\"><\/div><div class=\"wpb_wrapper\"><div class=\"wpb_text_column\"><div class=\"wpb_wrapper\"><h2 style=\"text-align: center;\"><strong>Habilitats<\/strong><\/h2>\n<p style=\"text-align: center;\">\u00c9s el que fas amb all\u00f2 que saps<\/p>\n<\/div><\/div><div class=\"w-btn-wrapper align_center\"><a class=\"w-btn us-btn-style_2 us_custom_1b04de86\" title=\"CONSULTORIA RRHH\" href=\"https:\/\/creantum.com\/ca\/habilitats\/\"><span class=\"w-btn-label\">Saber m\u00e9s<\/span><\/a><\/div><\/div><\/div><\/div><div class=\"vc_col-sm-3 wpb_column vc_column_container has_text_color has_bg_color\"><div class=\"vc_column-inner us_custom_6b6df2ed\"><div class=\"vc_column-overlay\" style=\"background:rgba(26,26,26,0.70)\"><\/div><div class=\"wpb_wrapper\"><div class=\"wpb_text_column\"><div class=\"wpb_wrapper\"><h2 style=\"text-align: center;\"><strong>Coaching<\/strong><\/h2>\n<p style=\"text-align: center;\">\u00c9s desenvolupar les teves habilitats<\/p>\n<\/div><\/div><div class=\"w-btn-wrapper align_center\"><a class=\"w-btn us-btn-style_2 us_custom_1b04de86\" title=\"CONSULTORIA RRHH\" href=\"https:\/\/creantum.com\/ca\/coaching\/\"><span class=\"w-btn-label\">Saber m\u00e9s<\/span><\/a><\/div><\/div><\/div><\/div><div class=\"vc_col-sm-3 wpb_column vc_column_container has_text_color has_bg_color\"><div class=\"vc_column-inner us_custom_96f3ea8e\"><div class=\"vc_column-overlay\" style=\"background:rgba(26,26,26,0.70)\"><\/div><div class=\"wpb_wrapper\"><div class=\"wpb_text_column\"><div class=\"wpb_wrapper\"><h2 style=\"text-align: center;\"><strong>PNL<\/strong><\/h2>\n<p style=\"text-align: center;\">\u00c9s reprogramar-te mental i emocionalment<\/p>\n<\/div><\/div><div class=\"w-btn-wrapper align_center\"><a class=\"w-btn us-btn-style_2 us_custom_1b04de86\" title=\"CONSULTORIA RRHH\" href=\"https:\/\/creantum.com\/ca\/pnl\/\"><span class=\"w-btn-label\">Saber m\u00e9s<\/span><\/a><\/div><\/div><\/div><\/div><div class=\"vc_col-sm-3 wpb_column vc_column_container has_text_color has_bg_color\"><div class=\"vc_column-inner us_custom_596e3a20\"><div class=\"vc_column-overlay\" style=\"background:rgba(26,26,26,0.70)\"><\/div><div class=\"wpb_wrapper\"><div class=\"wpb_text_column\"><div class=\"wpb_wrapper\"><h2 style=\"text-align: center;\"><strong>Disc<\/strong><\/h2>\n<p style=\"text-align: center;\">\u00c9s con\u00e8ixer m\u00e9s les teves compet\u00e8ncies<\/p>\n<\/div><\/div><div class=\"w-btn-wrapper align_center\"><a class=\"w-btn us-btn-style_2 us_custom_1b04de86\" title=\"CONSULTORIA RRHH\" href=\"https:\/\/creantum.com\/ca\/disc-herramientas-para-rrhh\/\"><span class=\"w-btn-label\">Saber m\u00e9s<\/span><\/a><\/div><\/div><\/div><\/div><\/div><\/div><\/section><section class=\"l-section wpb_row height_small\"><div class=\"l-section-h i-cf\"><div class=\"g-cols vc_row via_flex valign_top type_default stacking_default\"><div class=\"vc_col-sm-12 wpb_column vc_column_container\"><div class=\"vc_column-inner\"><div class=\"wpb_wrapper\"><div class=\"w-separator size_medium\"><\/div><div class=\"wpb_text_column\"><div class=\"wpb_wrapper\"><h2 style=\"text-align: center;\">Tamb\u00e9 podem oferir-te&#8230;<\/h2>\n<\/div><\/div><\/div><\/div><\/div><\/div><\/div><\/section><section class=\"l-section wpb_row us_custom_7ba8b279 caixes_creantum height_auto\"><div class=\"l-section-h i-cf\"><div class=\"g-cols vc_row via_flex valign_top type_boxes stacking_default\" style=\"--additional-gap:20px;\"><div class=\"vc_col-sm-6 wpb_column vc_column_container has_text_color has_bg_color\"><div class=\"vc_column-inner us_custom_7f94f95e\"><div class=\"vc_column-overlay\" style=\"background:rgba(26,26,26,0.70)\"><\/div><div class=\"wpb_wrapper\"><div class=\"wpb_text_column\"><div class=\"wpb_wrapper\"><h2 style=\"text-align: center;\"><strong>Plans de formaci\u00f3n<\/strong><\/h2>\n<p style=\"text-align: center;\">Dissenyem la formaci\u00f3 en funci\u00f3 de les necessitats estrat\u00e8giques<\/p>\n<\/div><\/div><div class=\"w-btn-wrapper align_center\"><a class=\"w-btn us-btn-style_2 us_custom_1b04de86\" title=\"CONSULTORIA RRHH\" target=\"_blank\" href=\"https:\/\/creantum.com\/ca\/plans-de-formacio\/\" rel=\"noopener\"><span class=\"w-btn-label\">Saber m\u00e9s<\/span><\/a><\/div><\/div><\/div><\/div><div class=\"vc_col-sm-6 wpb_column vc_column_container has_text_color has_bg_color\"><div class=\"vc_column-inner us_custom_2da9e0e7\"><div class=\"vc_column-overlay\" style=\"background:rgba(26,26,26,0.70)\"><\/div><div class=\"wpb_wrapper\"><div class=\"wpb_text_column\"><div class=\"wpb_wrapper\"><h2 style=\"text-align: center;\"><strong>Gesti\u00f3 amb FUNDAE<\/strong><\/h2>\n<p style=\"text-align: center;\">Podem gestionar per tu la bonificaci\u00f3 de la formaci\u00f3 que facis amb nosaltres<\/p>\n<\/div><\/div><div class=\"w-btn-wrapper align_center\"><a class=\"w-btn us-btn-style_2 us_custom_1b04de86 contacto_popup\" title=\"CONSULTORIA RRHH\" href=\"https:\/\/creantum.com\/ca\/gestio-amb-fundae\/\"><span class=\"w-btn-label\">Saber m\u00e9s<\/span><\/a><\/div><\/div><\/div><\/div><\/div><\/div><\/section><section class=\"l-section wpb_row us_custom_6df4bc3a has_text_color height_medium with_img parallax_fixed\"><div class=\"l-section-img\" style=\"background-image: url(https:\/\/creantum.com\/wp-content\/uploads\/2021\/12\/formacion-creantum-06.jpg);background-position: top center;background-repeat: no-repeat;\" data-img-width=\"1920\" data-img-height=\"904\"><\/div><div class=\"l-section-overlay\" style=\"background:rgba(51,51,51,0.85)\"><\/div><div class=\"l-section-h i-cf\"><div class=\"g-cols vc_row via_flex valign_top type_default stacking_default\"><div class=\"vc_col-sm-12 wpb_column vc_column_container\"><div class=\"vc_column-inner\"><div class=\"wpb_wrapper\"><div class=\"wpb_text_column\"><div class=\"wpb_wrapper\"><p>Aqu\u00ed us presentem els 5 principals factors que contribueixen al desenvolupament i gesti\u00f3 exitosa del talent en una organitzaci\u00f3:<\/p>\n<ol>\n<li><a href=\"https:\/\/creantum.com\/ca\/seleccion-de-personal\/\" target=\"_blank\" rel=\"noopener\"><b>Selecci\u00f3 i Contractaci\u00f3 Efectiva:<\/b> <\/a>Escollir i contractar els candidats adequats \u00e9s el primer pas per comptar amb un talent s\u00f2lid a l&#8217;empresa. Aix\u00f2 implica identificar habilitats, coneixements i aptituds alineats amb les necessitats de l&#8217;organitzaci\u00f3, aix\u00ed com avaluar la cultura i els valors de l&#8217;empresa per garantir un bon ajustament.<\/li>\n<li><a href=\"https:\/\/creantum.com\/ca\/plans-de-formacio\/\" target=\"_blank\" rel=\"noopener\"><b>Desenvolupament i Formaci\u00f3 Cont\u00ednua:<\/b> <\/a>El desenvolupament professional \u00e9s essencial per retenir i potenciar el talent. Les organitzacions han d&#8217;invertir en programes de capacitaci\u00f3, mentories, coaching i altres iniciatives que permetin als empleats adquirir noves habilitats, avan\u00e7ar a les seves carreres i contribuir de manera significativa al creixement de l&#8217;empresa.<\/li>\n<li><a href=\"https:\/\/creantum.com\/ca\/plans-de-formacio\/\" target=\"_blank\" rel=\"noopener\"><b>Clima Laboral i Cultura Organitzacional Atractiva:<\/b><\/a> Una cultura empresarial positiva, inclusiva i motivadora \u00e9s clau per atraure i retenir talent. Els empleats busquen un entorn on se sentin valorats, respectats, amb oportunitats per cr\u00e9ixer i contribuir de manera significativa a l\u00e8xit de lempresa.<\/li>\n<li><b>Reconeixement i Retenci\u00f3:<\/b> Recon\u00e8ixer i recompensar l&#8217;exercici excepcional \u00e9s essencial per retenir els empleats talentosos. Els programes de reconeixement, incentius, beneficis competitius i oportunitats de creixement dins de l&#8217;organitzaci\u00f3 s\u00f3n aspectes fonamentals per mantenir els col\u00b7laboradors motivats i compromesos.<\/li>\n<li><b>Comunicaci\u00f3 Clara i Transparent:<\/b> Una comunicaci\u00f3 oberta i transparent estableix un enlla\u00e7 s\u00f2lid entre l&#8217;empresa i els empleats. Els l\u00edders han de compartir la visi\u00f3, les metes i les estrat\u00e8gies de l&#8217;empresa, aix\u00ed com escoltar les inquietuds i els suggeriments dels empleats. Aix\u00f2 crea un ambient de confian\u00e7a i col\u00b7laboraci\u00f3 que afavoreix el desenvolupament del talent.<\/li>\n<\/ol>\n<p style=\"text-align: center; font-size: 24px;\">Si tens dubtes si us plau contacta&#8217;ns, estarem encantats d&#8217;atendre&#8217;t<\/p>\n<\/div><\/div><div class=\"w-separator size_small\"><\/div><div class=\"w-btn-wrapper align_center\"><a class=\"w-btn us-btn-style_2 contacto_popup_cat\" href=\"javascript:void(0)\"><span class=\"w-btn-label\">Contactar ara<\/span><\/a><\/div><\/div><\/div><\/div><\/div><\/div><\/section>\n","protected":false},"excerpt":{"rendered":"Desenvolupament de talent La curiositat \u00e9s el millor talent que pots demanar al teu equip Parlar de desenvolupament de talent vol dir parlar de valors, creences, compet\u00e8ncies, habilitats i relacions. Significa donar sentit a com entens la teva vida, i com desenvolupes el teu entorn per, junts, CREAR un prop\u00f2sit laboral i de vida alineats....","protected":false},"author":1,"featured_media":0,"parent":0,"menu_order":0,"comment_status":"closed","ping_status":"closed","template":"","meta":{"footnotes":""},"class_list":["post-9086","page","type-page","status-publish","hentry"],"yoast_head":"<!-- This site is optimized with the Yoast SEO plugin v25.6 - https:\/\/yoast.com\/wordpress\/plugins\/seo\/ -->\n<title>Desenvolupament de talent<\/title>\n<meta name=\"description\" content=\"El desenvolupament de talent a les empreses \u00e9s fonamental per assolir l&#039;\u00e8xit i la competitivitat en un entorn empresarial canviant\" \/>\n<meta name=\"robots\" content=\"index, follow, max-snippet:-1, max-image-preview:large, max-video-preview:-1\" \/>\n<link rel=\"canonical\" href=\"https:\/\/creantum.com\/ca\/desenvolupament-de-talent\/\" \/>\n<meta property=\"og:locale\" content=\"ca_ES\" \/>\n<meta property=\"og:type\" content=\"article\" \/>\n<meta property=\"og:title\" content=\"Desenvolupament de talent\" \/>\n<meta property=\"og:description\" content=\"El desenvolupament de talent a les empreses \u00e9s fonamental per assolir l&#039;\u00e8xit i la competitivitat en un entorn empresarial canviant\" \/>\n<meta property=\"og:url\" content=\"https:\/\/creantum.com\/ca\/desenvolupament-de-talent\/\" \/>\n<meta property=\"og:site_name\" content=\"Creantum\" \/>\n<meta property=\"article:modified_time\" content=\"2025-04-10T11:36:34+00:00\" \/>\n<meta name=\"twitter:card\" content=\"summary_large_image\" \/>\n<meta name=\"twitter:label1\" content=\"Temps estimat de lectura\" \/>\n\t<meta name=\"twitter:data1\" content=\"3 minuts\" \/>\n<script type=\"application\/ld+json\" class=\"yoast-schema-graph\">{\"@context\":\"https:\/\/schema.org\",\"@graph\":[{\"@type\":\"WebPage\",\"@id\":\"https:\/\/creantum.com\/ca\/desenvolupament-de-talent\/\",\"url\":\"https:\/\/creantum.com\/ca\/desenvolupament-de-talent\/\",\"name\":\"Desenvolupament de talent\",\"isPartOf\":{\"@id\":\"https:\/\/creantum.com\/#website\"},\"datePublished\":\"2021-12-03T07:59:50+00:00\",\"dateModified\":\"2025-04-10T11:36:34+00:00\",\"description\":\"El desenvolupament de talent a les empreses \u00e9s fonamental per assolir l'\u00e8xit i la competitivitat en un entorn empresarial canviant\",\"breadcrumb\":{\"@id\":\"https:\/\/creantum.com\/ca\/desenvolupament-de-talent\/#breadcrumb\"},\"inLanguage\":\"ca\",\"potentialAction\":[{\"@type\":\"ReadAction\",\"target\":[\"https:\/\/creantum.com\/ca\/desenvolupament-de-talent\/\"]}]},{\"@type\":\"BreadcrumbList\",\"@id\":\"https:\/\/creantum.com\/ca\/desenvolupament-de-talent\/#breadcrumb\",\"itemListElement\":[{\"@type\":\"ListItem\",\"position\":1,\"name\":\"Portada\",\"item\":\"https:\/\/creantum.com\/ca\/\"},{\"@type\":\"ListItem\",\"position\":2,\"name\":\"DESENVOLUPAMENT DE TALENT\"}]},{\"@type\":\"WebSite\",\"@id\":\"https:\/\/creantum.com\/#website\",\"url\":\"https:\/\/creantum.com\/\",\"name\":\"Creantum\",\"description\":\"Consultor\u00eda estrat\u00e9gica y de RRHH en Barcelona y Girona\",\"potentialAction\":[{\"@type\":\"SearchAction\",\"target\":{\"@type\":\"EntryPoint\",\"urlTemplate\":\"https:\/\/creantum.com\/?s={search_term_string}\"},\"query-input\":{\"@type\":\"PropertyValueSpecification\",\"valueRequired\":true,\"valueName\":\"search_term_string\"}}],\"inLanguage\":\"ca\"}]}<\/script>\n<!-- \/ Yoast SEO plugin. -->","yoast_head_json":{"title":"Desenvolupament de talent","description":"El desenvolupament de talent a les empreses \u00e9s fonamental per assolir l'\u00e8xit i la competitivitat en un entorn empresarial canviant","robots":{"index":"index","follow":"follow","max-snippet":"max-snippet:-1","max-image-preview":"max-image-preview:large","max-video-preview":"max-video-preview:-1"},"canonical":"https:\/\/creantum.com\/ca\/desenvolupament-de-talent\/","og_locale":"ca_ES","og_type":"article","og_title":"Desenvolupament de talent","og_description":"El desenvolupament de talent a les empreses \u00e9s fonamental per assolir l'\u00e8xit i la competitivitat en un entorn empresarial canviant","og_url":"https:\/\/creantum.com\/ca\/desenvolupament-de-talent\/","og_site_name":"Creantum","article_modified_time":"2025-04-10T11:36:34+00:00","twitter_card":"summary_large_image","twitter_misc":{"Temps estimat de lectura":"3 minuts"},"schema":{"@context":"https:\/\/schema.org","@graph":[{"@type":"WebPage","@id":"https:\/\/creantum.com\/ca\/desenvolupament-de-talent\/","url":"https:\/\/creantum.com\/ca\/desenvolupament-de-talent\/","name":"Desenvolupament de talent","isPartOf":{"@id":"https:\/\/creantum.com\/#website"},"datePublished":"2021-12-03T07:59:50+00:00","dateModified":"2025-04-10T11:36:34+00:00","description":"El desenvolupament de talent a les empreses \u00e9s fonamental per assolir l'\u00e8xit i la competitivitat en un entorn empresarial canviant","breadcrumb":{"@id":"https:\/\/creantum.com\/ca\/desenvolupament-de-talent\/#breadcrumb"},"inLanguage":"ca","potentialAction":[{"@type":"ReadAction","target":["https:\/\/creantum.com\/ca\/desenvolupament-de-talent\/"]}]},{"@type":"BreadcrumbList","@id":"https:\/\/creantum.com\/ca\/desenvolupament-de-talent\/#breadcrumb","itemListElement":[{"@type":"ListItem","position":1,"name":"Portada","item":"https:\/\/creantum.com\/ca\/"},{"@type":"ListItem","position":2,"name":"DESENVOLUPAMENT DE TALENT"}]},{"@type":"WebSite","@id":"https:\/\/creantum.com\/#website","url":"https:\/\/creantum.com\/","name":"Creantum","description":"Consultor\u00eda estrat\u00e9gica y de RRHH en Barcelona y Girona","potentialAction":[{"@type":"SearchAction","target":{"@type":"EntryPoint","urlTemplate":"https:\/\/creantum.com\/?s={search_term_string}"},"query-input":{"@type":"PropertyValueSpecification","valueRequired":true,"valueName":"search_term_string"}}],"inLanguage":"ca"}]}},"_links":{"self":[{"href":"https:\/\/creantum.com\/ca\/wp-json\/wp\/v2\/pages\/9086"}],"collection":[{"href":"https:\/\/creantum.com\/ca\/wp-json\/wp\/v2\/pages"}],"about":[{"href":"https:\/\/creantum.com\/ca\/wp-json\/wp\/v2\/types\/page"}],"author":[{"embeddable":true,"href":"https:\/\/creantum.com\/ca\/wp-json\/wp\/v2\/users\/1"}],"replies":[{"embeddable":true,"href":"https:\/\/creantum.com\/ca\/wp-json\/wp\/v2\/comments?post=9086"}],"version-history":[{"count":7,"href":"https:\/\/creantum.com\/ca\/wp-json\/wp\/v2\/pages\/9086\/revisions"}],"predecessor-version":[{"id":52216,"href":"https:\/\/creantum.com\/ca\/wp-json\/wp\/v2\/pages\/9086\/revisions\/52216"}],"wp:attachment":[{"href":"https:\/\/creantum.com\/ca\/wp-json\/wp\/v2\/media?parent=9086"}],"curies":[{"name":"wp","href":"https:\/\/api.w.org\/{rel}","templated":true}]}}