{"id":9088,"date":"2021-12-03T11:56:31","date_gmt":"2021-12-03T11:56:31","guid":{"rendered":"https:\/\/creantum.com\/?page_id=9088"},"modified":"2025-04-10T11:37:20","modified_gmt":"2025-04-10T11:37:20","slug":"habilitats","status":"publish","type":"page","link":"https:\/\/creantum.com\/ca\/habilitats\/","title":{"rendered":"HABILITATS"},"content":{"rendered":"<section class=\"l-section wpb_row us_custom_6df4bc3a has_text_color height_huge with_img\"><div class=\"l-section-img\" style=\"background-image: url(https:\/\/creantum.com\/wp-content\/uploads\/2022\/02\/habilidades.jpg);background-repeat: no-repeat;\" data-img-width=\"1920\" data-img-height=\"1277\"><\/div><div class=\"l-section-overlay\" style=\"background:linear-gradient(90deg,rgba(51,51,51,0.75),rgba(0,0,0,0.25))\"><\/div><div class=\"l-section-h i-cf\"><div class=\"g-cols vc_row via_flex valign_top type_default stacking_default\"><div class=\"vc_col-sm-12 wpb_column vc_column_container\"><div class=\"vc_column-inner\"><div class=\"wpb_wrapper\"><div class=\"wpb_text_column\"><div class=\"wpb_wrapper\"><h1 style=\"text-align: left;\">Formaci\u00f3 &#8211; Habilitats<\/h1>\n<h2><span style=\"color: #00ccff;\">Desenvolupem i millorem les habilitats del teu equip de professionals<\/span><\/h2>\n<\/div><\/div><\/div><\/div><\/div><\/div><\/div><\/section><section class=\"l-section wpb_row height_medium\"><div class=\"l-section-h i-cf\"><div class=\"g-cols vc_row via_flex valign_top type_default stacking_default\"><div class=\"vc_col-sm-12 wpb_column vc_column_container\"><div class=\"vc_column-inner\"><div class=\"wpb_wrapper\"><div class=\"wpb_text_column\"><div class=\"wpb_wrapper\"><h2 align=\"center\">Les <b>habilitats professionals m\u00e9s valorades<\/b> en l&#8217;entorn empresarial han evolucionat amb el temps i estan influenciades pel canvi en les din\u00e0miques laborals, la tecnologia, la globalitzaci\u00f3 i les necessitats dels mercats actuals.<\/h2>\n<p>A continuaci\u00f3, es detallen algunes de les habilitats m\u00e9s importants i valorades en l&#8217;actualitat:<\/p>\n<ul>\n<li><strong>Pensament cr\u00edtic i presa de decisions:<\/strong> La capacitat d&#8217;analitzar informaci\u00f3, avaluar les opcions i prendre decisions fonamentades \u00e9s essencial en un entorn empresarial complex i r\u00e0pid.<\/li>\n<li><strong>Comunicaci\u00f3 efectiva:<\/strong> Saber comunicar de manera clara i persuasiva, adaptant el missatge a diferents audi\u00e8ncies, \u00e9s crucial per a les relacions internes i externes d&#8217;una empresa.<\/li>\n<li><strong>Col\u00b7laboraci\u00f3 i treball en equip:<\/strong> Ser capa\u00e7 de treballar de forma efectiva en grups diversos, cooperant, compartint idees i arribant a consensos per assolir objectius comuns.<\/li>\n<li><strong>Habilitats de lideratge:<\/strong> Ser capa\u00e7 d&#8217;influenciar, motivar i dirigir equips per aconseguir resultats positius i inspirar canvis i creixement a la companyia.<\/li>\n<li><strong>Adaptabilitat i flexibilitat:<\/strong> L&#8217;habilitat per ajustar-se als canvis r\u00e0pids i als nous reptes, i mantenir l&#8217;efic\u00e0cia en diferents contextos i situacions.<\/li>\n<\/ul>\n<h2 align=\"center\">Les habilitats personals marquen la diferencia<\/h2>\n<ul>\n<li><strong>Coneixements tecnol\u00f2gics:<\/strong> Ser competents en l&#8217;\u00fas de tecnologies rellevants per al seu camp laboral, ja que la digitalitzaci\u00f3 \u00e9s una part integral de gaireb\u00e9 totes les empreses actuals.<\/li>\n<li><strong>Resoluci\u00f3 de problemes:<\/strong> Capacitat per abordar i resoldre problemes complexos de manera creativa i efica\u00e7, identificant solucions innovadores.<\/li>\n<li><strong>Orientaci\u00f3 als resultats i productivitat:<\/strong> L&#8217;habilitat de gestionar temps, recursos i prioritats per assegurar que les tasques i objectius es compleixin eficientment i amb \u00e8xit.<\/li>\n<li><strong>Gesti\u00f3 de l&#8217;estr\u00e8s i la pressi\u00f3:<\/strong> Saber manejar situacions dif\u00edcils amb calma, mantenint l&#8217;efic\u00e0cia i la productivitat en moments de pressi\u00f3.<\/li>\n<li><strong>Empatia i intel\u00b7lig\u00e8ncia emocional:<\/strong> L&#8217;habilitat per comprendre les emocions pr\u00f2pies i dels altres, i utilitzar aquesta comprensi\u00f3 per a relacionar-se millor i treballar en equip de manera efectiva.<\/li>\n<li><a href=\"https:\/\/cho.creantum.com\/transforma-tu-sistema\/\" target=\"_blank\" rel=\"noopener\"><strong>Gesti\u00f3 del canvi:<\/strong> <\/a>Ser capa\u00e7 d&#8217;adaptar-se i liderar en moments de canvis importants en l&#8217;organitzaci\u00f3, promovent una actitud positiva i un ajustament efica\u00e7.<\/li>\n<\/ul>\n<p align=\"center\"><b>Aquestes habilitats s\u00f3n essencials per a l&#8217;\u00e8xit en un entorn empresarial modern i canviant. <\/b><\/p>\n<p align=\"center\">Desenvolupar-les i millorar-les pot ser clau per avan\u00e7ar en una carrera professional i contribuir de manera efectiva en una empresa.<\/p>\n<\/div><\/div><\/div><\/div><\/div><\/div><\/div><\/section><section class=\"l-section wpb_row height_medium\"><div class=\"l-section-h i-cf\"><div class=\"g-cols vc_row via_flex valign_top type_default stacking_default\"><div class=\"vc_col-sm-12 wpb_column vc_column_container\"><div class=\"vc_column-inner\"><div class=\"wpb_wrapper\"><div class=\"g-cols wpb_row us_custom_aa2c9c3e caixes_creantum has_text_color via_flex valign_top type_default stacking_default\" style=\"--additional-gap:20px;\"><div class=\"vc_col-sm-6 wpb_column vc_column_container\"><div class=\"vc_column-inner\"><div class=\"wpb_wrapper\"><div class=\"w-tabs us_custom_0826c9bb style_default switch_click accordion has_scrolling\"><div class=\"w-tabs-sections titles-align_center icon_chevron cpos_right\"><div class=\"w-tabs-section no_indents\" id=\"y36a\"><button class=\"w-tabs-section-header\" aria-controls=\"content-y36a\" aria-expanded=\"false\"><h3 class=\"w-tabs-section-title\">Lideratge<\/h3><div class=\"w-tabs-section-control\"><\/div><\/button><div  class=\"w-tabs-section-content\" id=\"content-y36a\"><div class=\"w-tabs-section-content-h i-cf\"><div class=\"wpb_text_column us_custom_d8cbb9ac\"><div class=\"wpb_wrapper\"><ul>\n<li>Desenvolupament directiu (L\u00edder Coach)<\/li>\n<li>Neurolideratge<\/li>\n<li>Lideratge personal i organitzacional<\/li>\n<li>Lideratge Femen\u00ed<\/li>\n<li>T\u00e8cniques efectives per parlar en p\u00fablic<\/li>\n<li>Gesti\u00f3 del temps<\/li>\n<li>Coaching per gerents i gestors d\u2019equips<\/li>\n<li>Lideratge competencial<\/li>\n<\/ul>\n<\/div><\/div><div class=\"w-separator size_small\"><\/div><\/div><\/div><\/div><\/div><\/div><\/div><\/div><\/div><div class=\"vc_col-sm-6 wpb_column vc_column_container\"><div class=\"vc_column-inner\"><div class=\"wpb_wrapper\"><div class=\"w-tabs us_custom_43ff3bff style_default switch_click accordion has_scrolling\"><div class=\"w-tabs-sections titles-align_center icon_chevron cpos_right\"><div class=\"w-tabs-section no_indents\" id=\"gc53\"><button class=\"w-tabs-section-header\" aria-controls=\"content-gc53\" aria-expanded=\"false\"><h3 class=\"w-tabs-section-title\">Gesti\u00f3 d&#8217;equips<\/h3><div class=\"w-tabs-section-control\"><\/div><\/button><div  class=\"w-tabs-section-content\" id=\"content-gc53\"><div class=\"w-tabs-section-content-h i-cf\"><div class=\"wpb_text_column us_custom_d8cbb9ac\"><div class=\"wpb_wrapper\"><ul>\n<li>Din\u00e0miques d\u2019equip<\/li>\n<li>Com fer reunions m\u00e9s curtes i productives<\/li>\n<li>Motivaci\u00f3 i proactivitat<\/li>\n<li>Negociaci\u00f3<\/li>\n<li>Formaci\u00f3 per formadors<\/li>\n<li>DAFO d\u2019equip<\/li>\n<li>Treball competencial amb l\u2019eina DISC<\/li>\n<li>Taller de VALORS<\/li>\n<li>Formador de formadors<\/li>\n<\/ul>\n<\/div><\/div><div class=\"w-separator size_small\"><\/div><\/div><\/div><\/div><\/div><\/div><\/div><\/div><\/div><\/div><div class=\"w-separator size_medium\"><\/div><div class=\"g-cols wpb_row us_custom_aa2c9c3e caixes_creantum has_text_color via_flex valign_top type_default stacking_default\" style=\"--additional-gap:20px;\"><div class=\"vc_col-sm-6 wpb_column vc_column_container\"><div class=\"vc_column-inner\"><div class=\"wpb_wrapper\"><div class=\"w-tabs us_custom_83a65065 style_default switch_click accordion has_scrolling\"><div class=\"w-tabs-sections titles-align_center icon_chevron cpos_right\"><div class=\"w-tabs-section no_indents\" id=\"x489\"><button class=\"w-tabs-section-header\" aria-controls=\"content-x489\" aria-expanded=\"false\"><h3 class=\"w-tabs-section-title\">Benestar<\/h3><div class=\"w-tabs-section-control\"><\/div><\/button><div  class=\"w-tabs-section-content\" id=\"content-x489\"><div class=\"w-tabs-section-content-h i-cf\"><div class=\"wpb_text_column us_custom_d8cbb9ac\"><div class=\"wpb_wrapper\"><ul>\n<li>Intel\u00b7lig\u00e8ncia emocional<\/li>\n<li>Mindfulness<\/li>\n<li>T\u00e8cniques de reducci\u00f3 d\u2019estr\u00e8s i ansietat<\/li>\n<li>Alimentaci\u00f3 saludable<\/li>\n<li>La PNL (Programaci\u00f3 Neuroling\u00fc\u00edstica) i la salut mental<\/li>\n<li>Desenvolupament efectiu i eficient del teletreball<\/li>\n<li>Meditaci\u00f3 i pr\u00e0ctiques Budistes<\/li>\n<\/ul>\n<\/div><\/div><div class=\"w-separator size_small\"><\/div><\/div><\/div><\/div><\/div><\/div><\/div><\/div><\/div><div class=\"vc_col-sm-6 wpb_column vc_column_container\"><div class=\"vc_column-inner\"><div class=\"wpb_wrapper\"><div class=\"w-tabs us_custom_c2b917c7 style_default switch_click accordion has_scrolling\"><div class=\"w-tabs-sections titles-align_center icon_chevron cpos_right\"><div class=\"w-tabs-section no_indents\" id=\"wadd\"><button class=\"w-tabs-section-header\" aria-controls=\"content-wadd\" aria-expanded=\"false\"><h3 class=\"w-tabs-section-title\">Vendes<\/h3><div class=\"w-tabs-section-control\"><\/div><\/button><div  class=\"w-tabs-section-content\" id=\"content-wadd\"><div class=\"w-tabs-section-content-h i-cf\"><div class=\"wpb_text_column us_custom_d8cbb9ac\"><div class=\"wpb_wrapper\"><ul>\n<li>Estrat\u00e8gia de vendes<\/li>\n<li>T\u00e8cniques i habilitats comercials<\/li>\n<li>DAFO per equips de vendes<\/li>\n<li>T\u00e8cniques de persuasi\u00f3<\/li>\n<li>Atenci\u00f3 al client<\/li>\n<li>Cold Calling (Trucades en fred)<\/li>\n<li>T\u00e8cniques de venta amb PNL (Programaci\u00f3 Neuroling\u00fc\u00edstica)<\/li>\n<li>Com crear contes i met\u00e0fores pels meus clients<\/li>\n<\/ul>\n<\/div><\/div><div class=\"w-separator size_small\"><\/div><\/div><\/div><\/div><\/div><\/div><\/div><\/div><\/div><\/div><\/div><\/div><\/div><\/div><\/div><\/section><section class=\"l-section wpb_row us_custom_6df4bc3a has_text_color height_medium with_img parallax_fixed\"><div class=\"l-section-img\" style=\"background-image: url(https:\/\/creantum.com\/wp-content\/uploads\/2021\/12\/formacion-creantum-06.jpg);background-position: top center;background-repeat: no-repeat;\" data-img-width=\"1920\" data-img-height=\"904\"><\/div><div class=\"l-section-overlay\" style=\"background:rgba(51,51,51,0.85)\"><\/div><div class=\"l-section-h i-cf\"><div class=\"g-cols vc_row via_flex valign_top type_default stacking_default\"><div class=\"vc_col-sm-12 wpb_column vc_column_container\"><div class=\"vc_column-inner\"><div class=\"wpb_wrapper\"><div class=\"wpb_text_column\"><div class=\"wpb_wrapper\"><p style=\"text-align: center; font-size: 24px;\">Si tens dubtes si us plau contacta&#8217;ns, estarem encantats d&#8217;atendre&#8217;t<\/p>\n<\/div><\/div><div class=\"w-separator size_small\"><\/div><div class=\"w-btn-wrapper align_center\"><a class=\"w-btn us-btn-style_2 contacto_popup_cat\" href=\"javascript:void(0)\"><span class=\"w-btn-label\">Contactar ara<\/span><\/a><\/div><\/div><\/div><\/div><\/div><\/div><\/section>\n","protected":false},"excerpt":{"rendered":"Formaci\u00f3 &#8211; Habilitats Desenvolupem i millorem les habilitats del teu equip de professionals Les habilitats professionals m\u00e9s valorades en l&#8217;entorn empresarial han evolucionat amb el temps i estan influenciades pel canvi en les din\u00e0miques laborals, la tecnologia, la globalitzaci\u00f3 i les necessitats dels mercats actuals. A continuaci\u00f3, es detallen algunes de les habilitats m\u00e9s importants...","protected":false},"author":1,"featured_media":0,"parent":0,"menu_order":0,"comment_status":"closed","ping_status":"closed","template":"","meta":{"footnotes":""},"class_list":["post-9088","page","type-page","status-publish","hentry"],"yoast_head":"<!-- This site is optimized with the Yoast SEO plugin v25.6 - https:\/\/yoast.com\/wordpress\/plugins\/seo\/ -->\n<title>Habilitats professionals<\/title>\n<meta name=\"description\" content=\"Les habilitats professionals actuals estan influenciades per les din\u00e0miques laborals, la tecnologia, la globalitzaci\u00f3 i els mercats\" \/>\n<meta name=\"robots\" content=\"index, follow, max-snippet:-1, max-image-preview:large, max-video-preview:-1\" \/>\n<link rel=\"canonical\" href=\"https:\/\/creantum.com\/ca\/habilitats\/\" \/>\n<meta property=\"og:locale\" content=\"ca_ES\" \/>\n<meta property=\"og:type\" content=\"article\" \/>\n<meta property=\"og:title\" content=\"Habilitats professionals\" \/>\n<meta property=\"og:description\" content=\"Les habilitats professionals actuals estan influenciades per les din\u00e0miques laborals, la tecnologia, la globalitzaci\u00f3 i els mercats\" \/>\n<meta property=\"og:url\" content=\"https:\/\/creantum.com\/ca\/habilitats\/\" \/>\n<meta property=\"og:site_name\" content=\"Creantum\" \/>\n<meta property=\"article:modified_time\" content=\"2025-04-10T11:37:20+00:00\" \/>\n<meta name=\"twitter:card\" content=\"summary_large_image\" \/>\n<meta name=\"twitter:label1\" content=\"Temps estimat de lectura\" \/>\n\t<meta name=\"twitter:data1\" content=\"3 minuts\" \/>\n<script type=\"application\/ld+json\" class=\"yoast-schema-graph\">{\"@context\":\"https:\/\/schema.org\",\"@graph\":[{\"@type\":\"WebPage\",\"@id\":\"https:\/\/creantum.com\/ca\/habilitats\/\",\"url\":\"https:\/\/creantum.com\/ca\/habilitats\/\",\"name\":\"Habilitats professionals\",\"isPartOf\":{\"@id\":\"https:\/\/creantum.com\/#website\"},\"datePublished\":\"2021-12-03T11:56:31+00:00\",\"dateModified\":\"2025-04-10T11:37:20+00:00\",\"description\":\"Les habilitats professionals actuals estan influenciades per les din\u00e0miques laborals, la tecnologia, la globalitzaci\u00f3 i els mercats\",\"breadcrumb\":{\"@id\":\"https:\/\/creantum.com\/ca\/habilitats\/#breadcrumb\"},\"inLanguage\":\"ca\",\"potentialAction\":[{\"@type\":\"ReadAction\",\"target\":[\"https:\/\/creantum.com\/ca\/habilitats\/\"]}]},{\"@type\":\"BreadcrumbList\",\"@id\":\"https:\/\/creantum.com\/ca\/habilitats\/#breadcrumb\",\"itemListElement\":[{\"@type\":\"ListItem\",\"position\":1,\"name\":\"Portada\",\"item\":\"https:\/\/creantum.com\/ca\/\"},{\"@type\":\"ListItem\",\"position\":2,\"name\":\"HABILITATS\"}]},{\"@type\":\"WebSite\",\"@id\":\"https:\/\/creantum.com\/#website\",\"url\":\"https:\/\/creantum.com\/\",\"name\":\"Creantum\",\"description\":\"Consultor\u00eda estrat\u00e9gica y de RRHH en Barcelona y Girona\",\"potentialAction\":[{\"@type\":\"SearchAction\",\"target\":{\"@type\":\"EntryPoint\",\"urlTemplate\":\"https:\/\/creantum.com\/?s={search_term_string}\"},\"query-input\":{\"@type\":\"PropertyValueSpecification\",\"valueRequired\":true,\"valueName\":\"search_term_string\"}}],\"inLanguage\":\"ca\"}]}<\/script>\n<!-- \/ Yoast SEO plugin. -->","yoast_head_json":{"title":"Habilitats professionals","description":"Les habilitats professionals actuals estan influenciades per les din\u00e0miques laborals, la tecnologia, la globalitzaci\u00f3 i els mercats","robots":{"index":"index","follow":"follow","max-snippet":"max-snippet:-1","max-image-preview":"max-image-preview:large","max-video-preview":"max-video-preview:-1"},"canonical":"https:\/\/creantum.com\/ca\/habilitats\/","og_locale":"ca_ES","og_type":"article","og_title":"Habilitats professionals","og_description":"Les habilitats professionals actuals estan influenciades per les din\u00e0miques laborals, la tecnologia, la globalitzaci\u00f3 i els mercats","og_url":"https:\/\/creantum.com\/ca\/habilitats\/","og_site_name":"Creantum","article_modified_time":"2025-04-10T11:37:20+00:00","twitter_card":"summary_large_image","twitter_misc":{"Temps estimat de lectura":"3 minuts"},"schema":{"@context":"https:\/\/schema.org","@graph":[{"@type":"WebPage","@id":"https:\/\/creantum.com\/ca\/habilitats\/","url":"https:\/\/creantum.com\/ca\/habilitats\/","name":"Habilitats professionals","isPartOf":{"@id":"https:\/\/creantum.com\/#website"},"datePublished":"2021-12-03T11:56:31+00:00","dateModified":"2025-04-10T11:37:20+00:00","description":"Les habilitats professionals actuals estan influenciades per les din\u00e0miques laborals, la tecnologia, la globalitzaci\u00f3 i els mercats","breadcrumb":{"@id":"https:\/\/creantum.com\/ca\/habilitats\/#breadcrumb"},"inLanguage":"ca","potentialAction":[{"@type":"ReadAction","target":["https:\/\/creantum.com\/ca\/habilitats\/"]}]},{"@type":"BreadcrumbList","@id":"https:\/\/creantum.com\/ca\/habilitats\/#breadcrumb","itemListElement":[{"@type":"ListItem","position":1,"name":"Portada","item":"https:\/\/creantum.com\/ca\/"},{"@type":"ListItem","position":2,"name":"HABILITATS"}]},{"@type":"WebSite","@id":"https:\/\/creantum.com\/#website","url":"https:\/\/creantum.com\/","name":"Creantum","description":"Consultor\u00eda estrat\u00e9gica y de RRHH en Barcelona y Girona","potentialAction":[{"@type":"SearchAction","target":{"@type":"EntryPoint","urlTemplate":"https:\/\/creantum.com\/?s={search_term_string}"},"query-input":{"@type":"PropertyValueSpecification","valueRequired":true,"valueName":"search_term_string"}}],"inLanguage":"ca"}]}},"_links":{"self":[{"href":"https:\/\/creantum.com\/ca\/wp-json\/wp\/v2\/pages\/9088"}],"collection":[{"href":"https:\/\/creantum.com\/ca\/wp-json\/wp\/v2\/pages"}],"about":[{"href":"https:\/\/creantum.com\/ca\/wp-json\/wp\/v2\/types\/page"}],"author":[{"embeddable":true,"href":"https:\/\/creantum.com\/ca\/wp-json\/wp\/v2\/users\/1"}],"replies":[{"embeddable":true,"href":"https:\/\/creantum.com\/ca\/wp-json\/wp\/v2\/comments?post=9088"}],"version-history":[{"count":8,"href":"https:\/\/creantum.com\/ca\/wp-json\/wp\/v2\/pages\/9088\/revisions"}],"predecessor-version":[{"id":52217,"href":"https:\/\/creantum.com\/ca\/wp-json\/wp\/v2\/pages\/9088\/revisions\/52217"}],"wp:attachment":[{"href":"https:\/\/creantum.com\/ca\/wp-json\/wp\/v2\/media?parent=9088"}],"curies":[{"name":"wp","href":"https:\/\/api.w.org\/{rel}","templated":true}]}}