{"id":9090,"date":"2022-02-11T11:13:31","date_gmt":"2022-02-11T11:13:31","guid":{"rendered":"https:\/\/creantum.com\/?page_id=9090"},"modified":"2025-04-10T11:39:06","modified_gmt":"2025-04-10T11:39:06","slug":"coaching-formacio","status":"publish","type":"page","link":"https:\/\/creantum.com\/ca\/coaching-formacio\/","title":{"rendered":"COACHING &#8211; FORMACI\u00d3 PER EMPRESES"},"content":{"rendered":"<section class=\"l-section wpb_row us_custom_6df4bc3a has_text_color height_huge with_img\"><div class=\"l-section-img\" style=\"background-image: url(https:\/\/creantum.com\/wp-content\/uploads\/2022\/02\/coaching-02.jpg);background-repeat: no-repeat;\" data-img-width=\"1920\" data-img-height=\"1281\"><\/div><div class=\"l-section-overlay\" style=\"background:linear-gradient(90deg,rgba(26,26,26,0.70),rgba(0,0,0,0.15))\"><\/div><div class=\"l-section-h i-cf\"><div class=\"g-cols vc_row via_flex valign_top type_default stacking_default\"><div class=\"vc_col-sm-12 wpb_column vc_column_container\"><div class=\"vc_column-inner\"><div class=\"wpb_wrapper\"><div class=\"wpb_text_column\"><div class=\"wpb_wrapper\"><h1 style=\"text-align: left;\">Coaching &#8211; Formacions<\/h1>\n<h2><span style=\"color: #00ccff;\">Qu\u00e8 \u00e9s i com entenem el Coaching i Lideratge estrat\u00e8gic?<\/span><\/h2>\n<\/div><\/div><\/div><\/div><\/div><\/div><\/div><\/section><section class=\"l-section wpb_row height_medium\"><div class=\"l-section-h i-cf\"><div class=\"g-cols vc_row via_flex valign_top type_default stacking_default\"><div class=\"vc_col-sm-12 wpb_column vc_column_container\"><div class=\"vc_column-inner\"><div class=\"wpb_wrapper\"><div class=\"wpb_text_column\"><div class=\"wpb_wrapper\"><p style=\"text-align: center; font-size: 24px;\">La formaci\u00f3 en Coaching per empreses, \u00e9s un proc\u00e9s de desenvolupament personal i professional que capacita les persones i organitzacions a generar canvis i obtenir recursos per assolir els seus objectius.<\/p>\n<\/div><\/div><div class=\"w-separator size_medium\"><\/div><div class=\"wpb_text_column us_custom_afef2dd2\"><div class=\"wpb_wrapper\"><blockquote>\n<p><em>Consisteix a ajudar alg\u00fa a desenvolupar els seus talents, a pensar per si mateix, a trobar les seves respostes, a descobrir dins seu el seu potencial, el seu cam\u00ed a l&#8217;\u00e8xit, &#8230; ja sigui en els negocis, en les relacions personals, l&#8217;art, l&#8217;esport, el treball&#8230;<\/em><\/p>\n<p style=\"text-align: right;\"><em>John Whitmore<\/em><\/p>\n<\/blockquote>\n<\/div><\/div><\/div><\/div><\/div><\/div><\/div><\/section><section class=\"l-section wpb_row height_medium\"><div class=\"l-section-overlay\" style=\"background:#f5f5f5\"><\/div><div class=\"l-section-h i-cf\"><div class=\"g-cols vc_row via_flex valign_middle type_default stacking_default\" style=\"--additional-gap:25px;\"><div class=\"vc_col-sm-6 wpb_column vc_column_container\"><div class=\"vc_column-inner\"><div class=\"wpb_wrapper\"><div class=\"wpb_text_column\"><div class=\"wpb_wrapper\"><p>Actualment hi ha moltes escoles i formacions de Coaching i lideratge. La majoria semblen similars en el plantejament i no sempre resulta f\u00e0cil diferenciar els programes, els aprenentatges i les certificacions que s&#8217;obtenen en finalitzar la formaci\u00f3.<\/p>\n<p>Per aix\u00f2, des de la nostra experi\u00e8ncia com Coaches i consultors estrat\u00e8gics, t&#8217;oferim una formaci\u00f3 modular integrativa, que aborda aquells aprenentatges i pr\u00e0ctiques m\u00e9s rellevants i efica\u00e7os per al teu desenvolupament personal i professional, atenent tant aspectes vocacionals i motivacionals, com tots aquells aspectes pr\u00e0ctics per a assolir l\u2019\u00e8xit professional.<\/p>\n<p>Amb revisions peri\u00f2diques, aquest programa ofereix un proc\u00e9s de mentoritzaci\u00f3 personalitzada, que t&#8217;acompanya en el teu aprenentatge i la integraci\u00f3 de coneixements i habilitats constants.<\/p>\n<p>Ens enfoquem en una transformaci\u00f3 profundament resilent, sustentada sobre aspectes relacionats amb el canvi en l&#8217;\u00e9sser hum\u00e0. Canvis congruents que porten a estats de m\u00e9s consci\u00e8ncia i per aix\u00f2 proporcionen m\u00e9s claredat i determinaci\u00f3 en la presa de decisions vitals, millor capacitat de gesti\u00f3 de les relacions amb els altres, transformacions de conductes i actuacions recolzades en valors, en la identitat i missi\u00f3, que porten a una connexi\u00f3 m\u00e9s saludable amb l\u2019entorn.<\/p>\n<p>La disciplina del Coaching realment funciona quan es practica, i potser tu ara tens ganes de demostrar-ho. Si \u00e9s aix\u00ed, aqu\u00ed et deixem 30 preguntes poderoses de Coaching perqu\u00e8 puguis practicar: <a href=\"https:\/\/creantum.com\/30-preguntas-poderosas-coaching\/\" target=\"_blank\" rel=\"noopener\">PREGUNTES PODEROSES DE COACHING<\/a><\/p>\n<p>Si est\u00e0s buscant eines, recursos i canvis, ets al lloc adequat.<\/p>\n<p>Et deixem un article perqu\u00e8 reflexionis: <a href=\"https:\/\/cho.creantum.com\/y-tu-moririas-por-tu-sueldo\/\" target=\"_blank\" rel=\"noopener\">MORIRIES PEL TEU SOU?<\/a><\/p>\n<\/div><\/div><div class=\"w-btn-wrapper align_none\"><a class=\"w-btn us-btn-style_1\" target=\"_blank\" href=\"https:\/\/creantum.com\/wp-content\/uploads\/2022\/02\/COACHING-Y-LIDERAZGO-opt.pdf\" rel=\"noopener\"><span class=\"w-btn-label\">Ver Cat\u00e1logo<\/span><\/a><\/div><\/div><\/div><\/div><div class=\"vc_col-sm-6 wpb_column vc_column_container\"><div class=\"vc_column-inner\"><div class=\"wpb_wrapper\"><div class=\"w-image us_custom_ed74f533 align_center\"><div class=\"w-image-h\"><img loading=\"lazy\" decoding=\"async\" width=\"764\" height=\"1080\" src=\"https:\/\/creantum.com\/wp-content\/uploads\/2022\/02\/COACHING-Y-LIDERAZGO-1.jpg\" class=\"attachment-full size-full\" alt=\"\" srcset=\"https:\/\/creantum.com\/wp-content\/uploads\/2022\/02\/COACHING-Y-LIDERAZGO-1.jpg 764w, https:\/\/creantum.com\/wp-content\/uploads\/2022\/02\/COACHING-Y-LIDERAZGO-1-600x848.jpg 600w, https:\/\/creantum.com\/wp-content\/uploads\/2022\/02\/COACHING-Y-LIDERAZGO-1-212x300.jpg 212w, https:\/\/creantum.com\/wp-content\/uploads\/2022\/02\/COACHING-Y-LIDERAZGO-1-724x1024.jpg 724w\" sizes=\"(max-width: 764px) 100vw, 764px\" \/><\/div><\/div><\/div><\/div><\/div><\/div><\/div><\/section><section class=\"l-section wpb_row us_custom_6df4bc3a has_text_color height_medium with_img parallax_fixed\"><div class=\"l-section-img\" style=\"background-image: url(https:\/\/creantum.com\/wp-content\/uploads\/2021\/12\/formacion-creantum-06.jpg);background-position: top center;background-repeat: no-repeat;\" data-img-width=\"1920\" data-img-height=\"904\"><\/div><div class=\"l-section-overlay\" style=\"background:rgba(51,51,51,0.85)\"><\/div><div class=\"l-section-h i-cf\"><div class=\"g-cols vc_row via_flex valign_top type_default stacking_default\"><div class=\"vc_col-sm-12 wpb_column vc_column_container\"><div class=\"vc_column-inner\"><div class=\"wpb_wrapper\"><div class=\"wpb_text_column\"><div class=\"wpb_wrapper\"><p style=\"text-align: center; font-size: 24px;\">Si tens dubtes si us plau contacta&#8217;ns, estarem encantats d&#8217;atendre&#8217;t<\/p>\n<\/div><\/div><div class=\"w-separator size_small\"><\/div><div class=\"w-btn-wrapper align_center\"><a class=\"w-btn us-btn-style_2 contacto_popup_cat\" href=\"javascript:void(0)\"><span class=\"w-btn-label\">Contactar ara<\/span><\/a><\/div><\/div><\/div><\/div><\/div><\/div><\/section>\n","protected":false},"excerpt":{"rendered":"Coaching &#8211; Formacions Qu\u00e8 \u00e9s i com entenem el Coaching i Lideratge estrat\u00e8gic? La formaci\u00f3 en Coaching per empreses, \u00e9s un proc\u00e9s de desenvolupament personal i professional que capacita les persones i organitzacions a generar canvis i obtenir recursos per assolir els seus objectius. Consisteix a ajudar alg\u00fa a desenvolupar els seus talents, a pensar...","protected":false},"author":1,"featured_media":0,"parent":0,"menu_order":0,"comment_status":"closed","ping_status":"closed","template":"","meta":{"footnotes":""},"class_list":["post-9090","page","type-page","status-publish","hentry"],"yoast_head":"<!-- This site is optimized with the Yoast SEO plugin v25.6 - https:\/\/yoast.com\/wordpress\/plugins\/seo\/ -->\n<title>Formaci\u00f3 en Coaching per empreses<\/title>\n<meta name=\"description\" content=\"Forma al teu equip en les millors habilitats i compet\u00e8ncies pr\u00f2pies d&#039;una excel\u00b7lent formaci\u00f3 en Coaching per empreses\" \/>\n<meta name=\"robots\" content=\"index, follow, max-snippet:-1, max-image-preview:large, max-video-preview:-1\" \/>\n<link rel=\"canonical\" href=\"https:\/\/creantum.com\/ca\/coaching-formacio\/\" \/>\n<meta property=\"og:locale\" content=\"ca_ES\" \/>\n<meta property=\"og:type\" content=\"article\" \/>\n<meta property=\"og:title\" content=\"Formaci\u00f3 en Coaching per empreses\" \/>\n<meta property=\"og:description\" content=\"Forma al teu equip en les millors habilitats i compet\u00e8ncies pr\u00f2pies d&#039;una excel\u00b7lent formaci\u00f3 en Coaching per empreses\" \/>\n<meta property=\"og:url\" content=\"https:\/\/creantum.com\/ca\/coaching-formacio\/\" \/>\n<meta property=\"og:site_name\" content=\"Creantum\" \/>\n<meta property=\"article:modified_time\" content=\"2025-04-10T11:39:06+00:00\" \/>\n<meta name=\"twitter:card\" content=\"summary_large_image\" \/>\n<meta name=\"twitter:label1\" content=\"Temps estimat de lectura\" \/>\n\t<meta name=\"twitter:data1\" content=\"2 minuts\" \/>\n<script type=\"application\/ld+json\" class=\"yoast-schema-graph\">{\"@context\":\"https:\/\/schema.org\",\"@graph\":[{\"@type\":\"WebPage\",\"@id\":\"https:\/\/creantum.com\/ca\/coaching-formacio\/\",\"url\":\"https:\/\/creantum.com\/ca\/coaching-formacio\/\",\"name\":\"Formaci\u00f3 en Coaching per empreses\",\"isPartOf\":{\"@id\":\"https:\/\/creantum.com\/#website\"},\"datePublished\":\"2022-02-11T11:13:31+00:00\",\"dateModified\":\"2025-04-10T11:39:06+00:00\",\"description\":\"Forma al teu equip en les millors habilitats i compet\u00e8ncies pr\u00f2pies d'una excel\u00b7lent formaci\u00f3 en Coaching per empreses\",\"breadcrumb\":{\"@id\":\"https:\/\/creantum.com\/ca\/coaching-formacio\/#breadcrumb\"},\"inLanguage\":\"ca\",\"potentialAction\":[{\"@type\":\"ReadAction\",\"target\":[\"https:\/\/creantum.com\/ca\/coaching-formacio\/\"]}]},{\"@type\":\"BreadcrumbList\",\"@id\":\"https:\/\/creantum.com\/ca\/coaching-formacio\/#breadcrumb\",\"itemListElement\":[{\"@type\":\"ListItem\",\"position\":1,\"name\":\"Portada\",\"item\":\"https:\/\/creantum.com\/ca\/\"},{\"@type\":\"ListItem\",\"position\":2,\"name\":\"COACHING &#8211; FORMACI\u00d3 PER EMPRESES\"}]},{\"@type\":\"WebSite\",\"@id\":\"https:\/\/creantum.com\/#website\",\"url\":\"https:\/\/creantum.com\/\",\"name\":\"Creantum\",\"description\":\"Consultor\u00eda estrat\u00e9gica y de RRHH en Barcelona y Girona\",\"potentialAction\":[{\"@type\":\"SearchAction\",\"target\":{\"@type\":\"EntryPoint\",\"urlTemplate\":\"https:\/\/creantum.com\/?s={search_term_string}\"},\"query-input\":{\"@type\":\"PropertyValueSpecification\",\"valueRequired\":true,\"valueName\":\"search_term_string\"}}],\"inLanguage\":\"ca\"}]}<\/script>\n<!-- \/ Yoast SEO plugin. -->","yoast_head_json":{"title":"Formaci\u00f3 en Coaching per empreses","description":"Forma al teu equip en les millors habilitats i compet\u00e8ncies pr\u00f2pies d'una excel\u00b7lent formaci\u00f3 en Coaching per empreses","robots":{"index":"index","follow":"follow","max-snippet":"max-snippet:-1","max-image-preview":"max-image-preview:large","max-video-preview":"max-video-preview:-1"},"canonical":"https:\/\/creantum.com\/ca\/coaching-formacio\/","og_locale":"ca_ES","og_type":"article","og_title":"Formaci\u00f3 en Coaching per empreses","og_description":"Forma al teu equip en les millors habilitats i compet\u00e8ncies pr\u00f2pies d'una excel\u00b7lent formaci\u00f3 en Coaching per empreses","og_url":"https:\/\/creantum.com\/ca\/coaching-formacio\/","og_site_name":"Creantum","article_modified_time":"2025-04-10T11:39:06+00:00","twitter_card":"summary_large_image","twitter_misc":{"Temps estimat de lectura":"2 minuts"},"schema":{"@context":"https:\/\/schema.org","@graph":[{"@type":"WebPage","@id":"https:\/\/creantum.com\/ca\/coaching-formacio\/","url":"https:\/\/creantum.com\/ca\/coaching-formacio\/","name":"Formaci\u00f3 en Coaching per empreses","isPartOf":{"@id":"https:\/\/creantum.com\/#website"},"datePublished":"2022-02-11T11:13:31+00:00","dateModified":"2025-04-10T11:39:06+00:00","description":"Forma al teu equip en les millors habilitats i compet\u00e8ncies pr\u00f2pies d'una excel\u00b7lent formaci\u00f3 en Coaching per empreses","breadcrumb":{"@id":"https:\/\/creantum.com\/ca\/coaching-formacio\/#breadcrumb"},"inLanguage":"ca","potentialAction":[{"@type":"ReadAction","target":["https:\/\/creantum.com\/ca\/coaching-formacio\/"]}]},{"@type":"BreadcrumbList","@id":"https:\/\/creantum.com\/ca\/coaching-formacio\/#breadcrumb","itemListElement":[{"@type":"ListItem","position":1,"name":"Portada","item":"https:\/\/creantum.com\/ca\/"},{"@type":"ListItem","position":2,"name":"COACHING &#8211; FORMACI\u00d3 PER EMPRESES"}]},{"@type":"WebSite","@id":"https:\/\/creantum.com\/#website","url":"https:\/\/creantum.com\/","name":"Creantum","description":"Consultor\u00eda estrat\u00e9gica y de RRHH en Barcelona y Girona","potentialAction":[{"@type":"SearchAction","target":{"@type":"EntryPoint","urlTemplate":"https:\/\/creantum.com\/?s={search_term_string}"},"query-input":{"@type":"PropertyValueSpecification","valueRequired":true,"valueName":"search_term_string"}}],"inLanguage":"ca"}]}},"_links":{"self":[{"href":"https:\/\/creantum.com\/ca\/wp-json\/wp\/v2\/pages\/9090"}],"collection":[{"href":"https:\/\/creantum.com\/ca\/wp-json\/wp\/v2\/pages"}],"about":[{"href":"https:\/\/creantum.com\/ca\/wp-json\/wp\/v2\/types\/page"}],"author":[{"embeddable":true,"href":"https:\/\/creantum.com\/ca\/wp-json\/wp\/v2\/users\/1"}],"replies":[{"embeddable":true,"href":"https:\/\/creantum.com\/ca\/wp-json\/wp\/v2\/comments?post=9090"}],"version-history":[{"count":11,"href":"https:\/\/creantum.com\/ca\/wp-json\/wp\/v2\/pages\/9090\/revisions"}],"predecessor-version":[{"id":52219,"href":"https:\/\/creantum.com\/ca\/wp-json\/wp\/v2\/pages\/9090\/revisions\/52219"}],"wp:attachment":[{"href":"https:\/\/creantum.com\/ca\/wp-json\/wp\/v2\/media?parent=9090"}],"curies":[{"name":"wp","href":"https:\/\/api.w.org\/{rel}","templated":true}]}}