{"id":9105,"date":"2021-12-03T11:57:08","date_gmt":"2021-12-03T11:57:08","guid":{"rendered":"https:\/\/creantum.com\/?page_id=9105"},"modified":"2025-04-10T11:41:02","modified_gmt":"2025-04-10T11:41:02","slug":"plans-de-formacio","status":"publish","type":"page","link":"https:\/\/creantum.com\/ca\/plans-de-formacio\/","title":{"rendered":"PLANS DE FORMACI\u00d3"},"content":{"rendered":"<section class=\"l-section wpb_row us_custom_6df4bc3a has_text_color height_huge with_img parallax_fixed\"><div class=\"l-section-img\" style=\"background-image: url(https:\/\/creantum.com\/wp-content\/uploads\/2022\/02\/planes-de-formacion.jpg);background-position: top center;background-repeat: no-repeat;\" data-img-width=\"1920\" data-img-height=\"1280\"><\/div><div class=\"l-section-overlay\" style=\"background:rgba(26,26,26,0.85)\"><\/div><div class=\"l-section-h i-cf\"><div class=\"g-cols vc_row via_flex valign_top type_default stacking_default\"><div class=\"vc_col-sm-12 wpb_column vc_column_container\"><div class=\"vc_column-inner\"><div class=\"wpb_wrapper\"><div class=\"wpb_text_column\"><div class=\"wpb_wrapper\"><h1 style=\"text-align: left;\">Plans de formaci\u00f3<\/h1>\n<h2><span style=\"color: #00ccff;\">La formaci\u00f3 cont\u00ednua \u00e9s el millor mecanisme de superviv\u00e8ncia<\/span><\/h2>\n<\/div><\/div><\/div><\/div><\/div><\/div><\/div><\/section><section class=\"l-section wpb_row height_medium\"><div class=\"l-section-h i-cf\"><div class=\"g-cols vc_row via_flex valign_top type_default stacking_default\"><div class=\"vc_col-sm-12 wpb_column vc_column_container\"><div class=\"vc_column-inner\"><div class=\"wpb_wrapper\"><div class=\"wpb_text_column\"><div class=\"wpb_wrapper\"><p align=\"center\">Un pla de formaci\u00f3 empresarial \u00e9s un document estructurat que<b> identifica les necessitats de desenvolupament dels empleats<\/b> i descriu les estrat\u00e8gies i activitats planificades per abordar aquestes necessitats. T\u00e9 com a objectiu millorar les habilitats, coneixements i compet\u00e8ncies del personal perqu\u00e8 puguin assolir les metes i els objectius de l&#8217;empresa de manera m\u00e9s efectiva i eficient.<\/p>\n<p style=\"text-align: center; font-size: 24px;\">Acompanyem a l\u2019empresa en el desenvolupament del seu potencial<br \/>\na trav\u00e9s dels plans de formaci\u00f3, participant en cada una de les fases que ho requereixi.<\/p>\n<p>&nbsp;<\/p>\n<p align=\"center\">Aqu\u00ed et deixem: <a href=\"https:\/\/creantum.com\/plan-de-formacion\/\" target=\"_blank\" rel=\"noopener\">BENEFICIS DELS PLANS DE FORMACI\u00d3<\/a><\/p>\n<p align=\"center\">amb l&#8217;objectiu de millorar i consolidar el <a href=\"https:\/\/cho.creantum.com\/consolidacion-del-bienestar-y-de-la-felicidad-laboral\/\" target=\"_blank\" rel=\"noopener\">BENESTAR EMPRESARIAL<\/a><\/p>\n<\/div><\/div><div class=\"w-separator size_medium\"><\/div><div class=\"g-cols wpb_row caixes_creantum via_flex valign_top type_default stacking_default\" style=\"--additional-gap:20px;\"><div class=\"vc_col-sm-6 wpb_column vc_column_container has_text_color\"><div class=\"vc_column-inner us_custom_6df4bc3a\"><div class=\"wpb_wrapper\"><div class=\"w-tabs us_custom_0826c9bb style_default switch_click accordion has_scrolling\"><div class=\"w-tabs-sections titles-align_center icon_chevron cpos_right\"><div class=\"w-tabs-section no_indents\" id=\"l151\"><button class=\"w-tabs-section-header\" aria-controls=\"content-l151\" aria-expanded=\"false\"><h3 class=\"w-tabs-section-title\">FASE 1: Detecci\u00f3 de necessitats formatives<\/h3><div class=\"w-tabs-section-control\"><\/div><\/button><div  class=\"w-tabs-section-content\" id=\"content-l151\"><div class=\"w-tabs-section-content-h i-cf\"><div class=\"wpb_text_column us_custom_d8cbb9ac\"><div class=\"wpb_wrapper\"><h4><strong>Processos associats:<\/strong><\/h4>\n<ul>\n<li>Disseny del q\u00fcestionari adaptat a les caracter\u00edstiques de la instituci\u00f3.<\/li>\n<li>Subministrament del q\u00fcestionari i supervisi\u00f3 de la seva complimentaci\u00f3<\/li>\n<li>An\u00e0lisi de la informaci\u00f3 obtinguda en el q\u00fcestionari.<\/li>\n<\/ul>\n<h4><strong>Producte final o documents de refer\u00e8ncia:<\/strong><\/h4>\n<ul>\n<li>Llistat de necessitats formatives<\/li>\n<\/ul>\n<\/div><\/div><div class=\"w-separator size_small\"><\/div><\/div><\/div><\/div><\/div><\/div><\/div><\/div><\/div><div class=\"vc_col-sm-6 wpb_column vc_column_container has_text_color\"><div class=\"vc_column-inner us_custom_6df4bc3a\"><div class=\"wpb_wrapper\"><div class=\"w-tabs us_custom_6fe223fa style_default switch_click accordion has_scrolling\"><div class=\"w-tabs-sections titles-align_center icon_chevron cpos_right\"><div class=\"w-tabs-section no_indents\" id=\"f7ff\"><button class=\"w-tabs-section-header\" aria-controls=\"content-f7ff\" aria-expanded=\"false\"><h3 class=\"w-tabs-section-title\">FASE 2: Elaboraci\u00f3 del pla anual de formaci\u00f3<\/h3><div class=\"w-tabs-section-control\"><\/div><\/button><div  class=\"w-tabs-section-content\" id=\"content-f7ff\"><div class=\"w-tabs-section-content-h i-cf\"><div class=\"wpb_text_column us_custom_d8cbb9ac\"><div class=\"wpb_wrapper\"><h4><strong>Processos associats:<\/strong><\/h4>\n<ul>\n<li>An\u00e0lisi documental (descripci\u00f3 de llocs de treball, pla estrat\u00e8gic, etc.)<\/li>\n<li>An\u00e0lisi dels recursos disponibles interns i externs.<\/li>\n<li>Establir prioritats en les accions formatives.<\/li>\n<li>Distribuci\u00f3 i calendaritzaci\u00f3 de les accions formatives.<\/li>\n<\/ul>\n<h4><strong>Producte final o documents de refer\u00e8ncia:<\/strong><\/h4>\n<ul>\n<li>Pla de formaci\u00f3<\/li>\n<\/ul>\n<\/div><\/div><div class=\"w-separator size_small\"><\/div><\/div><\/div><\/div><\/div><\/div><\/div><\/div><\/div><\/div><div class=\"w-separator size_medium\"><\/div><div class=\"g-cols wpb_row caixes_creantum via_flex valign_top type_default stacking_default\" style=\"--additional-gap:20px;\"><div class=\"vc_col-sm-6 wpb_column vc_column_container has_text_color\"><div class=\"vc_column-inner us_custom_6df4bc3a\"><div class=\"wpb_wrapper\"><div class=\"w-tabs us_custom_43ff3bff style_default switch_click accordion has_scrolling\"><div class=\"w-tabs-sections titles-align_center icon_chevron cpos_right\"><div class=\"w-tabs-section no_indents\" id=\"jdb1\"><button class=\"w-tabs-section-header\" aria-controls=\"content-jdb1\" aria-expanded=\"false\"><h3 class=\"w-tabs-section-title\">FASE 3: Execuci\u00f3 del pla de formaci\u00f3<\/h3><div class=\"w-tabs-section-control\"><\/div><\/button><div  class=\"w-tabs-section-content\" id=\"content-jdb1\"><div class=\"w-tabs-section-content-h i-cf\"><div class=\"wpb_text_column us_custom_d8cbb9ac\"><div class=\"wpb_wrapper\"><h4><strong>Processos associats:<\/strong><\/h4>\n<ul>\n<li>Recerca de formadors i\/o centres de formaci\u00f3.<\/li>\n<li>Coordinaci\u00f3 d\u2019alumnes en l\u2019acci\u00f3 formativa.<\/li>\n<li>Seguiment de les accions formatives.<\/li>\n<li><em>Avaluaci\u00f3 de cada acci\u00f3 formativa (formador, instal\u00b7lacions, alumnes).<\/em><\/li>\n<\/ul>\n<h4><strong>Producte final o documents de refer\u00e8ncia:<\/strong><\/h4>\n<ul>\n<li>Informes de seguiment de l\u2019execuci\u00f3 del pla de formaci\u00f3<\/li>\n<\/ul>\n<\/div><\/div><div class=\"w-separator size_small\"><\/div><\/div><\/div><\/div><\/div><\/div><\/div><\/div><\/div><div class=\"vc_col-sm-6 wpb_column vc_column_container has_text_color\"><div class=\"vc_column-inner us_custom_6df4bc3a\"><div class=\"wpb_wrapper\"><div class=\"w-tabs us_custom_afbb4860 style_default switch_click accordion has_scrolling\"><div class=\"w-tabs-sections titles-align_center icon_chevron cpos_right\"><div class=\"w-tabs-section no_indents\" id=\"i262\"><button class=\"w-tabs-section-header\" aria-controls=\"content-i262\" aria-expanded=\"false\"><h3 class=\"w-tabs-section-title\">FASE 4: Avaluaci\u00f3 del pla de formaci\u00f3<\/h3><div class=\"w-tabs-section-control\"><\/div><\/button><div  class=\"w-tabs-section-content\" id=\"content-i262\"><div class=\"w-tabs-section-content-h i-cf\"><div class=\"wpb_text_column us_custom_d8cbb9ac\"><div class=\"wpb_wrapper\"><h4><strong>Processos associats:<\/strong><\/h4>\n<ul>\n<li>Avaluaci\u00f3 de la satisfacci\u00f3 dels alumnes en relaci\u00f3 al lloc de treball.<\/li>\n<li>Avaluaci\u00f3 de l\u2019impacte de la formaci\u00f3 en el lloc de treball.<\/li>\n<\/ul>\n<h4><strong>Producte final o documents de refer\u00e8ncia:<\/strong><\/h4>\n<ul>\n<li>Informe final d\u2019avaluaci\u00f3 del pla de formaci\u00f3<\/li>\n<\/ul>\n<\/div><\/div><div class=\"w-separator size_small\"><\/div><\/div><\/div><\/div><\/div><\/div><\/div><\/div><\/div><\/div><\/div><\/div><\/div><\/div><\/div><\/section><section class=\"l-section wpb_row us_custom_6df4bc3a has_text_color height_medium with_img parallax_fixed\"><div class=\"l-section-img\" style=\"background-image: url(https:\/\/creantum.com\/wp-content\/uploads\/2021\/12\/disc-creantum-01.jpg);background-position: top center;background-repeat: no-repeat;\" data-img-width=\"1920\" data-img-height=\"1280\"><\/div><div class=\"l-section-overlay\" style=\"background:rgba(51,51,51,0.85)\"><\/div><div class=\"l-section-h i-cf\"><div class=\"g-cols vc_row via_flex valign_top type_default stacking_default\"><div class=\"vc_col-sm-12 wpb_column vc_column_container\"><div class=\"vc_column-inner\"><div class=\"wpb_wrapper\"><div class=\"wpb_text_column\"><div class=\"wpb_wrapper\"><p style=\"text-align: center; font-size: 24px;\">Si tens dubtes si us plau contacta&#8217;ns, estarem encantats d&#8217;atendre&#8217;t<\/p>\n<\/div><\/div><div class=\"w-separator size_small\"><\/div><div class=\"w-btn-wrapper align_center\"><a class=\"w-btn us-btn-style_2 contacto_popup_cat\" href=\"javascript:void(0)\"><span class=\"w-btn-label\">Contactar ara<\/span><\/a><\/div><\/div><\/div><\/div><\/div><\/div><\/section>\n","protected":false},"excerpt":{"rendered":"Plans de formaci\u00f3 La formaci\u00f3 cont\u00ednua \u00e9s el millor mecanisme de superviv\u00e8ncia Un pla de formaci\u00f3 empresarial \u00e9s un document estructurat que identifica les necessitats de desenvolupament dels empleats i descriu les estrat\u00e8gies i activitats planificades per abordar aquestes necessitats. T\u00e9 com a objectiu millorar les habilitats, coneixements i compet\u00e8ncies del personal perqu\u00e8 puguin assolir...","protected":false},"author":1,"featured_media":0,"parent":0,"menu_order":0,"comment_status":"closed","ping_status":"closed","template":"","meta":{"footnotes":""},"class_list":["post-9105","page","type-page","status-publish","hentry"],"yoast_head":"<!-- This site is optimized with the Yoast SEO plugin v25.6 - https:\/\/yoast.com\/wordpress\/plugins\/seo\/ -->\n<title>Pla de formaci\u00f3 empresarial<\/title>\n<meta name=\"description\" content=\"Disposar d&#039;un pla de formaci\u00f3 empresarial permet detectar les necessitats de millora i creixement per la viabilitat de l&#039;empresa en el temps\" \/>\n<meta name=\"robots\" content=\"index, follow, max-snippet:-1, max-image-preview:large, max-video-preview:-1\" \/>\n<link rel=\"canonical\" href=\"https:\/\/creantum.com\/ca\/plans-de-formacio\/\" \/>\n<meta property=\"og:locale\" content=\"ca_ES\" \/>\n<meta property=\"og:type\" content=\"article\" \/>\n<meta property=\"og:title\" content=\"Pla de formaci\u00f3 empresarial\" \/>\n<meta property=\"og:description\" content=\"Disposar d&#039;un pla de formaci\u00f3 empresarial permet detectar les necessitats de millora i creixement per la viabilitat de l&#039;empresa en el temps\" \/>\n<meta property=\"og:url\" content=\"https:\/\/creantum.com\/ca\/plans-de-formacio\/\" \/>\n<meta property=\"og:site_name\" content=\"Creantum\" \/>\n<meta property=\"article:modified_time\" content=\"2025-04-10T11:41:02+00:00\" \/>\n<meta name=\"twitter:card\" content=\"summary_large_image\" \/>\n<meta name=\"twitter:label1\" content=\"Temps estimat de lectura\" \/>\n\t<meta name=\"twitter:data1\" content=\"3 minuts\" \/>\n<script type=\"application\/ld+json\" class=\"yoast-schema-graph\">{\"@context\":\"https:\/\/schema.org\",\"@graph\":[{\"@type\":\"WebPage\",\"@id\":\"https:\/\/creantum.com\/ca\/plans-de-formacio\/\",\"url\":\"https:\/\/creantum.com\/ca\/plans-de-formacio\/\",\"name\":\"Pla de formaci\u00f3 empresarial\",\"isPartOf\":{\"@id\":\"https:\/\/creantum.com\/#website\"},\"datePublished\":\"2021-12-03T11:57:08+00:00\",\"dateModified\":\"2025-04-10T11:41:02+00:00\",\"description\":\"Disposar d'un pla de formaci\u00f3 empresarial permet detectar les necessitats de millora i creixement per la viabilitat de l'empresa en el temps\",\"breadcrumb\":{\"@id\":\"https:\/\/creantum.com\/ca\/plans-de-formacio\/#breadcrumb\"},\"inLanguage\":\"ca\",\"potentialAction\":[{\"@type\":\"ReadAction\",\"target\":[\"https:\/\/creantum.com\/ca\/plans-de-formacio\/\"]}]},{\"@type\":\"BreadcrumbList\",\"@id\":\"https:\/\/creantum.com\/ca\/plans-de-formacio\/#breadcrumb\",\"itemListElement\":[{\"@type\":\"ListItem\",\"position\":1,\"name\":\"Portada\",\"item\":\"https:\/\/creantum.com\/ca\/\"},{\"@type\":\"ListItem\",\"position\":2,\"name\":\"PLANS DE FORMACI\u00d3\"}]},{\"@type\":\"WebSite\",\"@id\":\"https:\/\/creantum.com\/#website\",\"url\":\"https:\/\/creantum.com\/\",\"name\":\"Creantum\",\"description\":\"Consultor\u00eda estrat\u00e9gica y de RRHH en Barcelona y Girona\",\"potentialAction\":[{\"@type\":\"SearchAction\",\"target\":{\"@type\":\"EntryPoint\",\"urlTemplate\":\"https:\/\/creantum.com\/?s={search_term_string}\"},\"query-input\":{\"@type\":\"PropertyValueSpecification\",\"valueRequired\":true,\"valueName\":\"search_term_string\"}}],\"inLanguage\":\"ca\"}]}<\/script>\n<!-- \/ Yoast SEO plugin. -->","yoast_head_json":{"title":"Pla de formaci\u00f3 empresarial","description":"Disposar d'un pla de formaci\u00f3 empresarial permet detectar les necessitats de millora i creixement per la viabilitat de l'empresa en el temps","robots":{"index":"index","follow":"follow","max-snippet":"max-snippet:-1","max-image-preview":"max-image-preview:large","max-video-preview":"max-video-preview:-1"},"canonical":"https:\/\/creantum.com\/ca\/plans-de-formacio\/","og_locale":"ca_ES","og_type":"article","og_title":"Pla de formaci\u00f3 empresarial","og_description":"Disposar d'un pla de formaci\u00f3 empresarial permet detectar les necessitats de millora i creixement per la viabilitat de l'empresa en el temps","og_url":"https:\/\/creantum.com\/ca\/plans-de-formacio\/","og_site_name":"Creantum","article_modified_time":"2025-04-10T11:41:02+00:00","twitter_card":"summary_large_image","twitter_misc":{"Temps estimat de lectura":"3 minuts"},"schema":{"@context":"https:\/\/schema.org","@graph":[{"@type":"WebPage","@id":"https:\/\/creantum.com\/ca\/plans-de-formacio\/","url":"https:\/\/creantum.com\/ca\/plans-de-formacio\/","name":"Pla de formaci\u00f3 empresarial","isPartOf":{"@id":"https:\/\/creantum.com\/#website"},"datePublished":"2021-12-03T11:57:08+00:00","dateModified":"2025-04-10T11:41:02+00:00","description":"Disposar d'un pla de formaci\u00f3 empresarial permet detectar les necessitats de millora i creixement per la viabilitat de l'empresa en el temps","breadcrumb":{"@id":"https:\/\/creantum.com\/ca\/plans-de-formacio\/#breadcrumb"},"inLanguage":"ca","potentialAction":[{"@type":"ReadAction","target":["https:\/\/creantum.com\/ca\/plans-de-formacio\/"]}]},{"@type":"BreadcrumbList","@id":"https:\/\/creantum.com\/ca\/plans-de-formacio\/#breadcrumb","itemListElement":[{"@type":"ListItem","position":1,"name":"Portada","item":"https:\/\/creantum.com\/ca\/"},{"@type":"ListItem","position":2,"name":"PLANS DE FORMACI\u00d3"}]},{"@type":"WebSite","@id":"https:\/\/creantum.com\/#website","url":"https:\/\/creantum.com\/","name":"Creantum","description":"Consultor\u00eda estrat\u00e9gica y de RRHH en Barcelona y Girona","potentialAction":[{"@type":"SearchAction","target":{"@type":"EntryPoint","urlTemplate":"https:\/\/creantum.com\/?s={search_term_string}"},"query-input":{"@type":"PropertyValueSpecification","valueRequired":true,"valueName":"search_term_string"}}],"inLanguage":"ca"}]}},"_links":{"self":[{"href":"https:\/\/creantum.com\/ca\/wp-json\/wp\/v2\/pages\/9105"}],"collection":[{"href":"https:\/\/creantum.com\/ca\/wp-json\/wp\/v2\/pages"}],"about":[{"href":"https:\/\/creantum.com\/ca\/wp-json\/wp\/v2\/types\/page"}],"author":[{"embeddable":true,"href":"https:\/\/creantum.com\/ca\/wp-json\/wp\/v2\/users\/1"}],"replies":[{"embeddable":true,"href":"https:\/\/creantum.com\/ca\/wp-json\/wp\/v2\/comments?post=9105"}],"version-history":[{"count":7,"href":"https:\/\/creantum.com\/ca\/wp-json\/wp\/v2\/pages\/9105\/revisions"}],"predecessor-version":[{"id":52221,"href":"https:\/\/creantum.com\/ca\/wp-json\/wp\/v2\/pages\/9105\/revisions\/52221"}],"wp:attachment":[{"href":"https:\/\/creantum.com\/ca\/wp-json\/wp\/v2\/media?parent=9105"}],"curies":[{"name":"wp","href":"https:\/\/api.w.org\/{rel}","templated":true}]}}