{"id":9108,"date":"2021-12-03T11:57:19","date_gmt":"2021-12-03T11:57:19","guid":{"rendered":"https:\/\/creantum.com\/?page_id=9108"},"modified":"2025-04-10T11:41:38","modified_gmt":"2025-04-10T11:41:38","slug":"gestio-amb-fundae","status":"publish","type":"page","link":"https:\/\/creantum.com\/ca\/gestio-amb-fundae\/","title":{"rendered":"GESTI\u00d3 AMB FUNDAE"},"content":{"rendered":"<section class=\"l-section wpb_row us_custom_6df4bc3a has_text_color height_huge with_img parallax_fixed\"><div class=\"l-section-img\" style=\"background-image: url(https:\/\/creantum.com\/wp-content\/uploads\/2022\/02\/fundae.jpg);background-position: top center;background-repeat: no-repeat;\" data-img-width=\"1920\" data-img-height=\"1280\"><\/div><div class=\"l-section-overlay\" style=\"background:rgba(26,26,26,0.90)\"><\/div><div class=\"l-section-h i-cf\"><div class=\"g-cols vc_row via_flex valign_top type_default stacking_default\"><div class=\"vc_col-sm-12 wpb_column vc_column_container\"><div class=\"vc_column-inner\"><div class=\"wpb_wrapper\"><div class=\"wpb_text_column\"><div class=\"wpb_wrapper\"><h1 style=\"text-align: left;\">Formaci\u00f3 &#8211; Gesti\u00f3 con Fundae<\/h1>\n<h2><span style=\"color: #00ccff;\">Formaci\u00f3 bonificada empresarial<\/span><\/h2>\n<\/div><\/div><\/div><\/div><\/div><\/div><\/div><\/section><section class=\"l-section wpb_row height_auto width_full parallax_fixed\"><div class=\"l-section-h i-cf\"><div class=\"g-cols vc_row via_flex valign_top type_boxes stacking_default\"><div class=\"vc_col-sm-6 wpb_column vc_column_container\"><div class=\"vc_column-inner\"><div class=\"wpb_wrapper\"><div class=\"wpb_text_column\"><div class=\"wpb_wrapper\"><h2 style=\"text-align: left;\">Tramitaci\u00f3 de les <strong>bonificacions amb FUNDAE<\/strong><\/h2>\n<\/div><\/div><div class=\"w-separator size_medium\"><\/div><div class=\"wpb_text_column\"><div class=\"wpb_wrapper\"><p>Bonificaci\u00f3 de la formaci\u00f3 amb FUNDAE: Aquelles empreses que tenen treballadors donats d\u2019alta en r\u00e8gim general, podran bonificar una part o \u00edntegrament de les activitats formatives que realitzen amb nosaltres. Si vols saber m\u00e9s clicka aqu\u00ed: <a href=\"https:\/\/creantum.com\/aprovecha-el-credito-de-fundae-para-la-formacion\/\" target=\"_blank\" rel=\"noopener\">Cr\u00e8dit formatiu<\/a><\/p>\n<p>L\u2019entitat que gestiona i regula el cr\u00e8dit formatiu \u00e9s la <a href=\"https:\/\/www.fundae.es\/\" target=\"_blank\" rel=\"noopener\">Fundae<\/a> i aquesta permet bonificar les formacions de les quotes de la seguretat social.<\/p>\n<p>La Fundaci\u00f3 Estatal per a la Formaci\u00f3 a l&#8217;Ocupaci\u00f3, coneguda com a FUNDAE, \u00e9s una entitat a Espanya encarregada de promoure i finan\u00e7ar la formaci\u00f3 professional per a l&#8217;ocupaci\u00f3. T\u00e9 com a objectiu millorar la qualificaci\u00f3 dels treballadors i contribuir al desenvolupament de les seves compet\u00e8ncies a l&#8217;\u00e0mbit laboral.<\/p>\n<p>La nostra empresa actua com a entitat organitzadora pel que pot gestionar els tr\u00e0mits administratius perqu\u00e8 l\u2019empresa pugui bonificar-se la formaci\u00f3 realitzada i reduir els seus costos formatius.<\/p>\n<p>Com a entitat formativa inscrita al registre d\u2019entitats formatives, les nostres formacions poden ser objecte de bonificaci\u00f3 ja sigui a trav\u00e9s de la gesti\u00f3 d\u2019una altra entitat organitzadora o de la pr\u00f2pia empresa.<\/p>\n<p>Totes les empreses amb treballadors en r\u00e8gim general, disposen de Cr\u00e8dit formatiu per utilitzar en les seves formacions durant l\u2019any.<\/p>\n<\/div><\/div><\/div><\/div><\/div><div class=\"vc_col-sm-6 wpb_column vc_column_container has_bg_color\"><div class=\"vc_column-inner us_custom_5f762c1e\"><div class=\"wpb_wrapper\"><\/div><\/div><\/div><\/div><\/div><\/section><section class=\"l-section wpb_row us_custom_6df4bc3a has_text_color height_medium with_img parallax_fixed\"><div class=\"l-section-img\" style=\"background-image: url(https:\/\/creantum.com\/wp-content\/uploads\/2021\/12\/disc-creantum-01.jpg);background-position: top center;background-repeat: no-repeat;\" data-img-width=\"1920\" data-img-height=\"1280\"><\/div><div class=\"l-section-overlay\" style=\"background:rgba(51,51,51,0.85)\"><\/div><div class=\"l-section-h i-cf\"><div class=\"g-cols vc_row via_flex valign_top type_default stacking_default\"><div class=\"vc_col-sm-12 wpb_column vc_column_container\"><div class=\"vc_column-inner\"><div class=\"wpb_wrapper\"><div class=\"wpb_text_column\"><div class=\"wpb_wrapper\"><h3 align=\"center\">Totes aquelles empreses que vulguin aprofitar la bonificaci\u00f3 de la formaci\u00f3 amb FUNDAE, ens poden contactar i els explicarem com fer-ho.<\/h3>\n<\/div><\/div><div class=\"w-separator size_small\"><\/div><div class=\"w-btn-wrapper align_center\"><a class=\"w-btn us-btn-style_2 contacto_popup_cat\" href=\"javascript:void(0)\"><span class=\"w-btn-label\">Contactar ara<\/span><\/a><\/div><\/div><\/div><\/div><\/div><\/div><\/section>\n","protected":false},"excerpt":{"rendered":"Formaci\u00f3 &#8211; Gesti\u00f3 con Fundae Formaci\u00f3 bonificada empresarial Tramitaci\u00f3 de les bonificacions amb FUNDAE Bonificaci\u00f3 de la formaci\u00f3 amb FUNDAE: Aquelles empreses que tenen treballadors donats d\u2019alta en r\u00e8gim general, podran bonificar una part o \u00edntegrament de les activitats formatives que realitzen amb nosaltres. Si vols saber m\u00e9s clicka aqu\u00ed: Cr\u00e8dit formatiu L\u2019entitat que gestiona...","protected":false},"author":1,"featured_media":0,"parent":0,"menu_order":0,"comment_status":"closed","ping_status":"closed","template":"","meta":{"footnotes":""},"class_list":["post-9108","page","type-page","status-publish","hentry"],"yoast_head":"<!-- This site is optimized with the Yoast SEO plugin v25.6 - https:\/\/yoast.com\/wordpress\/plugins\/seo\/ -->\n<title>Bonificaci\u00f3 formaci\u00f3 amb FUNDAE<\/title>\n<meta name=\"description\" content=\"Totes aquelles empreses que vulguin aprofitar la bonificaci\u00f3 de la formaci\u00f3 amb FUNDAE, ens poden contactar i els explicarem com fer-ho.\" \/>\n<meta name=\"robots\" content=\"index, follow, max-snippet:-1, max-image-preview:large, max-video-preview:-1\" \/>\n<link rel=\"canonical\" href=\"https:\/\/creantum.com\/ca\/gestio-amb-fundae\/\" \/>\n<meta property=\"og:locale\" content=\"ca_ES\" \/>\n<meta property=\"og:type\" content=\"article\" \/>\n<meta property=\"og:title\" content=\"Bonificaci\u00f3 formaci\u00f3 amb FUNDAE\" \/>\n<meta property=\"og:description\" content=\"Totes aquelles empreses que vulguin aprofitar la bonificaci\u00f3 de la formaci\u00f3 amb FUNDAE, ens poden contactar i els explicarem com fer-ho.\" \/>\n<meta property=\"og:url\" content=\"https:\/\/creantum.com\/ca\/gestio-amb-fundae\/\" \/>\n<meta property=\"og:site_name\" content=\"Creantum\" \/>\n<meta property=\"article:modified_time\" content=\"2025-04-10T11:41:38+00:00\" \/>\n<meta name=\"twitter:card\" content=\"summary_large_image\" \/>\n<meta name=\"twitter:label1\" content=\"Temps estimat de lectura\" \/>\n\t<meta name=\"twitter:data1\" content=\"2 minuts\" \/>\n<script type=\"application\/ld+json\" class=\"yoast-schema-graph\">{\"@context\":\"https:\/\/schema.org\",\"@graph\":[{\"@type\":\"WebPage\",\"@id\":\"https:\/\/creantum.com\/ca\/gestio-amb-fundae\/\",\"url\":\"https:\/\/creantum.com\/ca\/gestio-amb-fundae\/\",\"name\":\"Bonificaci\u00f3 formaci\u00f3 amb FUNDAE\",\"isPartOf\":{\"@id\":\"https:\/\/creantum.com\/#website\"},\"datePublished\":\"2021-12-03T11:57:19+00:00\",\"dateModified\":\"2025-04-10T11:41:38+00:00\",\"description\":\"Totes aquelles empreses que vulguin aprofitar la bonificaci\u00f3 de la formaci\u00f3 amb FUNDAE, ens poden contactar i els explicarem com fer-ho.\",\"breadcrumb\":{\"@id\":\"https:\/\/creantum.com\/ca\/gestio-amb-fundae\/#breadcrumb\"},\"inLanguage\":\"ca\",\"potentialAction\":[{\"@type\":\"ReadAction\",\"target\":[\"https:\/\/creantum.com\/ca\/gestio-amb-fundae\/\"]}]},{\"@type\":\"BreadcrumbList\",\"@id\":\"https:\/\/creantum.com\/ca\/gestio-amb-fundae\/#breadcrumb\",\"itemListElement\":[{\"@type\":\"ListItem\",\"position\":1,\"name\":\"Portada\",\"item\":\"https:\/\/creantum.com\/ca\/\"},{\"@type\":\"ListItem\",\"position\":2,\"name\":\"GESTI\u00d3 AMB FUNDAE\"}]},{\"@type\":\"WebSite\",\"@id\":\"https:\/\/creantum.com\/#website\",\"url\":\"https:\/\/creantum.com\/\",\"name\":\"Creantum\",\"description\":\"Consultor\u00eda estrat\u00e9gica y de RRHH en Barcelona y Girona\",\"potentialAction\":[{\"@type\":\"SearchAction\",\"target\":{\"@type\":\"EntryPoint\",\"urlTemplate\":\"https:\/\/creantum.com\/?s={search_term_string}\"},\"query-input\":{\"@type\":\"PropertyValueSpecification\",\"valueRequired\":true,\"valueName\":\"search_term_string\"}}],\"inLanguage\":\"ca\"}]}<\/script>\n<!-- \/ Yoast SEO plugin. -->","yoast_head_json":{"title":"Bonificaci\u00f3 formaci\u00f3 amb FUNDAE","description":"Totes aquelles empreses que vulguin aprofitar la bonificaci\u00f3 de la formaci\u00f3 amb FUNDAE, ens poden contactar i els explicarem com fer-ho.","robots":{"index":"index","follow":"follow","max-snippet":"max-snippet:-1","max-image-preview":"max-image-preview:large","max-video-preview":"max-video-preview:-1"},"canonical":"https:\/\/creantum.com\/ca\/gestio-amb-fundae\/","og_locale":"ca_ES","og_type":"article","og_title":"Bonificaci\u00f3 formaci\u00f3 amb FUNDAE","og_description":"Totes aquelles empreses que vulguin aprofitar la bonificaci\u00f3 de la formaci\u00f3 amb FUNDAE, ens poden contactar i els explicarem com fer-ho.","og_url":"https:\/\/creantum.com\/ca\/gestio-amb-fundae\/","og_site_name":"Creantum","article_modified_time":"2025-04-10T11:41:38+00:00","twitter_card":"summary_large_image","twitter_misc":{"Temps estimat de lectura":"2 minuts"},"schema":{"@context":"https:\/\/schema.org","@graph":[{"@type":"WebPage","@id":"https:\/\/creantum.com\/ca\/gestio-amb-fundae\/","url":"https:\/\/creantum.com\/ca\/gestio-amb-fundae\/","name":"Bonificaci\u00f3 formaci\u00f3 amb FUNDAE","isPartOf":{"@id":"https:\/\/creantum.com\/#website"},"datePublished":"2021-12-03T11:57:19+00:00","dateModified":"2025-04-10T11:41:38+00:00","description":"Totes aquelles empreses que vulguin aprofitar la bonificaci\u00f3 de la formaci\u00f3 amb FUNDAE, ens poden contactar i els explicarem com fer-ho.","breadcrumb":{"@id":"https:\/\/creantum.com\/ca\/gestio-amb-fundae\/#breadcrumb"},"inLanguage":"ca","potentialAction":[{"@type":"ReadAction","target":["https:\/\/creantum.com\/ca\/gestio-amb-fundae\/"]}]},{"@type":"BreadcrumbList","@id":"https:\/\/creantum.com\/ca\/gestio-amb-fundae\/#breadcrumb","itemListElement":[{"@type":"ListItem","position":1,"name":"Portada","item":"https:\/\/creantum.com\/ca\/"},{"@type":"ListItem","position":2,"name":"GESTI\u00d3 AMB FUNDAE"}]},{"@type":"WebSite","@id":"https:\/\/creantum.com\/#website","url":"https:\/\/creantum.com\/","name":"Creantum","description":"Consultor\u00eda estrat\u00e9gica y de RRHH en Barcelona y Girona","potentialAction":[{"@type":"SearchAction","target":{"@type":"EntryPoint","urlTemplate":"https:\/\/creantum.com\/?s={search_term_string}"},"query-input":{"@type":"PropertyValueSpecification","valueRequired":true,"valueName":"search_term_string"}}],"inLanguage":"ca"}]}},"_links":{"self":[{"href":"https:\/\/creantum.com\/ca\/wp-json\/wp\/v2\/pages\/9108"}],"collection":[{"href":"https:\/\/creantum.com\/ca\/wp-json\/wp\/v2\/pages"}],"about":[{"href":"https:\/\/creantum.com\/ca\/wp-json\/wp\/v2\/types\/page"}],"author":[{"embeddable":true,"href":"https:\/\/creantum.com\/ca\/wp-json\/wp\/v2\/users\/1"}],"replies":[{"embeddable":true,"href":"https:\/\/creantum.com\/ca\/wp-json\/wp\/v2\/comments?post=9108"}],"version-history":[{"count":6,"href":"https:\/\/creantum.com\/ca\/wp-json\/wp\/v2\/pages\/9108\/revisions"}],"predecessor-version":[{"id":52222,"href":"https:\/\/creantum.com\/ca\/wp-json\/wp\/v2\/pages\/9108\/revisions\/52222"}],"wp:attachment":[{"href":"https:\/\/creantum.com\/ca\/wp-json\/wp\/v2\/media?parent=9108"}],"curies":[{"name":"wp","href":"https:\/\/api.w.org\/{rel}","templated":true}]}}