{"id":9111,"date":"2022-02-14T11:45:25","date_gmt":"2022-02-14T11:45:25","guid":{"rendered":"https:\/\/creantum.com\/?page_id=9111"},"modified":"2025-04-10T11:43:37","modified_gmt":"2025-04-10T11:43:37","slug":"digitalitzem-formacions","status":"publish","type":"page","link":"https:\/\/creantum.com\/ca\/digitalitzem-formacions\/","title":{"rendered":"DIGITALITZEM FORMACIONS"},"content":{"rendered":"<section class=\"l-section wpb_row us_custom_6df4bc3a has_text_color height_huge with_img\"><div class=\"l-section-img\" style=\"background-image: url(https:\/\/creantum.com\/wp-content\/uploads\/2022\/02\/digitalizacion-de-formaciones-03.jpg);background-repeat: no-repeat;\" data-img-width=\"1920\" data-img-height=\"1078\"><\/div><div class=\"l-section-overlay\" style=\"background:linear-gradient(90deg,rgba(26,26,26,0.70),rgba(0,0,0,0.15))\"><\/div><div class=\"l-section-h i-cf\"><div class=\"g-cols vc_row via_flex valign_top type_default stacking_default\"><div class=\"vc_col-sm-12 wpb_column vc_column_container\"><div class=\"vc_column-inner\"><div class=\"wpb_wrapper\"><div class=\"wpb_text_column\"><div class=\"wpb_wrapper\"><h1 style=\"text-align: left;\">Digitalitzem formacions<\/h1>\n<h2><span style=\"color: #00ccff;\">Analitzem dades per potenciar talents<\/span><\/h2>\n<\/div><\/div><\/div><\/div><\/div><\/div><\/div><\/section><section class=\"l-section wpb_row height_medium\"><div class=\"l-section-h i-cf\"><div class=\"g-cols vc_row via_flex valign_top type_default stacking_default\"><div class=\"vc_col-sm-12 wpb_column vc_column_container\"><div class=\"vc_column-inner\"><div class=\"wpb_wrapper\"><div class=\"wpb_text_column\"><div class=\"wpb_wrapper\"><h2 style=\"text-align: center;\">Partner tecnol\u00f2gic en RRHH<\/h2>\n<\/div><\/div><\/div><\/div><\/div><\/div><\/div><\/section><section class=\"l-section wpb_row us_custom_6df4bc3a caixes_creantum has_text_color height_medium\"><div class=\"l-section-h i-cf\"><div class=\"g-cols vc_row via_flex valign_top type_boxes stacking_default\" style=\"--additional-gap:25px;\"><div class=\"vc_col-sm-6 wpb_column vc_column_container has_bg_color\"><div class=\"vc_column-inner us_custom_9111b7f6\"><div class=\"vc_column-overlay\" style=\"background:rgba(26,26,26,0.85)\"><\/div><div class=\"wpb_wrapper\"><div class=\"wpb_text_column us_custom_bb7967fc\"><div class=\"wpb_wrapper\"><h3><strong>DIGITALITZEM FORMACIONS<\/strong><\/h3>\n<p>T\u2019oferim una plataforma de gravaci\u00f3, administraci\u00f3 i gesti\u00f3 de v\u00eddeo que est\u00e0 sent utilitzada per organitzacions de tot el m\u00f3n per millorar els seus programes de formaci\u00f3, promovent la cultura de l\u2019aprenentatge col\u00b7laboratiu, compartint coneixements i enfocaments interns dels experts en les mat\u00e8ries i molt m\u00e9s.<\/p>\n<p><strong>Aquesta plataforma pot ajudar si es vol utilitzar v\u00eddeo per:<\/strong><\/p>\n<ul>\n<li>\n<div id=\"list-icon-wrap-5391\" class=\"uavc-list-content\"><span class=\"uavc-list-desc ult-responsive\" data-ultimate-target=\"#list-icon-wrap-5391 .uavc-list-desc\" data-responsive-json-new=\"{&quot;font-size&quot;:&quot;&quot;,&quot;line-height&quot;:&quot;&quot;}\">Fer els seus programes de formaci\u00f3 m\u00e9s efectius pel que fa al cost.<\/span><\/div>\n<\/li>\n<li>\n<div id=\"list-icon-wrap-4135\" class=\"uavc-list-content\">\n<div class=\"uavc-list-icon \" data-animation=\"\" data-animation-delay=\"03\">\n<div class=\"ult-just-icon-wrapper \">\n<div class=\"align-icon\">\n<div class=\"aio-icon none \">Permetre que el seu personal revisi els conceptes de formaci\u00f3 clau de manera r\u00e0pida i f\u00e0cil.<\/div>\n<\/div>\n<\/div>\n<\/div>\n<\/div>\n<\/li>\n<li>\n<div id=\"list-icon-wrap-8992\" class=\"uavc-list-content\">\n<div class=\"uavc-list-icon \" data-animation=\"\" data-animation-delay=\"03\">\n<div class=\"ult-just-icon-wrapper \">\n<div class=\"align-icon\">\n<div class=\"aio-icon none \">Assegurar la consist\u00e8ncia entre els missatges i el contingut d\u2019aprenentatge i desenvolupament dins de la seva organitzaci\u00f3.<\/div>\n<\/div>\n<\/div>\n<\/div>\n<\/div>\n<\/li>\n<\/ul>\n<\/div><\/div><\/div><\/div><\/div><div class=\"vc_col-sm-6 wpb_column vc_column_container has_bg_color\"><div class=\"vc_column-inner us_custom_d53fc749\"><div class=\"vc_column-overlay\" style=\"background:rgba(26,26,26,0.85)\"><\/div><div class=\"wpb_wrapper\"><div class=\"wpb_text_column us_custom_bb7967fc\"><div class=\"wpb_wrapper\"><h3><strong>Qu\u00e8 puc fer amb aquesta plataforma?<\/strong><\/h3>\n<ul>\n<li>\n<div id=\"list-icon-wrap-9711\" class=\"uavc-list-content\"><span class=\"uavc-list-desc ult-responsive\" data-ultimate-target=\"#list-icon-wrap-9711 .uavc-list-desc\" data-responsive-json-new=\"{&quot;font-size&quot;:&quot;&quot;,&quot;line-height&quot;:&quot;&quot;}\">T\u2019oferim un VCMS (V\u00eddeo Content Management System) comprensible que proveeix a la seva organitzaci\u00f3 d\u2019una biblioteca central on vost\u00e8 pot gestionar totes les seves fonts de v\u00eddeo i assegurar el seu correcte acc\u00e9s per part del personal, als materials correctes en el moment adequat.<\/span><\/div>\n<\/li>\n<li>\n<div id=\"list-icon-wrap-3336\" class=\"uavc-list-content\">\n<div class=\"uavc-list-icon \" data-animation=\"\" data-animation-delay=\"03\">\n<div class=\"ult-just-icon-wrapper \">\n<div class=\"align-icon\">\n<div class=\"aio-icon none \">Permet tamb\u00e9 gravar v\u00eddeo usant qualsevol cosa; des del seu iPhone fins al seu port\u00e0til i editar de forma r\u00e0pida per despr\u00e9s distribuir aquest material.<\/div>\n<\/div>\n<\/div>\n<\/div>\n<\/div>\n<\/li>\n<li>\n<div id=\"list-icon-wrap-8023\" class=\"uavc-list-content\">\n<div class=\"uavc-list-icon \" data-animation=\"\" data-animation-delay=\"03\">\n<div class=\"ult-just-icon-wrapper \">\n<div class=\"align-icon\">\n<div class=\"aio-icon none \">A m\u00e9s posseeix la millor recerca \u201cdins-v\u00eddeo\u201d disponible al mercat permetent als seus usuaris fer cerques de paraules clau espec\u00edfiques per arribar al moment exacte en el v\u00eddeo on aquesta paraula aparegui.<\/div>\n<\/div>\n<\/div>\n<\/div>\n<\/div>\n<\/li>\n<\/ul>\n<\/div><\/div><\/div><\/div><\/div><\/div><\/div><\/section><section class=\"l-section wpb_row us_custom_6df4bc3a has_text_color height_medium with_img parallax_fixed\"><div class=\"l-section-img\" style=\"background-image: url(https:\/\/creantum.com\/wp-content\/uploads\/2021\/12\/formacion-creantum-06.jpg);background-position: top center;background-repeat: no-repeat;\" data-img-width=\"1920\" data-img-height=\"904\"><\/div><div class=\"l-section-overlay\" style=\"background:rgba(51,51,51,0.85)\"><\/div><div class=\"l-section-h i-cf\"><div class=\"g-cols vc_row via_flex valign_top type_default stacking_default\"><div class=\"vc_col-sm-12 wpb_column vc_column_container\"><div class=\"vc_column-inner\"><div class=\"wpb_wrapper\"><div class=\"wpb_text_column\"><div class=\"wpb_wrapper\"><p style=\"text-align: center; font-size: 24px;\">Si tens dubtes si us plau contacta&#8217;ns, estarem encantats d&#8217;atendre&#8217;t<\/p>\n<\/div><\/div><div class=\"w-separator size_small\"><\/div><div class=\"w-btn-wrapper align_center\"><a class=\"w-btn us-btn-style_2 contacto_popup_cat\" href=\"javascript:void(0)\"><span class=\"w-btn-label\">Contactar ara<\/span><\/a><\/div><\/div><\/div><\/div><\/div><\/div><\/section>\n","protected":false},"excerpt":{"rendered":"Digitalitzem formacions Analitzem dades per potenciar talents Partner tecnol\u00f2gic en RRHH DIGITALITZEM FORMACIONS T\u2019oferim una plataforma de gravaci\u00f3, administraci\u00f3 i gesti\u00f3 de v\u00eddeo que est\u00e0 sent utilitzada per organitzacions de tot el m\u00f3n per millorar els seus programes de formaci\u00f3, promovent la cultura de l\u2019aprenentatge col\u00b7laboratiu, compartint coneixements i enfocaments interns dels experts en les...","protected":false},"author":1,"featured_media":0,"parent":0,"menu_order":0,"comment_status":"closed","ping_status":"closed","template":"","meta":{"footnotes":""},"class_list":["post-9111","page","type-page","status-publish","hentry"],"yoast_head":"<!-- This site is optimized with the Yoast SEO plugin v25.6 - https:\/\/yoast.com\/wordpress\/plugins\/seo\/ -->\n<title>DIGITALITZEM FORMACIONS - Creantum<\/title>\n<meta name=\"robots\" content=\"index, follow, max-snippet:-1, max-image-preview:large, max-video-preview:-1\" \/>\n<link rel=\"canonical\" href=\"https:\/\/creantum.com\/ca\/digitalitzem-formacions\/\" \/>\n<meta property=\"og:locale\" content=\"ca_ES\" \/>\n<meta property=\"og:type\" content=\"article\" \/>\n<meta property=\"og:title\" content=\"DIGITALITZEM FORMACIONS - Creantum\" \/>\n<meta property=\"og:url\" content=\"https:\/\/creantum.com\/ca\/digitalitzem-formacions\/\" \/>\n<meta property=\"og:site_name\" content=\"Creantum\" \/>\n<meta property=\"article:modified_time\" content=\"2025-04-10T11:43:37+00:00\" \/>\n<meta name=\"twitter:card\" content=\"summary_large_image\" \/>\n<meta name=\"twitter:label1\" content=\"Temps estimat de lectura\" \/>\n\t<meta name=\"twitter:data1\" content=\"2 minuts\" \/>\n<script type=\"application\/ld+json\" class=\"yoast-schema-graph\">{\"@context\":\"https:\/\/schema.org\",\"@graph\":[{\"@type\":\"WebPage\",\"@id\":\"https:\/\/creantum.com\/ca\/digitalitzem-formacions\/\",\"url\":\"https:\/\/creantum.com\/ca\/digitalitzem-formacions\/\",\"name\":\"DIGITALITZEM FORMACIONS - Creantum\",\"isPartOf\":{\"@id\":\"https:\/\/creantum.com\/#website\"},\"datePublished\":\"2022-02-14T11:45:25+00:00\",\"dateModified\":\"2025-04-10T11:43:37+00:00\",\"breadcrumb\":{\"@id\":\"https:\/\/creantum.com\/ca\/digitalitzem-formacions\/#breadcrumb\"},\"inLanguage\":\"ca\",\"potentialAction\":[{\"@type\":\"ReadAction\",\"target\":[\"https:\/\/creantum.com\/ca\/digitalitzem-formacions\/\"]}]},{\"@type\":\"BreadcrumbList\",\"@id\":\"https:\/\/creantum.com\/ca\/digitalitzem-formacions\/#breadcrumb\",\"itemListElement\":[{\"@type\":\"ListItem\",\"position\":1,\"name\":\"Portada\",\"item\":\"https:\/\/creantum.com\/ca\/\"},{\"@type\":\"ListItem\",\"position\":2,\"name\":\"DIGITALITZEM FORMACIONS\"}]},{\"@type\":\"WebSite\",\"@id\":\"https:\/\/creantum.com\/#website\",\"url\":\"https:\/\/creantum.com\/\",\"name\":\"Creantum\",\"description\":\"Consultor\u00eda estrat\u00e9gica y de RRHH en Barcelona y Girona\",\"potentialAction\":[{\"@type\":\"SearchAction\",\"target\":{\"@type\":\"EntryPoint\",\"urlTemplate\":\"https:\/\/creantum.com\/?s={search_term_string}\"},\"query-input\":{\"@type\":\"PropertyValueSpecification\",\"valueRequired\":true,\"valueName\":\"search_term_string\"}}],\"inLanguage\":\"ca\"}]}<\/script>\n<!-- \/ Yoast SEO plugin. -->","yoast_head_json":{"title":"DIGITALITZEM FORMACIONS - Creantum","robots":{"index":"index","follow":"follow","max-snippet":"max-snippet:-1","max-image-preview":"max-image-preview:large","max-video-preview":"max-video-preview:-1"},"canonical":"https:\/\/creantum.com\/ca\/digitalitzem-formacions\/","og_locale":"ca_ES","og_type":"article","og_title":"DIGITALITZEM FORMACIONS - Creantum","og_url":"https:\/\/creantum.com\/ca\/digitalitzem-formacions\/","og_site_name":"Creantum","article_modified_time":"2025-04-10T11:43:37+00:00","twitter_card":"summary_large_image","twitter_misc":{"Temps estimat de lectura":"2 minuts"},"schema":{"@context":"https:\/\/schema.org","@graph":[{"@type":"WebPage","@id":"https:\/\/creantum.com\/ca\/digitalitzem-formacions\/","url":"https:\/\/creantum.com\/ca\/digitalitzem-formacions\/","name":"DIGITALITZEM FORMACIONS - Creantum","isPartOf":{"@id":"https:\/\/creantum.com\/#website"},"datePublished":"2022-02-14T11:45:25+00:00","dateModified":"2025-04-10T11:43:37+00:00","breadcrumb":{"@id":"https:\/\/creantum.com\/ca\/digitalitzem-formacions\/#breadcrumb"},"inLanguage":"ca","potentialAction":[{"@type":"ReadAction","target":["https:\/\/creantum.com\/ca\/digitalitzem-formacions\/"]}]},{"@type":"BreadcrumbList","@id":"https:\/\/creantum.com\/ca\/digitalitzem-formacions\/#breadcrumb","itemListElement":[{"@type":"ListItem","position":1,"name":"Portada","item":"https:\/\/creantum.com\/ca\/"},{"@type":"ListItem","position":2,"name":"DIGITALITZEM FORMACIONS"}]},{"@type":"WebSite","@id":"https:\/\/creantum.com\/#website","url":"https:\/\/creantum.com\/","name":"Creantum","description":"Consultor\u00eda estrat\u00e9gica y de RRHH en Barcelona y Girona","potentialAction":[{"@type":"SearchAction","target":{"@type":"EntryPoint","urlTemplate":"https:\/\/creantum.com\/?s={search_term_string}"},"query-input":{"@type":"PropertyValueSpecification","valueRequired":true,"valueName":"search_term_string"}}],"inLanguage":"ca"}]}},"_links":{"self":[{"href":"https:\/\/creantum.com\/ca\/wp-json\/wp\/v2\/pages\/9111"}],"collection":[{"href":"https:\/\/creantum.com\/ca\/wp-json\/wp\/v2\/pages"}],"about":[{"href":"https:\/\/creantum.com\/ca\/wp-json\/wp\/v2\/types\/page"}],"author":[{"embeddable":true,"href":"https:\/\/creantum.com\/ca\/wp-json\/wp\/v2\/users\/1"}],"replies":[{"embeddable":true,"href":"https:\/\/creantum.com\/ca\/wp-json\/wp\/v2\/comments?post=9111"}],"version-history":[{"count":3,"href":"https:\/\/creantum.com\/ca\/wp-json\/wp\/v2\/pages\/9111\/revisions"}],"predecessor-version":[{"id":52223,"href":"https:\/\/creantum.com\/ca\/wp-json\/wp\/v2\/pages\/9111\/revisions\/52223"}],"wp:attachment":[{"href":"https:\/\/creantum.com\/ca\/wp-json\/wp\/v2\/media?parent=9111"}],"curies":[{"name":"wp","href":"https:\/\/api.w.org\/{rel}","templated":true}]}}