{"id":9113,"date":"2021-12-03T11:57:28","date_gmt":"2021-12-03T11:57:28","guid":{"rendered":"https:\/\/creantum.com\/?page_id=9113"},"modified":"2025-04-10T11:44:13","modified_gmt":"2025-04-10T11:44:13","slug":"coaching-individual","status":"publish","type":"page","link":"https:\/\/creantum.com\/ca\/coaching-individual\/","title":{"rendered":"COACHING INDIVIDUAL"},"content":{"rendered":"<section class=\"l-section wpb_row us_custom_6df4bc3a has_text_color height_huge with_img\"><div class=\"l-section-img\" style=\"background-image: url(https:\/\/creantum.com\/wp-content\/uploads\/2022\/02\/coaching-01.jpg);background-repeat: no-repeat;\" data-img-width=\"1920\" data-img-height=\"1280\"><\/div><div class=\"l-section-overlay\" style=\"background:linear-gradient(90deg,rgba(26,26,26,0.70),rgba(0,0,0,0.15))\"><\/div><div class=\"l-section-h i-cf\"><div class=\"g-cols vc_row via_flex valign_top type_default stacking_default\"><div class=\"vc_col-sm-12 wpb_column vc_column_container\"><div class=\"vc_column-inner\"><div class=\"wpb_wrapper\"><div class=\"wpb_text_column\"><div class=\"wpb_wrapper\"><h1 style=\"text-align: left;\">Coaching Individual<\/h1>\n<h2><span style=\"color: #00ccff;\">Desenvolupant persones<\/span><\/h2>\n<\/div><\/div><\/div><\/div><\/div><\/div><\/div><\/section><section class=\"l-section wpb_row height_medium\"><div class=\"l-section-overlay\" style=\"background:#f5f5f5\"><\/div><div class=\"l-section-h i-cf\"><div class=\"g-cols vc_row via_flex valign_top type_default stacking_default\"><div class=\"vc_col-sm-12 wpb_column vc_column_container\"><div class=\"vc_column-inner\"><div class=\"wpb_wrapper\"><div class=\"wpb_text_column\"><div class=\"wpb_wrapper\"><h2 style=\"text-align: center;\">Per a qu\u00e8 serveixen les sessions de Coaching?<\/h2>\n<\/div><\/div><div class=\"w-separator size_medium\"><\/div><div class=\"g-cols wpb_row us_custom_afef2dd2 via_flex valign_top type_default stacking_default\"><div class=\"vc_col-sm-12 wpb_column vc_column_container\"><div class=\"vc_column-inner\"><div class=\"wpb_wrapper\"><div class=\"wpb_text_column\"><div class=\"wpb_wrapper\"><div id=\"list-icon-wrap-1736\" class=\"uavc-list-content\">\n<ul>\n<li><b>Afavoreix el treball en equip:<\/b> Les t\u00e8cniques de coaching s\u00f3n \u00fatils per millorar la comunicaci\u00f3 grupal. Un dels m\u00e8todes m\u00e9s comuns \u00e9s la din\u00e0mica de grups per empatitzar amb els companys i entendre la funci\u00f3 de cada un d&#8217;ells. Aix\u00ed mateix, tamb\u00e9 s&#8217;aconsegueix potenciar els punts forts de cada empleat perqu\u00e8 tots aportin el millor de si mateixos com a equip de treball.<\/li>\n<li><b>Pot\u00e8ncia el talent individual:<\/b> Aquesta metodologia no nom\u00e9s \u00e9s efectiva sobre el treball grupal, tamb\u00e9 millora el rendiment de cada treballador. \u00c9s a dir, desenvolupa les habilitats potencials dels membres de l&#8217;organitzaci\u00f3.<\/li>\n<li><b>Incrementa la creativitat:<\/b> El coaching empresarial tamb\u00e9 ajuda a generar inspiraci\u00f3 i noves idees. El fet de promoure l&#8217;autodescobriment fa que els treballadors es desenvolupin en situacions diferents a les que acostumen a afrontar. I, aix\u00f2 \u00e9s precisament, el que desperta m\u00e9s el seu costat creatiu.<\/li>\n<li><b>Contribueix a la resoluci\u00f3 de conflictes:<\/b> La figura d&#8217;un coach empresarial tamb\u00e9 aporta eines que permeten la superaci\u00f3 d&#8217;obstacles i la resoluci\u00f3 de conflictes en les empreses. Aix\u00ed, millora la comunicaci\u00f3 grupal i es donen relacions interpersonals m\u00e9s sanes.<\/li>\n<li><b>Millora l&#8217;adaptaci\u00f3 als canvis:<\/b> La constant innovaci\u00f3 i creixent competitivitat fa que les empreses hagin d&#8217;adaptar r\u00e0pid als canvis. El coaching \u00e9s efica\u00e7 per establir actituds m\u00e9s adaptatives i flexibles als contratemps que puguin sorgir.<\/li>\n<li><b>Augmenta la productivitat:<\/b> Com hem comentat, aquest m\u00e8tode s&#8217;utilitza per incrementar la motivaci\u00f3 i la satisfacci\u00f3 laboral. La qual cosa fa que augmenti la productivitat, ja que si els treballadors se senten c\u00f2modes amb la seva tasca, rendiran m\u00e9s i els resultats seran millors.<\/li>\n<li><b>Redueix estats d&#8217;estr\u00e8s i ansietat laboral:<\/b> La reducci\u00f3 de conflictes i la millora de la comunicaci\u00f3 entre els empleats promouen un bon ambient laboral. Aix\u00ed mateix, el fet que els treballadors se sentin a gust, disminueix la prevalen\u00e7a a patir estr\u00e8s o ansietat en el treball.\n<div class=\"uavc-list-icon \" data-animation=\"\" data-animation-delay=\"03\">\n<div class=\"ult-just-icon-wrapper \"><\/div>\n<\/div>\n<\/li>\n<\/ul>\n<div class=\"uavc-list-icon \" data-animation=\"\" data-animation-delay=\"03\">\n<div class=\"ult-just-icon-wrapper \">Coaching a Girona i Barcelona<\/div>\n<\/div>\n<\/div>\n<\/div><\/div><\/div><\/div><\/div><\/div><div class=\"w-separator size_medium\"><\/div><div class=\"w-btn-wrapper align_center\"><button class=\"w-btn us-btn-style_1 contacto_popup_cat\"><span class=\"w-btn-label\">Contactar ara<\/span><\/button><\/div><div class=\"w-separator size_medium\"><\/div><\/div><\/div><\/div><\/div><\/div><\/section><section class=\"l-section wpb_row us_custom_6df4bc3a has_text_color height_medium with_img parallax_fixed\"><div class=\"l-section-img\" style=\"background-image: url(https:\/\/creantum.com\/wp-content\/uploads\/2021\/12\/formacion-creantum-06.jpg);background-position: top center;background-repeat: no-repeat;\" data-img-width=\"1920\" data-img-height=\"904\"><\/div><div class=\"l-section-overlay\" style=\"background:rgba(51,51,51,0.85)\"><\/div><div class=\"l-section-h i-cf\"><div class=\"g-cols vc_row via_flex valign_top type_default stacking_default\"><div class=\"vc_col-sm-12 wpb_column vc_column_container\"><div class=\"vc_column-inner\"><div class=\"wpb_wrapper\"><div class=\"wpb_text_column\"><div class=\"wpb_wrapper\"><div class=\"uavc-list-icon \" data-animation=\"\" data-animation-delay=\"03\">\n<div class=\"ult-just-icon-wrapper \">\n<ul>\n<li class=\"align-icon\">\n<h3>Les sessions de Coaching que realitzem presencialment, normalment es duen a terme a Girona i Barcelona.<\/h3>\n<\/li>\n<li>\n<h3>Amb l&#8217;opci\u00f3 online ens adaptem a qualsevol \u00e0rea geogr\u00e0fica.<\/h3>\n<\/li>\n<li>\n<h3>L&#8217;opci\u00f3 h\u00edbrida (presencial-online) tamb\u00e9 \u00e9s una opci\u00f3 molt demandada.<\/h3>\n<\/li>\n<\/ul>\n<p>&nbsp;<\/p>\n<\/div>\n<div align=\"center\"><\/div>\n<div align=\"center\"><img loading=\"lazy\" decoding=\"async\" class=\"alignnone size-medium wp-image-33360\" src=\"https:\/\/creantum.com\/wp-content\/uploads\/2023\/09\/LOGO-ASESCO-300x75.png\" alt=\"\" width=\"300\" height=\"75\" srcset=\"https:\/\/creantum.com\/wp-content\/uploads\/2023\/09\/LOGO-ASESCO-300x75.png 300w, https:\/\/creantum.com\/wp-content\/uploads\/2023\/09\/LOGO-ASESCO.png 360w\" sizes=\"(max-width: 300px) 100vw, 300px\" \/><\/div>\n<div align=\"center\"><\/div>\n<div align=\"center\">Estem certificats per ASESCO &#8211; <b><a href=\"https:\/\/www.asescoaching.org\/\" target=\"_blank\" rel=\"noopener\">ASOCIACI\u00d3N ESPA\u00d1OLA DE COACHING<\/a><\/b><\/div>\n<div align=\"center\">Aqu\u00ed et deixem un exercici pr\u00e0ctic per anar practicant:<b> <a href=\"https:\/\/creantum.com\/ejercicio-practico-auto-prospeccion-profesional\/\" target=\"_blank\" rel=\"noopener\">Auto Prospecci\u00f3 Professional\u00a0<\/a><\/b><\/div>\n<\/div>\n<\/div><\/div><div class=\"w-separator size_small\"><\/div><div class=\"w-btn-wrapper align_center\"><a class=\"w-btn us-btn-style_2 contacto_popup_cat\" href=\"javascript:void(0)\"><span class=\"w-btn-label\">Contactar ara<\/span><\/a><\/div><\/div><\/div><\/div><\/div><\/div><\/section><section class=\"l-section wpb_row height_medium\"><div class=\"l-section-h i-cf\"><div class=\"g-cols vc_row via_flex valign_top type_boxes stacking_default\" style=\"--additional-gap:25px;\"><div class=\"vc_col-sm-4 wpb_column vc_column_container\"><div class=\"vc_column-inner\"><div class=\"wpb_wrapper\"><div class=\"wpb_text_column\"><div class=\"wpb_wrapper\"><h2><strong>Test Competencial DISC<\/strong><\/h2>\n<p>Aquesta eina aportar\u00e0 informaci\u00f3 sobre les \u00e0rees de millora de la persona i que pret\u00e9n evitar en el seu lloc de treball. Tamb\u00e9 ens far\u00e0 un mapa competencial i ens informar\u00e0 de quines s\u00f3n les necessitats a treballar d\u2019ell amb l\u2019equip.<\/p>\n<\/div><\/div><div class=\"w-separator size_small\"><\/div><div class=\"w-btn-wrapper align_none\"><a class=\"w-btn us-btn-style_1\" title=\"disc\" target=\"_blank\" href=\"https:\/\/creantum.com\/ca\/disc-herramientas-para-rrhh\/\" rel=\"noopener\"><span class=\"w-btn-label\">Saber m\u00e9s sobre el Test DISC<\/span><\/a><\/div><\/div><\/div><\/div><div class=\"vc_col-sm-8 wpb_column vc_column_container\"><div class=\"vc_column-inner\"><div class=\"wpb_wrapper\"><div class=\"g-cols wpb_row us_custom_6df4bc3a caixes_creantum has_text_color via_flex valign_top type_default stacking_default\"><div class=\"vc_col-sm-12 wpb_column vc_column_container has_bg_color\"><div class=\"vc_column-inner us_custom_04ef690a\"><div class=\"vc_column-overlay\" style=\"background:rgba(26,26,26,0.80)\"><\/div><div class=\"wpb_wrapper\"><div class=\"wpb_text_column us_custom_bb7967fc\"><div class=\"wpb_wrapper\"><h3>Objectius de realitzar el test per compet\u00e8ncies DISC:<\/h3>\n<ul>\n<li>\n<div id=\"list-icon-wrap-5961\" class=\"uavc-list-content\"><span class=\"uavc-list-desc ult-responsive\" data-ultimate-target=\"#list-icon-wrap-5961 .uavc-list-desc\" data-responsive-json-new=\"{&quot;font-size&quot;:&quot;&quot;,&quot;line-height&quot;:&quot;&quot;}\">Con\u00e8ixer-se i comprendre millor a un mateix.<\/span><\/div>\n<\/li>\n<li>\n<div id=\"list-icon-wrap-9367\" class=\"uavc-list-content\">\n<div class=\"uavc-list-icon \" data-animation=\"\" data-animation-delay=\"03\">\n<div class=\"ult-just-icon-wrapper \">\n<div class=\"align-icon\">\n<div class=\"aio-icon none \">Con\u00e8ixer i comprendre millor els altres.<\/div>\n<\/div>\n<\/div>\n<\/div>\n<\/div>\n<\/li>\n<li>\n<div id=\"list-icon-wrap-4218\" class=\"uavc-list-content\">\n<div class=\"uavc-list-icon \" data-animation=\"\" data-animation-delay=\"03\">\n<div class=\"ult-just-icon-wrapper \">\n<div class=\"align-icon\">\n<div class=\"aio-icon none \">Aprendre a adaptar m\u00e9s efica\u00e7ment la nostra manera de tractar amb els altres per millorar les nostres relacions i resultats personals.<\/div>\n<\/div>\n<\/div>\n<\/div>\n<\/div>\n<\/li>\n<li>\n<div id=\"list-icon-wrap-3800\" class=\"uavc-list-content\">\n<div class=\"uavc-list-icon \" data-animation=\"\" data-animation-delay=\"03\">\n<div class=\"ult-just-icon-wrapper \">\n<div class=\"align-icon\">\n<div class=\"aio-icon none \">Prendre consci\u00e8ncia de l\u2019impacte que el nostre comportament t\u00e9 en els altres.<\/div>\n<\/div>\n<\/div>\n<\/div>\n<\/div>\n<\/li>\n<li>\n<div id=\"list-icon-wrap-8880\" class=\"uavc-list-content\">\n<div class=\"uavc-list-icon \" data-animation=\"\" data-animation-delay=\"03\">\n<div class=\"ult-just-icon-wrapper \">\n<div class=\"align-icon\">\n<div class=\"aio-icon none \">Descobrir els nostres punts forts i les nostres \u00e0rees de millora.<\/div>\n<\/div>\n<\/div>\n<\/div>\n<\/div>\n<\/li>\n<li>\n<div id=\"list-icon-wrap-7680\" class=\"uavc-list-content\">\n<div class=\"uavc-list-icon \" data-animation=\"\" data-animation-delay=\"03\">\n<div class=\"ult-just-icon-wrapper \">\n<div class=\"align-icon\">\n<div class=\"aio-icon none \">Comprom\u00eds d\u2019acci\u00f3.<\/div>\n<\/div>\n<\/div>\n<\/div>\n<\/div>\n<\/li>\n<\/ul>\n<\/div><\/div><\/div><\/div><\/div><\/div><\/div><\/div><\/div><\/div><\/div><\/section><section class=\"l-section wpb_row us_custom_6df4bc3a has_text_color height_medium with_img parallax_fixed\"><div class=\"l-section-img\" style=\"background-image: url(https:\/\/creantum.com\/wp-content\/uploads\/2021\/12\/formacion-creantum-06.jpg);background-position: top center;background-repeat: no-repeat;\" data-img-width=\"1920\" data-img-height=\"904\"><\/div><div class=\"l-section-overlay\" style=\"background:rgba(51,51,51,0.85)\"><\/div><div class=\"l-section-h i-cf\"><div class=\"g-cols vc_row via_flex valign_top type_default stacking_default\"><div class=\"vc_col-sm-12 wpb_column vc_column_container\"><div class=\"vc_column-inner\"><div class=\"wpb_wrapper\"><div class=\"wpb_text_column\"><div class=\"wpb_wrapper\"><p style=\"text-align: center; font-size: 24px;\">Si tens dubtes si us plau contacta&#8217;ns, estarem encantats d&#8217;atendre&#8217;t<\/p>\n<\/div><\/div><div class=\"w-separator size_small\"><\/div><div class=\"w-btn-wrapper align_center\"><a class=\"w-btn us-btn-style_2 contacto_popup_cat\" href=\"javascript:void(0)\"><span class=\"w-btn-label\">Contactar ara<\/span><\/a><\/div><\/div><\/div><\/div><\/div><\/div><\/section>\n","protected":false},"excerpt":{"rendered":"Coaching Individual Desenvolupant persones Per a qu\u00e8 serveixen les sessions de Coaching? Afavoreix el treball en equip: Les t\u00e8cniques de coaching s\u00f3n \u00fatils per millorar la comunicaci\u00f3 grupal. Un dels m\u00e8todes m\u00e9s comuns \u00e9s la din\u00e0mica de grups per empatitzar amb els companys i entendre la funci\u00f3 de cada un d&#8217;ells. Aix\u00ed mateix, tamb\u00e9 s&#8217;aconsegueix...","protected":false},"author":1,"featured_media":0,"parent":0,"menu_order":0,"comment_status":"closed","ping_status":"closed","template":"","meta":{"footnotes":""},"class_list":["post-9113","page","type-page","status-publish","hentry"],"yoast_head":"<!-- This site is optimized with the Yoast SEO plugin v25.6 - https:\/\/yoast.com\/wordpress\/plugins\/seo\/ -->\n<title>Coaching a Girona i Barcelona<\/title>\n<meta name=\"description\" content=\"El Coaching \u00e9s una disciplina indispensable per desenvolupar talent a les organitzacions. Ens trobar\u00e0s fent Coaching a Girona i Barcelona\" \/>\n<meta name=\"robots\" content=\"index, follow, max-snippet:-1, max-image-preview:large, max-video-preview:-1\" \/>\n<link rel=\"canonical\" href=\"https:\/\/creantum.com\/ca\/coaching-individual\/\" \/>\n<meta property=\"og:locale\" content=\"ca_ES\" \/>\n<meta property=\"og:type\" content=\"article\" \/>\n<meta property=\"og:title\" content=\"Coaching a Girona i Barcelona\" \/>\n<meta property=\"og:description\" content=\"El Coaching \u00e9s una disciplina indispensable per desenvolupar talent a les organitzacions. Ens trobar\u00e0s fent Coaching a Girona i Barcelona\" \/>\n<meta property=\"og:url\" content=\"https:\/\/creantum.com\/ca\/coaching-individual\/\" \/>\n<meta property=\"og:site_name\" content=\"Creantum\" \/>\n<meta property=\"article:modified_time\" content=\"2025-04-10T11:44:13+00:00\" \/>\n<meta property=\"og:image\" content=\"https:\/\/creantum.com\/wp-content\/uploads\/2023\/09\/LOGO-ASESCO.png\" \/>\n\t<meta property=\"og:image:width\" content=\"360\" \/>\n\t<meta property=\"og:image:height\" content=\"90\" \/>\n\t<meta property=\"og:image:type\" content=\"image\/png\" \/>\n<meta name=\"twitter:card\" content=\"summary_large_image\" \/>\n<meta name=\"twitter:label1\" content=\"Temps estimat de lectura\" \/>\n\t<meta name=\"twitter:data1\" content=\"3 minuts\" \/>\n<script type=\"application\/ld+json\" class=\"yoast-schema-graph\">{\"@context\":\"https:\/\/schema.org\",\"@graph\":[{\"@type\":\"WebPage\",\"@id\":\"https:\/\/creantum.com\/ca\/coaching-individual\/\",\"url\":\"https:\/\/creantum.com\/ca\/coaching-individual\/\",\"name\":\"Coaching a Girona i Barcelona\",\"isPartOf\":{\"@id\":\"https:\/\/creantum.com\/#website\"},\"primaryImageOfPage\":{\"@id\":\"https:\/\/creantum.com\/ca\/coaching-individual\/#primaryimage\"},\"image\":{\"@id\":\"https:\/\/creantum.com\/ca\/coaching-individual\/#primaryimage\"},\"thumbnailUrl\":\"https:\/\/creantum.com\/wp-content\/uploads\/2023\/09\/LOGO-ASESCO-300x75.png\",\"datePublished\":\"2021-12-03T11:57:28+00:00\",\"dateModified\":\"2025-04-10T11:44:13+00:00\",\"description\":\"El Coaching \u00e9s una disciplina indispensable per desenvolupar talent a les organitzacions. Ens trobar\u00e0s fent Coaching a Girona i Barcelona\",\"breadcrumb\":{\"@id\":\"https:\/\/creantum.com\/ca\/coaching-individual\/#breadcrumb\"},\"inLanguage\":\"ca\",\"potentialAction\":[{\"@type\":\"ReadAction\",\"target\":[\"https:\/\/creantum.com\/ca\/coaching-individual\/\"]}]},{\"@type\":\"ImageObject\",\"inLanguage\":\"ca\",\"@id\":\"https:\/\/creantum.com\/ca\/coaching-individual\/#primaryimage\",\"url\":\"https:\/\/creantum.com\/wp-content\/uploads\/2023\/09\/LOGO-ASESCO-300x75.png\",\"contentUrl\":\"https:\/\/creantum.com\/wp-content\/uploads\/2023\/09\/LOGO-ASESCO-300x75.png\"},{\"@type\":\"BreadcrumbList\",\"@id\":\"https:\/\/creantum.com\/ca\/coaching-individual\/#breadcrumb\",\"itemListElement\":[{\"@type\":\"ListItem\",\"position\":1,\"name\":\"Portada\",\"item\":\"https:\/\/creantum.com\/ca\/\"},{\"@type\":\"ListItem\",\"position\":2,\"name\":\"COACHING INDIVIDUAL\"}]},{\"@type\":\"WebSite\",\"@id\":\"https:\/\/creantum.com\/#website\",\"url\":\"https:\/\/creantum.com\/\",\"name\":\"Creantum\",\"description\":\"Consultor\u00eda estrat\u00e9gica y de RRHH en Barcelona y Girona\",\"potentialAction\":[{\"@type\":\"SearchAction\",\"target\":{\"@type\":\"EntryPoint\",\"urlTemplate\":\"https:\/\/creantum.com\/?s={search_term_string}\"},\"query-input\":{\"@type\":\"PropertyValueSpecification\",\"valueRequired\":true,\"valueName\":\"search_term_string\"}}],\"inLanguage\":\"ca\"}]}<\/script>\n<!-- \/ Yoast SEO plugin. -->","yoast_head_json":{"title":"Coaching a Girona i Barcelona","description":"El Coaching \u00e9s una disciplina indispensable per desenvolupar talent a les organitzacions. Ens trobar\u00e0s fent Coaching a Girona i Barcelona","robots":{"index":"index","follow":"follow","max-snippet":"max-snippet:-1","max-image-preview":"max-image-preview:large","max-video-preview":"max-video-preview:-1"},"canonical":"https:\/\/creantum.com\/ca\/coaching-individual\/","og_locale":"ca_ES","og_type":"article","og_title":"Coaching a Girona i Barcelona","og_description":"El Coaching \u00e9s una disciplina indispensable per desenvolupar talent a les organitzacions. Ens trobar\u00e0s fent Coaching a Girona i Barcelona","og_url":"https:\/\/creantum.com\/ca\/coaching-individual\/","og_site_name":"Creantum","article_modified_time":"2025-04-10T11:44:13+00:00","og_image":[{"width":360,"height":90,"url":"https:\/\/creantum.com\/wp-content\/uploads\/2023\/09\/LOGO-ASESCO.png","type":"image\/png"}],"twitter_card":"summary_large_image","twitter_misc":{"Temps estimat de lectura":"3 minuts"},"schema":{"@context":"https:\/\/schema.org","@graph":[{"@type":"WebPage","@id":"https:\/\/creantum.com\/ca\/coaching-individual\/","url":"https:\/\/creantum.com\/ca\/coaching-individual\/","name":"Coaching a Girona i Barcelona","isPartOf":{"@id":"https:\/\/creantum.com\/#website"},"primaryImageOfPage":{"@id":"https:\/\/creantum.com\/ca\/coaching-individual\/#primaryimage"},"image":{"@id":"https:\/\/creantum.com\/ca\/coaching-individual\/#primaryimage"},"thumbnailUrl":"https:\/\/creantum.com\/wp-content\/uploads\/2023\/09\/LOGO-ASESCO-300x75.png","datePublished":"2021-12-03T11:57:28+00:00","dateModified":"2025-04-10T11:44:13+00:00","description":"El Coaching \u00e9s una disciplina indispensable per desenvolupar talent a les organitzacions. Ens trobar\u00e0s fent Coaching a Girona i Barcelona","breadcrumb":{"@id":"https:\/\/creantum.com\/ca\/coaching-individual\/#breadcrumb"},"inLanguage":"ca","potentialAction":[{"@type":"ReadAction","target":["https:\/\/creantum.com\/ca\/coaching-individual\/"]}]},{"@type":"ImageObject","inLanguage":"ca","@id":"https:\/\/creantum.com\/ca\/coaching-individual\/#primaryimage","url":"https:\/\/creantum.com\/wp-content\/uploads\/2023\/09\/LOGO-ASESCO-300x75.png","contentUrl":"https:\/\/creantum.com\/wp-content\/uploads\/2023\/09\/LOGO-ASESCO-300x75.png"},{"@type":"BreadcrumbList","@id":"https:\/\/creantum.com\/ca\/coaching-individual\/#breadcrumb","itemListElement":[{"@type":"ListItem","position":1,"name":"Portada","item":"https:\/\/creantum.com\/ca\/"},{"@type":"ListItem","position":2,"name":"COACHING INDIVIDUAL"}]},{"@type":"WebSite","@id":"https:\/\/creantum.com\/#website","url":"https:\/\/creantum.com\/","name":"Creantum","description":"Consultor\u00eda estrat\u00e9gica y de RRHH en Barcelona y Girona","potentialAction":[{"@type":"SearchAction","target":{"@type":"EntryPoint","urlTemplate":"https:\/\/creantum.com\/?s={search_term_string}"},"query-input":{"@type":"PropertyValueSpecification","valueRequired":true,"valueName":"search_term_string"}}],"inLanguage":"ca"}]}},"_links":{"self":[{"href":"https:\/\/creantum.com\/ca\/wp-json\/wp\/v2\/pages\/9113"}],"collection":[{"href":"https:\/\/creantum.com\/ca\/wp-json\/wp\/v2\/pages"}],"about":[{"href":"https:\/\/creantum.com\/ca\/wp-json\/wp\/v2\/types\/page"}],"author":[{"embeddable":true,"href":"https:\/\/creantum.com\/ca\/wp-json\/wp\/v2\/users\/1"}],"replies":[{"embeddable":true,"href":"https:\/\/creantum.com\/ca\/wp-json\/wp\/v2\/comments?post=9113"}],"version-history":[{"count":11,"href":"https:\/\/creantum.com\/ca\/wp-json\/wp\/v2\/pages\/9113\/revisions"}],"predecessor-version":[{"id":52225,"href":"https:\/\/creantum.com\/ca\/wp-json\/wp\/v2\/pages\/9113\/revisions\/52225"}],"wp:attachment":[{"href":"https:\/\/creantum.com\/ca\/wp-json\/wp\/v2\/media?parent=9113"}],"curies":[{"name":"wp","href":"https:\/\/api.w.org\/{rel}","templated":true}]}}