{"id":9116,"date":"2021-12-03T11:57:51","date_gmt":"2021-12-03T11:57:51","guid":{"rendered":"https:\/\/creantum.com\/?page_id=9116"},"modified":"2025-04-10T11:44:57","modified_gmt":"2025-04-10T11:44:57","slug":"coaching-dequips","status":"publish","type":"page","link":"https:\/\/creantum.com\/ca\/coaching-dequips\/","title":{"rendered":"COACHING D&#8217;EQUIPS"},"content":{"rendered":"<section class=\"l-section wpb_row us_custom_6df4bc3a has_text_color height_huge with_img\"><div class=\"l-section-img\" style=\"background-image: url(https:\/\/creantum.com\/wp-content\/uploads\/2022\/02\/coaching-02-1.jpg);background-repeat: no-repeat;\" data-img-width=\"1920\" data-img-height=\"1298\"><\/div><div class=\"l-section-overlay\" style=\"background:linear-gradient(90deg,rgba(26,26,26,0.70),rgba(0,0,0,0.15))\"><\/div><div class=\"l-section-h i-cf\"><div class=\"g-cols vc_row via_flex valign_top type_default stacking_default\"><div class=\"vc_col-sm-12 wpb_column vc_column_container\"><div class=\"vc_column-inner\"><div class=\"wpb_wrapper\"><div class=\"wpb_text_column\"><div class=\"wpb_wrapper\"><h1 style=\"text-align: left;\">Sessions de Coaching d&#8217;equips<\/h1>\n<h2><span style=\"color: #00ccff;\">Confiar per cr\u00e9ixer<\/span><\/h2>\n<\/div><\/div><\/div><\/div><\/div><\/div><\/div><\/section><section class=\"l-section wpb_row height_medium\"><div class=\"l-section-h i-cf\"><div class=\"g-cols vc_row via_flex valign_top type_boxes stacking_default\" style=\"--additional-gap:25px;\"><div class=\"vc_col-sm-12 wpb_column vc_column_container\"><div class=\"vc_column-inner\"><div class=\"wpb_wrapper\"><div class=\"wpb_text_column\"><div class=\"wpb_wrapper\"><h2 style=\"text-align: center;\"><strong>L&#8217;enfocament del Coaching d&#8217;equip a les empreses<\/strong><\/h2>\n<p style=\"text-align: center;\">El Coaching d\u2019equips treballa sobre la relaci\u00f3 que es forma entre els membres de l\u2019equip. L\u2019objectiu del Coaching d\u2019Equips \u00e9s acompanyar els equips en el desenvolupament del seu rendiment perqu\u00e8 el resultat del conjunt superi amb escreix al de la suma de les parts.<\/p>\n<p style=\"text-align: center;\">El Coaching d\u2019equips treballa per aconseguir m\u00e9s cohesi\u00f3 i unitat entre els membres dels equips millorant la comunicaci\u00f3, la confian\u00e7a i el lideratge. Es tracta tamb\u00e9 d\u2019alinear i unir esfor\u00e7os per coordinar accions de manera efica\u00e7 en l\u00ednia amb els objectius de l\u2019Organitzaci\u00f3.<\/p>\n<\/div><\/div><\/div><\/div><\/div><\/div><\/div><\/section><section class=\"l-section wpb_row us_custom_6df4bc3a caixes_creantum has_text_color height_auto\"><div class=\"l-section-h i-cf\"><div class=\"g-cols vc_row via_flex valign_top type_boxes stacking_default\" style=\"--additional-gap:25px;\"><div class=\"vc_col-sm-6 wpb_column vc_column_container has_bg_color\"><div class=\"vc_column-inner us_custom_230b9a16\"><div class=\"vc_column-overlay\" style=\"background:rgba(26,26,26,0.85)\"><\/div><div class=\"wpb_wrapper\"><div class=\"wpb_text_column\"><div class=\"wpb_wrapper\"><h3>El Coaching d\u2019equips es centra en els seg\u00fcents objectius:<\/h3>\n<ul>\n<li>Analitzar el grau de construcci\u00f3 de l\u2019equip com a tal.<\/li>\n<li>Compartir la idea d\u2019alineament d\u2019equip al voltant d\u2019una mateixa cultura, donant coher\u00e8ncia a l\u2019actuaci\u00f3 del mateix i proporcionant un impacte \u00fanic com a equip aconseguint que aquest sigui inspirador per al conjunt de l\u2019organitzaci\u00f3.<\/li>\n<li>Desenvolupar noves estrat\u00e8gies per resoldre contradiccions, tensions i conflictes en equip, de manera generativa i constructora d\u2019aliances s\u00f2lides per al futur.<\/li>\n<li>Definir com a equip un sentit d\u2019enfocament i execuci\u00f3 que permeti acompanyar l\u2019organitzaci\u00f3 en entorns turbulents cap a aquelles poques coses que realment marquen la difer\u00e8ncia, i executar-les brillantment.<\/li>\n<\/ul>\n<\/div><\/div><\/div><\/div><\/div><div class=\"vc_col-sm-6 wpb_column vc_column_container has_bg_color\"><div class=\"vc_column-inner us_custom_5b712817\"><div class=\"vc_column-overlay\" style=\"background:rgba(26,26,26,0.85)\"><\/div><div class=\"wpb_wrapper\"><div class=\"wpb_text_column\"><div class=\"wpb_wrapper\"><h3>Caracter\u00edstiques fonamentals del Coaching d\u2019Equips:<\/h3>\n<ul>\n<li>La clau de l\u2019aprenentatge en equip no dep\u00e8n de l\u2019amistat sin\u00f3 d\u2019un altre tipus de relaci\u00f3.<\/li>\n<li>La base del Coaching d\u2019Equips \u00e9s el domini personal dels seus components i es desenvolupa amb la visi\u00f3 compartida.<\/li>\n<li>\u00c9s un proc\u00e9s d\u2019alineaci\u00f3 amb la visi\u00f3 compartida per crear els resultats que tots realment volen.<\/li>\n<li>Quan un est\u00e0 en un equip aut\u00e8nticament alineat amb la visi\u00f3 compartida t\u00e9 una sensaci\u00f3 molt dif\u00edcil de descriure. \u00c9s una experi\u00e8ncia m\u00e0gica.<\/li>\n<li>Parlant d\u2019aquesta caracter\u00edstica molts m\u00e0nagers comenten que han viscut comit\u00e8s de moltes hores de durada sense adonar-se del pas del temps. Havien arribat a una entesa compartida sense haver de votar mai.<\/li>\n<\/ul>\n<\/div><\/div><\/div><\/div><\/div><\/div><\/div><\/section><section class=\"l-section wpb_row height_small\"><div class=\"l-section-h i-cf\"><div class=\"g-cols vc_row via_flex valign_top type_default stacking_default\"><div class=\"vc_col-sm-12 wpb_column vc_column_container\"><div class=\"vc_column-inner\"><div class=\"wpb_wrapper\"><div class=\"w-btn-wrapper align_center\"><button class=\"w-btn us-btn-style_1 contacto_popup_cat\"><span class=\"w-btn-label\">Contactar ara<\/span><\/button><\/div><\/div><\/div><\/div><\/div><\/div><\/section><section class=\"l-section wpb_row height_medium\"><div class=\"l-section-overlay\" style=\"background:#f5f5f5\"><\/div><div class=\"l-section-h i-cf\"><div class=\"g-cols vc_row via_flex valign_top type_default stacking_default\"><div class=\"vc_col-sm-12 wpb_column vc_column_container\"><div class=\"vc_column-inner\"><div class=\"wpb_wrapper\"><div class=\"wpb_text_column\"><div class=\"wpb_wrapper\"><h2 style=\"text-align: center;\">Beneficis del Coaching d\u2019equips<\/h2>\n<p style=\"text-align: center;\">El Coaching d\u2019equip pot beneficiar a tots els implicats; empresa, clients, directius i membres individuals de l\u2019equip. A mesura que els membres de l\u2019equip es converteixen en elements m\u00e9s cohesionats, dirigits i orientats als objectius, millora la qualitat i productivitat de les companyies, i es creen relacions m\u00e9s poderoses i duradores amb els clients.<\/p>\n<\/div><\/div><div class=\"w-separator size_medium\"><\/div><div class=\"g-cols wpb_row us_custom_58ccbf00 via_flex valign_top type_default stacking_default\" style=\"--additional-gap:25px;\"><div class=\"vc_col-sm-6 wpb_column vc_column_container\"><div class=\"vc_column-inner us_custom_22950210\"><div class=\"vc_column-overlay\" style=\"background:#ffffff\"><\/div><div class=\"wpb_wrapper\"><div class=\"wpb_text_column\"><div class=\"wpb_wrapper\"><p><strong>Per a l\u2019organitzaci\u00f3:<\/strong><\/p>\n<ul class=\"llista_creantum_no_ordenada_fons_clar\">\n<li>Desenvolupament d\u2019un poder\u00f3s sentit d\u2019esperit d\u2019equip, que millora la cultura organitzacional, la implicaci\u00f3, la productivitat i la retenci\u00f3 del talent.<\/li>\n<li>Genera un clima de confian\u00e7a i motivaci\u00f3.<\/li>\n<li>Fomenta el lideratge.<\/li>\n<li>Incrementa la cooperaci\u00f3 interdepartamental mitjan\u00e7ant la reducci\u00f3 dels petits grup.<\/li>\n<li>Guanyar agilitat en la presa de decisions i resoluci\u00f3 de conflictes.<\/li>\n<li>L\u2019increment de les relacions i la comunicaci\u00f3, minimitzant els malentesos i la desconfian\u00e7a.<\/li>\n<li>El desenvolupament de les habilitats de resoluci\u00f3 de conflictes, que facilitaran una r\u00e0pida soluci\u00f3 dels mateixos i un major enfocament en els resultats.<\/li>\n<li>L\u2019increment de l\u2019estima i respecte per les perspectives de cada un dels membres de l\u2019equip.<\/li>\n<li>L\u2019est\u00edmul de la creativitat en l\u2019equip i en l\u2019organitzaci\u00f3.<\/li>\n<li>La minimitzaci\u00f3 de l\u2019impacte negatiu en el canvi organitzacional, permetent l\u2019escolta de totes les veus del sistema.<\/li>\n<li>Permet que les reunions siguin din\u00e0miques i es transformin en eines de treball.<\/li>\n<\/ul>\n<\/div><\/div><\/div><\/div><\/div><div class=\"vc_col-sm-6 wpb_column vc_column_container\"><div class=\"vc_column-inner us_custom_22950210\"><div class=\"vc_column-overlay\" style=\"background:#ffffff\"><\/div><div class=\"wpb_wrapper\"><div class=\"wpb_text_column\"><div class=\"wpb_wrapper\"><p><strong>Pel treballador:<\/strong><\/p>\n<ul class=\"llista_creantum_no_ordenada_fons_clar\">\n<li>Potenciar els seus recursos i habilitats.<\/li>\n<li>Desenvolupar l\u2019empoderament de les persones per ser naturalment creatius i capa\u00e7os de trobar les solucions en si mateixos.<\/li>\n<li>Aprendre nous conceptes per treballar amb l\u2019equip amb major efectivitat.<\/li>\n<li>Optimitzar l\u2019exercici del lideratge.<\/li>\n<li>Millorar les seves relacions i comunicaci\u00f3.<\/li>\n<li>M\u00e9s satisfacci\u00f3 personal i professional.<\/li>\n<li>Incrementar el seu nivell d\u2019autoconfian\u00e7a.<\/li>\n<li>Millorar l\u2019acompliment en el seu dia a dia.<\/li>\n<\/ul>\n<\/div><\/div><\/div><\/div><\/div><\/div><div class=\"w-separator size_medium\"><\/div><\/div><\/div><\/div><\/div><\/div><\/section><section class=\"l-section wpb_row us_custom_6df4bc3a has_text_color height_medium with_img parallax_fixed\"><div class=\"l-section-img\" style=\"background-image: url(https:\/\/creantum.com\/wp-content\/uploads\/2021\/12\/formacion-creantum-06.jpg);background-position: top center;background-repeat: no-repeat;\" data-img-width=\"1920\" data-img-height=\"904\"><\/div><div class=\"l-section-overlay\" style=\"background:rgba(51,51,51,0.85)\"><\/div><div class=\"l-section-h i-cf\"><div class=\"g-cols vc_row via_flex valign_top type_default stacking_default\"><div class=\"vc_col-sm-12 wpb_column vc_column_container\"><div class=\"vc_column-inner\"><div class=\"wpb_wrapper\"><div class=\"wpb_text_column\"><div class=\"wpb_wrapper\"><p style=\"text-align: center; font-size: 24px;\">Si tens dubtes si us plau contacta&#8217;ns, estarem encantats d&#8217;atendre&#8217;t<\/p>\n<\/div><\/div><div class=\"w-separator size_small\"><\/div><div class=\"w-btn-wrapper align_center\"><a class=\"w-btn us-btn-style_2 contacto_popup_cat\" href=\"javascript:void(0)\"><span class=\"w-btn-label\">Contactar ara<\/span><\/a><\/div><\/div><\/div><\/div><\/div><\/div><\/section>\n","protected":false},"excerpt":{"rendered":"Sessions de Coaching d&#8217;equips Confiar per cr\u00e9ixer L&#8217;enfocament del Coaching d&#8217;equip a les empreses El Coaching d\u2019equips treballa sobre la relaci\u00f3 que es forma entre els membres de l\u2019equip. L\u2019objectiu del Coaching d\u2019Equips \u00e9s acompanyar els equips en el desenvolupament del seu rendiment perqu\u00e8 el resultat del conjunt superi amb escreix al de la suma...","protected":false},"author":1,"featured_media":0,"parent":0,"menu_order":0,"comment_status":"closed","ping_status":"closed","template":"","meta":{"footnotes":""},"class_list":["post-9116","page","type-page","status-publish","hentry"],"yoast_head":"<!-- This site is optimized with the Yoast SEO plugin v25.6 - https:\/\/yoast.com\/wordpress\/plugins\/seo\/ -->\n<title>Coaching d&#039;equips<\/title>\n<meta name=\"description\" content=\"El Coaching d&#039;equips \u00e9s la millor manera de cohesionar i motivar un equip de treball. Sempre amb un enfoc molt sist\u00e8mic i participatiu.\" \/>\n<meta name=\"robots\" content=\"index, follow, max-snippet:-1, max-image-preview:large, max-video-preview:-1\" \/>\n<link rel=\"canonical\" href=\"https:\/\/creantum.com\/ca\/coaching-dequips\/\" \/>\n<meta property=\"og:locale\" content=\"ca_ES\" \/>\n<meta property=\"og:type\" content=\"article\" \/>\n<meta property=\"og:title\" content=\"Coaching d&#039;equips\" \/>\n<meta property=\"og:description\" content=\"El Coaching d&#039;equips \u00e9s la millor manera de cohesionar i motivar un equip de treball. Sempre amb un enfoc molt sist\u00e8mic i participatiu.\" \/>\n<meta property=\"og:url\" content=\"https:\/\/creantum.com\/ca\/coaching-dequips\/\" \/>\n<meta property=\"og:site_name\" content=\"Creantum\" \/>\n<meta property=\"article:modified_time\" content=\"2025-04-10T11:44:57+00:00\" \/>\n<meta name=\"twitter:card\" content=\"summary_large_image\" \/>\n<meta name=\"twitter:label1\" content=\"Temps estimat de lectura\" \/>\n\t<meta name=\"twitter:data1\" content=\"3 minuts\" \/>\n<script type=\"application\/ld+json\" class=\"yoast-schema-graph\">{\"@context\":\"https:\/\/schema.org\",\"@graph\":[{\"@type\":\"WebPage\",\"@id\":\"https:\/\/creantum.com\/ca\/coaching-dequips\/\",\"url\":\"https:\/\/creantum.com\/ca\/coaching-dequips\/\",\"name\":\"Coaching d'equips\",\"isPartOf\":{\"@id\":\"https:\/\/creantum.com\/#website\"},\"datePublished\":\"2021-12-03T11:57:51+00:00\",\"dateModified\":\"2025-04-10T11:44:57+00:00\",\"description\":\"El Coaching d'equips \u00e9s la millor manera de cohesionar i motivar un equip de treball. Sempre amb un enfoc molt sist\u00e8mic i participatiu.\",\"breadcrumb\":{\"@id\":\"https:\/\/creantum.com\/ca\/coaching-dequips\/#breadcrumb\"},\"inLanguage\":\"ca\",\"potentialAction\":[{\"@type\":\"ReadAction\",\"target\":[\"https:\/\/creantum.com\/ca\/coaching-dequips\/\"]}]},{\"@type\":\"BreadcrumbList\",\"@id\":\"https:\/\/creantum.com\/ca\/coaching-dequips\/#breadcrumb\",\"itemListElement\":[{\"@type\":\"ListItem\",\"position\":1,\"name\":\"Portada\",\"item\":\"https:\/\/creantum.com\/ca\/\"},{\"@type\":\"ListItem\",\"position\":2,\"name\":\"COACHING D&#8217;EQUIPS\"}]},{\"@type\":\"WebSite\",\"@id\":\"https:\/\/creantum.com\/#website\",\"url\":\"https:\/\/creantum.com\/\",\"name\":\"Creantum\",\"description\":\"Consultor\u00eda estrat\u00e9gica y de RRHH en Barcelona y Girona\",\"potentialAction\":[{\"@type\":\"SearchAction\",\"target\":{\"@type\":\"EntryPoint\",\"urlTemplate\":\"https:\/\/creantum.com\/?s={search_term_string}\"},\"query-input\":{\"@type\":\"PropertyValueSpecification\",\"valueRequired\":true,\"valueName\":\"search_term_string\"}}],\"inLanguage\":\"ca\"}]}<\/script>\n<!-- \/ Yoast SEO plugin. -->","yoast_head_json":{"title":"Coaching d'equips","description":"El Coaching d'equips \u00e9s la millor manera de cohesionar i motivar un equip de treball. Sempre amb un enfoc molt sist\u00e8mic i participatiu.","robots":{"index":"index","follow":"follow","max-snippet":"max-snippet:-1","max-image-preview":"max-image-preview:large","max-video-preview":"max-video-preview:-1"},"canonical":"https:\/\/creantum.com\/ca\/coaching-dequips\/","og_locale":"ca_ES","og_type":"article","og_title":"Coaching d'equips","og_description":"El Coaching d'equips \u00e9s la millor manera de cohesionar i motivar un equip de treball. Sempre amb un enfoc molt sist\u00e8mic i participatiu.","og_url":"https:\/\/creantum.com\/ca\/coaching-dequips\/","og_site_name":"Creantum","article_modified_time":"2025-04-10T11:44:57+00:00","twitter_card":"summary_large_image","twitter_misc":{"Temps estimat de lectura":"3 minuts"},"schema":{"@context":"https:\/\/schema.org","@graph":[{"@type":"WebPage","@id":"https:\/\/creantum.com\/ca\/coaching-dequips\/","url":"https:\/\/creantum.com\/ca\/coaching-dequips\/","name":"Coaching d'equips","isPartOf":{"@id":"https:\/\/creantum.com\/#website"},"datePublished":"2021-12-03T11:57:51+00:00","dateModified":"2025-04-10T11:44:57+00:00","description":"El Coaching d'equips \u00e9s la millor manera de cohesionar i motivar un equip de treball. Sempre amb un enfoc molt sist\u00e8mic i participatiu.","breadcrumb":{"@id":"https:\/\/creantum.com\/ca\/coaching-dequips\/#breadcrumb"},"inLanguage":"ca","potentialAction":[{"@type":"ReadAction","target":["https:\/\/creantum.com\/ca\/coaching-dequips\/"]}]},{"@type":"BreadcrumbList","@id":"https:\/\/creantum.com\/ca\/coaching-dequips\/#breadcrumb","itemListElement":[{"@type":"ListItem","position":1,"name":"Portada","item":"https:\/\/creantum.com\/ca\/"},{"@type":"ListItem","position":2,"name":"COACHING D&#8217;EQUIPS"}]},{"@type":"WebSite","@id":"https:\/\/creantum.com\/#website","url":"https:\/\/creantum.com\/","name":"Creantum","description":"Consultor\u00eda estrat\u00e9gica y de RRHH en Barcelona y Girona","potentialAction":[{"@type":"SearchAction","target":{"@type":"EntryPoint","urlTemplate":"https:\/\/creantum.com\/?s={search_term_string}"},"query-input":{"@type":"PropertyValueSpecification","valueRequired":true,"valueName":"search_term_string"}}],"inLanguage":"ca"}]}},"_links":{"self":[{"href":"https:\/\/creantum.com\/ca\/wp-json\/wp\/v2\/pages\/9116"}],"collection":[{"href":"https:\/\/creantum.com\/ca\/wp-json\/wp\/v2\/pages"}],"about":[{"href":"https:\/\/creantum.com\/ca\/wp-json\/wp\/v2\/types\/page"}],"author":[{"embeddable":true,"href":"https:\/\/creantum.com\/ca\/wp-json\/wp\/v2\/users\/1"}],"replies":[{"embeddable":true,"href":"https:\/\/creantum.com\/ca\/wp-json\/wp\/v2\/comments?post=9116"}],"version-history":[{"count":7,"href":"https:\/\/creantum.com\/ca\/wp-json\/wp\/v2\/pages\/9116\/revisions"}],"predecessor-version":[{"id":52226,"href":"https:\/\/creantum.com\/ca\/wp-json\/wp\/v2\/pages\/9116\/revisions\/52226"}],"wp:attachment":[{"href":"https:\/\/creantum.com\/ca\/wp-json\/wp\/v2\/media?parent=9116"}],"curies":[{"name":"wp","href":"https:\/\/api.w.org\/{rel}","templated":true}]}}