{"id":9122,"date":"2021-12-03T11:58:05","date_gmt":"2021-12-03T11:58:05","guid":{"rendered":"https:\/\/creantum.com\/?page_id=9122"},"modified":"2025-04-10T11:45:32","modified_gmt":"2025-04-10T11:45:32","slug":"coaching-estrategic","status":"publish","type":"page","link":"https:\/\/creantum.com\/ca\/coaching-estrategic\/","title":{"rendered":"COACHING ESTRAT\u00c8GIC"},"content":{"rendered":"<section class=\"l-section wpb_row us_custom_6df4bc3a has_text_color height_huge with_img\"><div class=\"l-section-img\" style=\"background-image: url(https:\/\/creantum.com\/wp-content\/uploads\/2022\/02\/coaching-03.jpg);background-position: top center;background-repeat: no-repeat;\" data-img-width=\"1920\" data-img-height=\"1254\"><\/div><div class=\"l-section-overlay\" style=\"background:linear-gradient(90deg,rgba(26,26,26,0.70),rgba(0,0,0,0.15))\"><\/div><div class=\"l-section-h i-cf\"><div class=\"g-cols vc_row via_flex valign_top type_default stacking_default\"><div class=\"vc_col-sm-12 wpb_column vc_column_container\"><div class=\"vc_column-inner\"><div class=\"wpb_wrapper\"><div class=\"wpb_text_column\"><div class=\"wpb_wrapper\"><h1 style=\"text-align: left;\">Coaching Estrat\u00e8gic<\/h1>\n<h2><span style=\"color: #00ccff;\">Evoluciona&#8230; A la teva manera<\/span><\/h2>\n<\/div><\/div><\/div><\/div><\/div><\/div><\/div><\/section><section class=\"l-section wpb_row height_large with_img\"><div class=\"l-section-img\" style=\"background-image: url(https:\/\/creantum.com\/wp-content\/uploads\/2022\/02\/coaching-05-1.jpg);background-position: bottom left;\" data-img-width=\"1920\" data-img-height=\"896\"><\/div><div class=\"l-section-h i-cf\"><div class=\"g-cols vc_row via_flex valign_top type_default stacking_default\"><div class=\"vc_col-sm-6 wpb_column vc_column_container\"><div class=\"vc_column-inner\"><div class=\"wpb_wrapper\"><div class=\"wpb_text_column\"><div class=\"wpb_wrapper\"><p style=\"text-align: left;\">El <strong>Coaching estrat\u00e8gic<\/strong> \u00e9s un proc\u00e9s que produeix desenvolupaments extraordinaris reals i que repercuteixen objectivament al compte de resultats de l\u2019organitzaci\u00f3. <strong>Aconsegueix produir canvis<\/strong> en els individus que la composen, orientats exclusivament a l\u2019objectiu de l\u2019organitzaci\u00f3. Aquests canvis no s\u2019assoleixen aplicant una eina, sin\u00f3 creant un proc\u00e9s basat estrictament a les relacions humanes.<\/p>\n<\/div><\/div><div class=\"wpb_text_column\"><div class=\"wpb_wrapper\"><h3 style=\"text-align: left;\"><em style=\"font-size: 18px;\">El <b>coaching estrat\u00e8gic<\/b> \u00e9s un proc\u00e9s orientat a definir metes clares, dissenyar estrat\u00e8gies efectives i prendre decisions informades per aconseguir objectius. Combina elements del coaching, de planificaci\u00f3 estrat\u00e8gica i de la psicologia per potenciar el rendiment, la confian\u00e7a i l&#8217;efic\u00e0cia en les accions empresarials.<\/em><\/h3>\n<\/div><\/div><div class=\"wpb_text_column\"><div class=\"wpb_wrapper\"><p style=\"text-align: left;\">Mitjan\u00e7ant <strong>l\u2019an\u00e0lisi intern de l\u2019organitzaci\u00f3<\/strong> amb c\u00e0rrecs directius o ger\u00e8ncia, obtenim informaci\u00f3 per adoptar un cam\u00ed o estrat\u00e8gia cap al canvi. Un canvi i evoluci\u00f3, conforme a les exig\u00e8ncies o demandes de l\u2019entorn en qu\u00e8 es trobi, assolint l\u2019efic\u00e0cia i l\u2019\u00e8xit de totes les parts implicades dins l\u2019organitzaci\u00f3. Per utilitzar aquesta eina de canvi, \u00e9s necessari l\u2019\u00fas de l\u2019aprenentatge, adquirint habilitats i produint canvis en el comportament. Per aquest motiu s\u2019han de tenir en compte els aspectes que influeixen en el rendiment dels elements que constitueixen l\u2019organitzaci\u00f3, i <strong>el m\u00e9s important \u00e9s el Recurs Hum\u00e0.<\/strong><\/p>\n<p>&nbsp;<\/p>\n<p>Et deixem aquest art\u00edcle: <a href=\"https:\/\/creantum.com\/la-importancia-de-tener-unas-metas-claras\/\" target=\"_blank\" rel=\"noopener\">La import\u00e0ncia de tenir les coses clares<\/a><\/p>\n<\/div><\/div><div class=\"w-separator size_small\"><\/div><div class=\"w-btn-wrapper align_left\"><button class=\"w-btn us-btn-style_1 contacto_popup_cat\"><span class=\"w-btn-label\">Contactar ara<\/span><\/button><\/div><\/div><\/div><\/div><div class=\"vc_col-sm-6 wpb_column vc_column_container\"><div class=\"vc_column-inner\"><div class=\"wpb_wrapper\"><\/div><\/div><\/div><\/div><\/div><\/section><section class=\"l-section wpb_row height_large\"><div class=\"l-section-h i-cf\"><div class=\"g-cols vc_row via_flex valign_top type_default stacking_default\"><div class=\"vc_col-sm-12 wpb_column vc_column_container\"><div class=\"vc_column-inner\"><div class=\"wpb_wrapper\"><div class=\"wpb_text_column\"><div class=\"wpb_wrapper\"><h3 style=\"text-align: center;\"><strong>L\u2019estructura de treball en un Coaching Organitzacional \u00e9s:<\/strong><\/h3>\n<\/div><\/div><div class=\"w-separator size_medium\"><\/div><div class=\"g-cols wpb_row us_custom_6df4bc3a caixes_creantum has_text_color via_flex valign_top type_default stacking_default\" style=\"--additional-gap:15px;\"><div class=\"vc_col-sm-3 wpb_column vc_column_container has_bg_color\"><div class=\"vc_column-inner us_custom_1d2c0374\"><div class=\"vc_column-overlay\" style=\"background:rgba(26,26,26,0.85)\"><\/div><div class=\"wpb_wrapper\"><div class=\"wpb_text_column us_custom_38bb2da8\"><div class=\"wpb_wrapper\"><h4 style=\"text-align: center;\"><strong>1. DIAGN\u00d2STIC<\/strong><\/h4>\n<p style=\"text-align: center;\">DIAGN\u00d2STIC de la situaci\u00f3 actual amb els responsables de l\u2019organitzaci\u00f3, i si s\u2019escau mitjan\u00e7ant estudi de clima amb tota la organitzaci\u00f3.<\/p>\n<\/div><\/div><\/div><\/div><\/div><div class=\"vc_col-sm-3 wpb_column vc_column_container has_bg_color\"><div class=\"vc_column-inner us_custom_5554a978\"><div class=\"vc_column-overlay\" style=\"background:rgba(26,26,26,0.85)\"><\/div><div class=\"wpb_wrapper\"><div class=\"wpb_text_column us_custom_38bb2da8\"><div class=\"wpb_wrapper\"><h4 style=\"text-align: center;\"><strong>2. DISSENY<\/strong><\/h4>\n<p style=\"text-align: center;\">A partir del diagn\u00f2stic, es crea el DISSENY del pla d\u2019actuaci\u00f3 a partir dels resultats obtinguts i parametritzant l\u2019estrat\u00e8gia a CURT-MIG-LLARG termini.<\/p>\n<\/div><\/div><\/div><\/div><\/div><div class=\"vc_col-sm-3 wpb_column vc_column_container has_bg_color\"><div class=\"vc_column-inner us_custom_b05f3b94\"><div class=\"vc_column-overlay\" style=\"background:rgba(26,26,26,0.85)\"><\/div><div class=\"wpb_wrapper\"><div class=\"wpb_text_column us_custom_38bb2da8\"><div class=\"wpb_wrapper\"><h4 style=\"text-align: center;\"><strong>3. EXECUCI\u00d3<\/strong><\/h4>\n<p style=\"text-align: center;\">Un cop finalitzat el disseny, queda definit el que es pret\u00e9n assolir per cada acci\u00f3 (ja tenim el Qu\u00e8 fer?) i comencem l\u2019EXECUCI\u00d3 (permetr\u00e0 saber el Com ho fem?), en aquesta fase es transmet la informaci\u00f3 a les diferents parts implicades i es marca un model a seguir basat en la realitzaci\u00f3 dels objectius.<\/p>\n<\/div><\/div><\/div><\/div><\/div><div class=\"vc_col-sm-3 wpb_column vc_column_container has_bg_color\"><div class=\"vc_column-inner us_custom_ed58ffd2\"><div class=\"vc_column-overlay\" style=\"background:rgba(26,26,26,0.85)\"><\/div><div class=\"wpb_wrapper\"><div class=\"wpb_text_column us_custom_38bb2da8\"><div class=\"wpb_wrapper\"><h4 style=\"text-align: center;\"><strong>4. SEGUIMENT<\/strong><\/h4>\n<p style=\"text-align: center;\">Una vegada instaurat el model de funcionament es fan visites peri\u00f2diques per avaluar quina \u00e9s l\u2019evoluci\u00f3 del treball.<\/p>\n<\/div><\/div><\/div><\/div><\/div><\/div><\/div><\/div><\/div><\/div><\/div><\/section><section class=\"l-section wpb_row us_custom_b9bf2736 height_huge\"><div class=\"l-section-h i-cf\"><div class=\"g-cols vc_row via_flex valign_top type_default stacking_default\"><div class=\"vc_col-sm-6 wpb_column vc_column_container\"><div class=\"vc_column-inner\"><div class=\"wpb_wrapper\"><div class=\"wpb_text_column\"><div class=\"wpb_wrapper\"><p>Les persones son la for\u00e7a propulsora de les organitzacions, el motor del desenvolupament i la innovaci\u00f3, per tant la gesti\u00f3 del talent hum\u00e0 es necess\u00e0ria en un entorn empresarial canviant com el que vivim. La gesti\u00f3 del talent \u00e9s una decisi\u00f3 estrat\u00e8gica de direcci\u00f3 amb la finalitat d\u2019obtenir la m\u00e0xima creaci\u00f3 de valor per a l\u2019organitzaci\u00f3, a trav\u00e9s d\u2019un conjunt d\u2019accions dirigides a disposar, en tot moment, del nivell de coneixements, capacitats i habilitats necess\u00e0ries per l\u2019obtenci\u00f3 dels resultats desitjats per ser competitiu a l\u2019entorn actual i futur.<\/p>\n<p>El l\u00edder actual prepara, desenvolupa i ret\u00e9 el principal recurs de la seva companyia; el talent hum\u00e0. Mitjan\u00e7ant el Coaching, els l\u00edders descobreixen i desenvolupen el seu propi potencial, convertint les dificultats en reptes, acompanyant i fomentant el desenvolupament i potencial del seu equip de treball de la manera m\u00e9s efectiva i eficient, cap a la gesti\u00f3 del canvi i l\u2019assoliment de resultats d\u2019\u00e8xit. El retorn de la inversi\u00f3 per les empreses (ROI) pot ser de m\u00e9s del 500%, segons an\u00e0lisis realitzats per The Manchester Consulting Group.<\/p>\n<\/div><\/div><\/div><\/div><\/div><div class=\"vc_col-sm-6 wpb_column vc_column_container\"><div class=\"vc_column-inner\"><div class=\"wpb_wrapper\"><\/div><\/div><\/div><\/div><\/div><\/section><section class=\"l-section wpb_row us_custom_6df4bc3a has_text_color height_medium with_img parallax_fixed\"><div class=\"l-section-img\" style=\"background-image: url(https:\/\/creantum.com\/wp-content\/uploads\/2021\/12\/formacion-creantum-06.jpg);background-position: top center;background-repeat: no-repeat;\" data-img-width=\"1920\" data-img-height=\"904\"><\/div><div class=\"l-section-overlay\" style=\"background:rgba(51,51,51,0.85)\"><\/div><div class=\"l-section-h i-cf\"><div class=\"g-cols vc_row via_flex valign_top type_default stacking_default\"><div class=\"vc_col-sm-12 wpb_column vc_column_container\"><div class=\"vc_column-inner\"><div class=\"wpb_wrapper\"><div class=\"wpb_text_column\"><div class=\"wpb_wrapper\"><p style=\"text-align: center; font-size: 24px;\">Si tens dubtes si us plau contacta&#8217;ns, estarem encantats d&#8217;atendre&#8217;t<\/p>\n<\/div><\/div><div class=\"w-separator size_small\"><\/div><div class=\"w-btn-wrapper align_center\"><a class=\"w-btn us-btn-style_2 contacto_popup_cat\" href=\"javascript:void(0)\"><span class=\"w-btn-label\">Contactar ara<\/span><\/a><\/div><\/div><\/div><\/div><\/div><\/div><\/section>\n","protected":false},"excerpt":{"rendered":"Coaching Estrat\u00e8gic Evoluciona&#8230; A la teva manera El Coaching estrat\u00e8gic \u00e9s un proc\u00e9s que produeix desenvolupaments extraordinaris reals i que repercuteixen objectivament al compte de resultats de l\u2019organitzaci\u00f3. Aconsegueix produir canvis en els individus que la composen, orientats exclusivament a l\u2019objectiu de l\u2019organitzaci\u00f3. Aquests canvis no s\u2019assoleixen aplicant una eina, sin\u00f3 creant un proc\u00e9s basat...","protected":false},"author":1,"featured_media":0,"parent":0,"menu_order":0,"comment_status":"closed","ping_status":"closed","template":"","meta":{"footnotes":""},"class_list":["post-9122","page","type-page","status-publish","hentry"],"yoast_head":"<!-- This site is optimized with the Yoast SEO plugin v25.6 - https:\/\/yoast.com\/wordpress\/plugins\/seo\/ -->\n<title>Coaching Estrat\u00e8gic<\/title>\n<meta name=\"description\" content=\"El Coaching estrat\u00e8gic combina elements del coaching, de planificaci\u00f3 estrat\u00e8gica i la psicologia per potenciar els rendiments empresarials.\" \/>\n<meta name=\"robots\" content=\"index, follow, max-snippet:-1, max-image-preview:large, max-video-preview:-1\" \/>\n<link rel=\"canonical\" href=\"https:\/\/creantum.com\/ca\/coaching-estrategic\/\" \/>\n<meta property=\"og:locale\" content=\"ca_ES\" \/>\n<meta property=\"og:type\" content=\"article\" \/>\n<meta property=\"og:title\" content=\"Coaching Estrat\u00e8gic\" \/>\n<meta property=\"og:description\" content=\"El Coaching estrat\u00e8gic combina elements del coaching, de planificaci\u00f3 estrat\u00e8gica i la psicologia per potenciar els rendiments empresarials.\" \/>\n<meta property=\"og:url\" content=\"https:\/\/creantum.com\/ca\/coaching-estrategic\/\" \/>\n<meta property=\"og:site_name\" content=\"Creantum\" \/>\n<meta property=\"article:modified_time\" content=\"2025-04-10T11:45:32+00:00\" \/>\n<meta name=\"twitter:card\" content=\"summary_large_image\" \/>\n<meta name=\"twitter:label1\" content=\"Temps estimat de lectura\" \/>\n\t<meta name=\"twitter:data1\" content=\"4 minuts\" \/>\n<script type=\"application\/ld+json\" class=\"yoast-schema-graph\">{\"@context\":\"https:\/\/schema.org\",\"@graph\":[{\"@type\":\"WebPage\",\"@id\":\"https:\/\/creantum.com\/ca\/coaching-estrategic\/\",\"url\":\"https:\/\/creantum.com\/ca\/coaching-estrategic\/\",\"name\":\"Coaching Estrat\u00e8gic\",\"isPartOf\":{\"@id\":\"https:\/\/creantum.com\/#website\"},\"datePublished\":\"2021-12-03T11:58:05+00:00\",\"dateModified\":\"2025-04-10T11:45:32+00:00\",\"description\":\"El Coaching estrat\u00e8gic combina elements del coaching, de planificaci\u00f3 estrat\u00e8gica i la psicologia per potenciar els rendiments empresarials.\",\"breadcrumb\":{\"@id\":\"https:\/\/creantum.com\/ca\/coaching-estrategic\/#breadcrumb\"},\"inLanguage\":\"ca\",\"potentialAction\":[{\"@type\":\"ReadAction\",\"target\":[\"https:\/\/creantum.com\/ca\/coaching-estrategic\/\"]}]},{\"@type\":\"BreadcrumbList\",\"@id\":\"https:\/\/creantum.com\/ca\/coaching-estrategic\/#breadcrumb\",\"itemListElement\":[{\"@type\":\"ListItem\",\"position\":1,\"name\":\"Portada\",\"item\":\"https:\/\/creantum.com\/ca\/\"},{\"@type\":\"ListItem\",\"position\":2,\"name\":\"COACHING ESTRAT\u00c8GIC\"}]},{\"@type\":\"WebSite\",\"@id\":\"https:\/\/creantum.com\/#website\",\"url\":\"https:\/\/creantum.com\/\",\"name\":\"Creantum\",\"description\":\"Consultor\u00eda estrat\u00e9gica y de RRHH en Barcelona y Girona\",\"potentialAction\":[{\"@type\":\"SearchAction\",\"target\":{\"@type\":\"EntryPoint\",\"urlTemplate\":\"https:\/\/creantum.com\/?s={search_term_string}\"},\"query-input\":{\"@type\":\"PropertyValueSpecification\",\"valueRequired\":true,\"valueName\":\"search_term_string\"}}],\"inLanguage\":\"ca\"}]}<\/script>\n<!-- \/ Yoast SEO plugin. -->","yoast_head_json":{"title":"Coaching Estrat\u00e8gic","description":"El Coaching estrat\u00e8gic combina elements del coaching, de planificaci\u00f3 estrat\u00e8gica i la psicologia per potenciar els rendiments empresarials.","robots":{"index":"index","follow":"follow","max-snippet":"max-snippet:-1","max-image-preview":"max-image-preview:large","max-video-preview":"max-video-preview:-1"},"canonical":"https:\/\/creantum.com\/ca\/coaching-estrategic\/","og_locale":"ca_ES","og_type":"article","og_title":"Coaching Estrat\u00e8gic","og_description":"El Coaching estrat\u00e8gic combina elements del coaching, de planificaci\u00f3 estrat\u00e8gica i la psicologia per potenciar els rendiments empresarials.","og_url":"https:\/\/creantum.com\/ca\/coaching-estrategic\/","og_site_name":"Creantum","article_modified_time":"2025-04-10T11:45:32+00:00","twitter_card":"summary_large_image","twitter_misc":{"Temps estimat de lectura":"4 minuts"},"schema":{"@context":"https:\/\/schema.org","@graph":[{"@type":"WebPage","@id":"https:\/\/creantum.com\/ca\/coaching-estrategic\/","url":"https:\/\/creantum.com\/ca\/coaching-estrategic\/","name":"Coaching Estrat\u00e8gic","isPartOf":{"@id":"https:\/\/creantum.com\/#website"},"datePublished":"2021-12-03T11:58:05+00:00","dateModified":"2025-04-10T11:45:32+00:00","description":"El Coaching estrat\u00e8gic combina elements del coaching, de planificaci\u00f3 estrat\u00e8gica i la psicologia per potenciar els rendiments empresarials.","breadcrumb":{"@id":"https:\/\/creantum.com\/ca\/coaching-estrategic\/#breadcrumb"},"inLanguage":"ca","potentialAction":[{"@type":"ReadAction","target":["https:\/\/creantum.com\/ca\/coaching-estrategic\/"]}]},{"@type":"BreadcrumbList","@id":"https:\/\/creantum.com\/ca\/coaching-estrategic\/#breadcrumb","itemListElement":[{"@type":"ListItem","position":1,"name":"Portada","item":"https:\/\/creantum.com\/ca\/"},{"@type":"ListItem","position":2,"name":"COACHING ESTRAT\u00c8GIC"}]},{"@type":"WebSite","@id":"https:\/\/creantum.com\/#website","url":"https:\/\/creantum.com\/","name":"Creantum","description":"Consultor\u00eda estrat\u00e9gica y de RRHH en Barcelona y Girona","potentialAction":[{"@type":"SearchAction","target":{"@type":"EntryPoint","urlTemplate":"https:\/\/creantum.com\/?s={search_term_string}"},"query-input":{"@type":"PropertyValueSpecification","valueRequired":true,"valueName":"search_term_string"}}],"inLanguage":"ca"}]}},"_links":{"self":[{"href":"https:\/\/creantum.com\/ca\/wp-json\/wp\/v2\/pages\/9122"}],"collection":[{"href":"https:\/\/creantum.com\/ca\/wp-json\/wp\/v2\/pages"}],"about":[{"href":"https:\/\/creantum.com\/ca\/wp-json\/wp\/v2\/types\/page"}],"author":[{"embeddable":true,"href":"https:\/\/creantum.com\/ca\/wp-json\/wp\/v2\/users\/1"}],"replies":[{"embeddable":true,"href":"https:\/\/creantum.com\/ca\/wp-json\/wp\/v2\/comments?post=9122"}],"version-history":[{"count":8,"href":"https:\/\/creantum.com\/ca\/wp-json\/wp\/v2\/pages\/9122\/revisions"}],"predecessor-version":[{"id":52227,"href":"https:\/\/creantum.com\/ca\/wp-json\/wp\/v2\/pages\/9122\/revisions\/52227"}],"wp:attachment":[{"href":"https:\/\/creantum.com\/ca\/wp-json\/wp\/v2\/media?parent=9122"}],"curies":[{"name":"wp","href":"https:\/\/api.w.org\/{rel}","templated":true}]}}