{"id":9135,"date":"2021-12-03T08:00:26","date_gmt":"2021-12-03T08:00:26","guid":{"rendered":"https:\/\/creantum.com\/?page_id=9135"},"modified":"2025-04-10T11:48:28","modified_gmt":"2025-04-10T11:48:28","slug":"respons-felicitat-i-benestar","status":"publish","type":"page","link":"https:\/\/creantum.com\/ca\/respons-felicitat-i-benestar\/","title":{"rendered":"RESP. FELICITAT I BENESTAR"},"content":{"rendered":"<section class=\"l-section wpb_row us_custom_6df4bc3a has_text_color height_huge with_img\"><div class=\"l-section-img\" style=\"background-image: url(https:\/\/creantum.com\/wp-content\/uploads\/2022\/02\/responsable-felicidad-y-bienestar.jpg);background-repeat: no-repeat;\" data-img-width=\"1920\" data-img-height=\"1280\"><\/div><div class=\"l-section-overlay\" style=\"background:linear-gradient(90deg,rgba(26,26,26,0.70),rgba(0,0,0,0.15))\"><\/div><div class=\"l-section-h i-cf\"><div class=\"g-cols vc_row via_flex valign_top type_default stacking_default\"><div class=\"vc_col-sm-12 wpb_column vc_column_container\"><div class=\"vc_column-inner\"><div class=\"wpb_wrapper\"><div class=\"wpb_text_column\"><div class=\"wpb_wrapper\"><h1 style=\"text-align: left;\">Responsable de la felicitat empresarial<\/h1>\n<h2><span style=\"color: #00ccff;\">L&#8217;art de desenvolupar el poder del que \u00e9s invisible<\/span><\/h2>\n<\/div><\/div><\/div><\/div><\/div><\/div><\/div><\/section><section class=\"l-section wpb_row height_medium\"><div class=\"l-section-h i-cf\"><div class=\"g-cols vc_row via_flex valign_top type_default stacking_default\"><div class=\"vc_col-sm-6 wpb_column vc_column_container\"><div class=\"vc_column-inner\"><div class=\"wpb_wrapper\"><div class=\"wpb_text_column\"><div class=\"wpb_wrapper\"><h2 align=\"center\">Cultura empresarial basada en la felicitat<\/h2>\n<p>La vida \u00e9s canvi constant, i l&#8217;\u00e8poca en qu\u00e8 vivim ha posat encara m\u00e9s de manifest la rellev\u00e0ncia dels canvis continus. Canvis que condicionen les nostres prioritats i els nostres objectius, i que posen a prova la nostra manera de treballar i relacionar-nos.<\/p>\n<p>Ens trobem en un moment que la <strong>inversi\u00f3 en el benestar de les persones \u00e9s m\u00e9s estrat\u00e8gica que mai.<\/strong><\/p>\n<p>Un <strong>Responsable de la Felicitat i Benestar Empresarial o CHO \u2013 <a href=\"https:\/\/cho.creantum.com\/\">Chief Happiness Officer<\/a><\/strong>, tamb\u00e9 anomenat director de la felicitat, \u00e9s un soci de negoci, que t&#8217;ajudar\u00e0 a enfortir la planejaci\u00f3 de l&#8217;empresa des de la perspectiva del valor de les persones, amb un inter\u00e8s genu\u00ed en el benestar dels treballadors, d&#8217;acord amb les circumst\u00e0ncies i les realitats de l&#8217;empresa o organitzaci\u00f3, a m\u00e9s d&#8217;aconseguir l&#8217;alineaci\u00f3 estrat\u00e8gica necess\u00e0ria per harmonitzar quotidianament, a trav\u00e9s de pol\u00edtiques del benestar, l&#8217;ambient de treball i la cultura empresarial, necessaris per habilitar m\u00e9s possibilitats per a la felicitat dels empleats.<\/p>\n<\/div><\/div><\/div><\/div><\/div><div class=\"vc_col-sm-6 wpb_column vc_column_container\"><div class=\"vc_column-inner\"><div class=\"wpb_wrapper\"><div class=\"w-html\"><iframe loading=\"lazy\" src=\"https:\/\/player.vimeo.com\/video\/487236689?h=3f4507f1da\" width=\"640\" height=\"360\" frameborder=\"0\" allow=\"autoplay; fullscreen; picture-in-picture\" allowfullscreen><\/iframe><\/div><\/div><\/div><\/div><\/div><\/div><\/section><section class=\"l-section wpb_row height_medium\"><div class=\"l-section-h i-cf\"><div class=\"g-cols vc_row via_flex valign_top type_default stacking_default\"><div class=\"vc_col-sm-6 wpb_column vc_column_container\"><div class=\"vc_column-inner\"><div class=\"wpb_wrapper\"><div class=\"wpb_text_column\"><div class=\"wpb_wrapper\"><h2>Responsable de la felicitat empresarial intern<\/h2>\n<p>L&#8217;empresa aposta per tenir al seu equip una persona preparada i orientada a dissenyar plans de benestar, implantar-los i avaluar-ne l&#8217;impacte.<\/p>\n<p>Aquesta persona pot ser dins de l&#8217;equip de gesti\u00f3 de persones o d&#8217;una altra \u00e0rea on tingui capacitat de relaci\u00f3 amb tot el personal.<\/p>\n<p>El seu objectiu \u00e9s fomentar la felicitat i el benestar de les persones dins de l&#8217;organitzaci\u00f3.<\/p>\n<\/div><\/div><\/div><\/div><\/div><div class=\"vc_col-sm-6 wpb_column vc_column_container\"><div class=\"vc_column-inner\"><div class=\"wpb_wrapper\"><div class=\"wpb_text_column\"><div class=\"wpb_wrapper\"><h2>Responsable de felicitat empresarial extern<\/h2>\n<p>Aquesta figura d\u00f3na suport a l&#8217;organitzaci\u00f3 des d&#8217;una perspectiva externa, cosa que ofereix una visi\u00f3 m\u00e9s neutra sobre les necessitats de l&#8217;empresa i les possibles intervencions.<\/p>\n<p>Pot donar suport a l&#8217;equip intern de gesti\u00f3 de personal o fins i tot a la pr\u00f2pia ger\u00e8ncia, ja que el seu rol \u00e9s acompanyar l&#8217;empresa a crear una cultura empresarial basada en la felicitat.<\/p>\n<\/div><\/div><\/div><\/div><\/div><div class=\"vc_col-sm-12 wpb_column vc_column_container\"><div class=\"vc_column-inner\"><div class=\"wpb_wrapper\"><\/div><\/div><\/div><\/div><\/div><\/section><section class=\"l-section wpb_row us_custom_91199dcd has_text_color height_large\"><div class=\"l-section-overlay\" style=\"background:linear-gradient(135deg,rgba(20,89,164,0.95),rgba(61,168,214,0.95))\"><\/div><div class=\"l-section-h i-cf\"><div class=\"g-cols vc_row via_flex valign_top type_default stacking_default\"><div class=\"vc_col-sm-12 wpb_column vc_column_container\"><div class=\"vc_column-inner\"><div class=\"wpb_wrapper\"><div class=\"wpb_text_column\"><div class=\"wpb_wrapper\"><p style=\"text-align: center; font-size: 24px;\">Com a especialistes i pioners en benestar organitzacional i felicitat de les persones, estem preparats per acompanyar-vos en els reptes estrat\u00e8gics del vostre creixement.<\/p>\n<\/div><\/div><div class=\"w-separator size_small\"><\/div><div class=\"w-btn-wrapper align_center\"><a class=\"w-btn us-btn-style_2\" target=\"_blank\" href=\"https:\/\/cho.creantum.com\" rel=\"noopener\"><span class=\"w-btn-label\">Aqu\u00ed sabr\u00e0s com<\/span><\/a><\/div><\/div><\/div><\/div><\/div><\/div><\/section>\n","protected":false},"excerpt":{"rendered":"Responsable de la felicitat empresarial L&#8217;art de desenvolupar el poder del que \u00e9s invisible Cultura empresarial basada en la felicitat La vida \u00e9s canvi constant, i l&#8217;\u00e8poca en qu\u00e8 vivim ha posat encara m\u00e9s de manifest la rellev\u00e0ncia dels canvis continus. Canvis que condicionen les nostres prioritats i els nostres objectius, i que posen a...","protected":false},"author":1,"featured_media":0,"parent":0,"menu_order":0,"comment_status":"closed","ping_status":"closed","template":"","meta":{"footnotes":""},"class_list":["post-9135","page","type-page","status-publish","hentry"],"yoast_head":"<!-- This site is optimized with the Yoast SEO plugin v25.6 - https:\/\/yoast.com\/wordpress\/plugins\/seo\/ -->\n<title>Responsable de la felicitat empresarial - CHO - Creantum<\/title>\n<meta name=\"description\" content=\"El responsable de la felicitat empresarial acompanya les empreses a donar valor a les persones i al seu benestar\" \/>\n<meta name=\"robots\" content=\"index, follow, max-snippet:-1, max-image-preview:large, max-video-preview:-1\" \/>\n<link rel=\"canonical\" href=\"https:\/\/creantum.com\/ca\/respons-felicitat-i-benestar\/\" \/>\n<meta property=\"og:locale\" content=\"ca_ES\" \/>\n<meta property=\"og:type\" content=\"article\" \/>\n<meta property=\"og:title\" content=\"Responsable de la felicitat empresarial - CHO - Creantum\" \/>\n<meta property=\"og:description\" content=\"El responsable de la felicitat empresarial acompanya les empreses a donar valor a les persones i al seu benestar\" \/>\n<meta property=\"og:url\" content=\"https:\/\/creantum.com\/ca\/respons-felicitat-i-benestar\/\" \/>\n<meta property=\"og:site_name\" content=\"Creantum\" \/>\n<meta property=\"article:modified_time\" content=\"2025-04-10T11:48:28+00:00\" \/>\n<meta name=\"twitter:card\" content=\"summary_large_image\" \/>\n<meta name=\"twitter:label1\" content=\"Temps estimat de lectura\" \/>\n\t<meta name=\"twitter:data1\" content=\"2 minuts\" \/>\n<script type=\"application\/ld+json\" class=\"yoast-schema-graph\">{\"@context\":\"https:\/\/schema.org\",\"@graph\":[{\"@type\":\"WebPage\",\"@id\":\"https:\/\/creantum.com\/ca\/respons-felicitat-i-benestar\/\",\"url\":\"https:\/\/creantum.com\/ca\/respons-felicitat-i-benestar\/\",\"name\":\"Responsable de la felicitat empresarial - CHO - Creantum\",\"isPartOf\":{\"@id\":\"https:\/\/creantum.com\/#website\"},\"datePublished\":\"2021-12-03T08:00:26+00:00\",\"dateModified\":\"2025-04-10T11:48:28+00:00\",\"description\":\"El responsable de la felicitat empresarial acompanya les empreses a donar valor a les persones i al seu benestar\",\"breadcrumb\":{\"@id\":\"https:\/\/creantum.com\/ca\/respons-felicitat-i-benestar\/#breadcrumb\"},\"inLanguage\":\"ca\",\"potentialAction\":[{\"@type\":\"ReadAction\",\"target\":[\"https:\/\/creantum.com\/ca\/respons-felicitat-i-benestar\/\"]}]},{\"@type\":\"BreadcrumbList\",\"@id\":\"https:\/\/creantum.com\/ca\/respons-felicitat-i-benestar\/#breadcrumb\",\"itemListElement\":[{\"@type\":\"ListItem\",\"position\":1,\"name\":\"Portada\",\"item\":\"https:\/\/creantum.com\/ca\/\"},{\"@type\":\"ListItem\",\"position\":2,\"name\":\"RESP. FELICITAT I BENESTAR\"}]},{\"@type\":\"WebSite\",\"@id\":\"https:\/\/creantum.com\/#website\",\"url\":\"https:\/\/creantum.com\/\",\"name\":\"Creantum\",\"description\":\"Consultor\u00eda estrat\u00e9gica y de RRHH en Barcelona y Girona\",\"potentialAction\":[{\"@type\":\"SearchAction\",\"target\":{\"@type\":\"EntryPoint\",\"urlTemplate\":\"https:\/\/creantum.com\/?s={search_term_string}\"},\"query-input\":{\"@type\":\"PropertyValueSpecification\",\"valueRequired\":true,\"valueName\":\"search_term_string\"}}],\"inLanguage\":\"ca\"}]}<\/script>\n<!-- \/ Yoast SEO plugin. -->","yoast_head_json":{"title":"Responsable de la felicitat empresarial - CHO - Creantum","description":"El responsable de la felicitat empresarial acompanya les empreses a donar valor a les persones i al seu benestar","robots":{"index":"index","follow":"follow","max-snippet":"max-snippet:-1","max-image-preview":"max-image-preview:large","max-video-preview":"max-video-preview:-1"},"canonical":"https:\/\/creantum.com\/ca\/respons-felicitat-i-benestar\/","og_locale":"ca_ES","og_type":"article","og_title":"Responsable de la felicitat empresarial - CHO - Creantum","og_description":"El responsable de la felicitat empresarial acompanya les empreses a donar valor a les persones i al seu benestar","og_url":"https:\/\/creantum.com\/ca\/respons-felicitat-i-benestar\/","og_site_name":"Creantum","article_modified_time":"2025-04-10T11:48:28+00:00","twitter_card":"summary_large_image","twitter_misc":{"Temps estimat de lectura":"2 minuts"},"schema":{"@context":"https:\/\/schema.org","@graph":[{"@type":"WebPage","@id":"https:\/\/creantum.com\/ca\/respons-felicitat-i-benestar\/","url":"https:\/\/creantum.com\/ca\/respons-felicitat-i-benestar\/","name":"Responsable de la felicitat empresarial - CHO - Creantum","isPartOf":{"@id":"https:\/\/creantum.com\/#website"},"datePublished":"2021-12-03T08:00:26+00:00","dateModified":"2025-04-10T11:48:28+00:00","description":"El responsable de la felicitat empresarial acompanya les empreses a donar valor a les persones i al seu benestar","breadcrumb":{"@id":"https:\/\/creantum.com\/ca\/respons-felicitat-i-benestar\/#breadcrumb"},"inLanguage":"ca","potentialAction":[{"@type":"ReadAction","target":["https:\/\/creantum.com\/ca\/respons-felicitat-i-benestar\/"]}]},{"@type":"BreadcrumbList","@id":"https:\/\/creantum.com\/ca\/respons-felicitat-i-benestar\/#breadcrumb","itemListElement":[{"@type":"ListItem","position":1,"name":"Portada","item":"https:\/\/creantum.com\/ca\/"},{"@type":"ListItem","position":2,"name":"RESP. FELICITAT I BENESTAR"}]},{"@type":"WebSite","@id":"https:\/\/creantum.com\/#website","url":"https:\/\/creantum.com\/","name":"Creantum","description":"Consultor\u00eda estrat\u00e9gica y de RRHH en Barcelona y Girona","potentialAction":[{"@type":"SearchAction","target":{"@type":"EntryPoint","urlTemplate":"https:\/\/creantum.com\/?s={search_term_string}"},"query-input":{"@type":"PropertyValueSpecification","valueRequired":true,"valueName":"search_term_string"}}],"inLanguage":"ca"}]}},"_links":{"self":[{"href":"https:\/\/creantum.com\/ca\/wp-json\/wp\/v2\/pages\/9135"}],"collection":[{"href":"https:\/\/creantum.com\/ca\/wp-json\/wp\/v2\/pages"}],"about":[{"href":"https:\/\/creantum.com\/ca\/wp-json\/wp\/v2\/types\/page"}],"author":[{"embeddable":true,"href":"https:\/\/creantum.com\/ca\/wp-json\/wp\/v2\/users\/1"}],"replies":[{"embeddable":true,"href":"https:\/\/creantum.com\/ca\/wp-json\/wp\/v2\/comments?post=9135"}],"version-history":[{"count":12,"href":"https:\/\/creantum.com\/ca\/wp-json\/wp\/v2\/pages\/9135\/revisions"}],"predecessor-version":[{"id":52230,"href":"https:\/\/creantum.com\/ca\/wp-json\/wp\/v2\/pages\/9135\/revisions\/52230"}],"wp:attachment":[{"href":"https:\/\/creantum.com\/ca\/wp-json\/wp\/v2\/media?parent=9135"}],"curies":[{"name":"wp","href":"https:\/\/api.w.org\/{rel}","templated":true}]}}