{"id":9178,"date":"2021-12-03T08:00:00","date_gmt":"2021-12-03T08:00:00","guid":{"rendered":"https:\/\/creantum.com\/?page_id=9178"},"modified":"2022-06-23T07:32:16","modified_gmt":"2022-06-23T07:32:16","slug":"coaching","status":"publish","type":"page","link":"https:\/\/creantum.com\/ca\/coaching\/","title":{"rendered":"COACHING"},"content":{"rendered":"<section class=\"l-section wpb_row us_custom_6df4bc3a has_text_color height_huge with_img\"><div class=\"l-section-img\" style=\"background-image: url(https:\/\/creantum.com\/wp-content\/uploads\/2022\/01\/formacion-creantum.jpg);background-repeat: no-repeat;\" data-img-width=\"1920\" data-img-height=\"889\"><\/div><div class=\"l-section-overlay\" style=\"background:linear-gradient(90deg,rgba(26,26,26,0.70),rgba(0,0,0,0.15))\"><\/div><div class=\"l-section-h i-cf\"><div class=\"g-cols vc_row via_flex valign_top type_default stacking_default\"><div class=\"vc_col-sm-12 wpb_column vc_column_container\"><div class=\"vc_column-inner\"><div class=\"wpb_wrapper\"><div class=\"wpb_text_column\"><div class=\"wpb_wrapper\"><h1 style=\"text-align: left;\">Coaching<\/h1>\n<h2 class=\"subtitol_seccions\">Quan el lideratge \u00e9s el cam\u00ed, la transformaci\u00f3 \u00e9s l&#8217;elecci\u00f3<\/h2>\n<\/div><\/div><\/div><\/div><\/div><\/div><\/div><\/section><section class=\"l-section wpb_row us_custom_6df4bc3a has_text_color height_small\"><div class=\"l-section-h i-cf\"><div class=\"g-cols vc_row via_flex valign_top type_boxes stacking_default\" style=\"--additional-gap:25px;\"><div class=\"vc_col-sm-6 wpb_column vc_column_container has_text_color\"><div class=\"vc_column-inner us_custom_4076faf9\"><div class=\"wpb_wrapper\"><div class=\"wpb_text_column\"><div class=\"wpb_wrapper\"><h3><b>Qu\u00e8 \u00e9s el coaching?<\/b><\/h3>\n<p>Proc\u00e9s de desenvolupament personal i professional que capacita a les persones a generar canvis i obtenir recursos per a aconseguir els seus objectius mitjan\u00e7ant una metodologia. Consisteix a ajudar a alg\u00fa a trobar respostes, a descobrir dins de si el seu potencial, el seu cam\u00ed a l&#8217;\u00e8xit sigui en els negocis, les relacions personals, l&#8217;art, l&#8217;esport, el treball\u2026<\/p>\n<\/div><\/div><div class=\"w-separator size_small\"><\/div><div class=\"w-btn-wrapper align_left\"><a class=\"w-btn us-btn-style_1 contacto_popup\" href=\"javascript:void(0)\"><span class=\"w-btn-label\">Contactar ara<\/span><\/a><\/div><\/div><\/div><\/div><div class=\"vc_col-sm-6 wpb_column vc_column_container caixes_creantum has_bg_color\"><div class=\"vc_column-inner us_custom_15ab96c5\"><div class=\"vc_column-overlay\" style=\"background:rgba(26,26,26,0.85)\"><\/div><div class=\"wpb_wrapper\"><div class=\"wpb_text_column\"><div class=\"wpb_wrapper\"><h3>Per a qu\u00e8 serveix?<\/h3>\n<\/div><\/div><div class=\"w-tabs style_default switch_click accordion has_scrolling\" style=\"--sections-title-size:inherit\"><div class=\"w-tabs-sections titles-align_none icon_chevron cpos_right\"><div class=\"w-tabs-section\" id=\"mc23\"><button class=\"w-tabs-section-header\" aria-controls=\"content-mc23\" aria-expanded=\"false\"><div class=\"w-tabs-section-title\">1.- Afavoreix el treball en equip<\/div><div class=\"w-tabs-section-control\"><\/div><\/button><div  class=\"w-tabs-section-content\" id=\"content-mc23\"><div class=\"w-tabs-section-content-h i-cf\"><div class=\"wpb_text_column\"><div class=\"wpb_wrapper\"><div class=\"traductor-textarea form-group\">\n<div class=\"textarea-desti col-xs-12 col-sm-6\">\n<div class=\"form-control second-textarea\">Les t\u00e8cniques de\u00a0coaching\u00a0resulten \u00fatils per a millorar la comunicaci\u00f3 grupal. Un dels m\u00e8todes m\u00e9s comuns \u00e9s la din\u00e0mica de grups per a empatitzar amb els seus companys i entendre la funci\u00f3 de cadascun d&#8217;ells. Aix\u00ed mateix, tamb\u00e9 s&#8217;aconsegueix potenciar els punts forts de cada empleat perqu\u00e8 tots aportin el millor de si mateixos com a equip de treball.<\/div>\n<\/div>\n<\/div>\n<div class=\"traductor-checkbox form-group\">\n<div class=\"row\">\n<div class=\"col-sm-offset-2 col-sm-5\"><\/div>\n<\/div>\n<\/div>\n<\/div><\/div><\/div><\/div><\/div><div class=\"w-tabs-section\" id=\"id85\"><button class=\"w-tabs-section-header\" aria-controls=\"content-id85\" aria-expanded=\"false\"><div class=\"w-tabs-section-title\">2.- Pot\u00e8ncia el talent individual<\/div><div class=\"w-tabs-section-control\"><\/div><\/button><div  class=\"w-tabs-section-content\" id=\"content-id85\"><div class=\"w-tabs-section-content-h i-cf\"><div class=\"wpb_text_column\"><div class=\"wpb_wrapper\"><p>Aquesta metodologia no sols \u00e9s efectiva sobre el treball grupal, tamb\u00e9 millora el rendiment de cada treballador. \u00c9s a dir, desenvolupa les potencials habilitats dels membres de l&#8217;organitzaci\u00f3.<\/p>\n<\/div><\/div><\/div><\/div><\/div><div class=\"w-tabs-section\" id=\"kede\"><button class=\"w-tabs-section-header\" aria-controls=\"content-kede\" aria-expanded=\"false\"><div class=\"w-tabs-section-title\">3.- Incrementa la creativitat<\/div><div class=\"w-tabs-section-control\"><\/div><\/button><div  class=\"w-tabs-section-content\" id=\"content-kede\"><div class=\"w-tabs-section-content-h i-cf\"><div class=\"wpb_text_column\"><div class=\"wpb_wrapper\"><div class=\"traductor-textarea form-group\">\n<div class=\"textarea-desti col-xs-12 col-sm-6\">\n<div class=\"form-control second-textarea\">El coaching empresarial tamb\u00e9 ajuda a generar inspiraci\u00f3 i noves idees. Promoure l&#8217;autodescobriment fa que els treballadors es desenvolupin en situacions diferents a les que solen afrontar. I, aix\u00f2 \u00e9s precisament, el que m\u00e9s desperta el seu costat creatiu.<\/div>\n<\/div>\n<\/div>\n<\/div><\/div><\/div><\/div><\/div><div class=\"w-tabs-section\" id=\"h02f\"><button class=\"w-tabs-section-header\" aria-controls=\"content-h02f\" aria-expanded=\"false\"><div class=\"w-tabs-section-title\">4.- Contribueix a la resoluci\u00f3 de conflictes<\/div><div class=\"w-tabs-section-control\"><\/div><\/button><div  class=\"w-tabs-section-content\" id=\"content-h02f\"><div class=\"w-tabs-section-content-h i-cf\"><div class=\"wpb_text_column\"><div class=\"wpb_wrapper\"><div class=\"traductor-textarea form-group\">\n<div class=\"textarea-desti col-xs-12 col-sm-6\">\n<div class=\"form-control second-textarea\">La figura d&#8217;un coach empresarial tamb\u00e9 aporta eines que permeten la superaci\u00f3 d&#8217;obstacles i la resoluci\u00f3 de conflictes en les empreses. Aix\u00ed, millora la comunicaci\u00f3 grupal i es donen relacions interpersonals m\u00e9s sanes.<\/div>\n<\/div>\n<\/div>\n<\/div><\/div><\/div><\/div><\/div><div class=\"w-tabs-section\" id=\"s18c\"><button class=\"w-tabs-section-header\" aria-controls=\"content-s18c\" aria-expanded=\"false\"><div class=\"w-tabs-section-title\">5.- Millora l&#8217;adaptaci\u00f3 als canvis<\/div><div class=\"w-tabs-section-control\"><\/div><\/button><div  class=\"w-tabs-section-content\" id=\"content-s18c\"><div class=\"w-tabs-section-content-h i-cf\"><div class=\"wpb_text_column\"><div class=\"wpb_wrapper\"><div class=\"traductor-textarea form-group\">\n<div class=\"textarea-desti col-xs-12 col-sm-6\">\n<div class=\"form-control second-textarea\">La constant innovaci\u00f3 i creixent competitivitat fa que les empreses hagin d&#8217;adaptar-se r\u00e0pid als canvis. El\u00a0coaching\u00a0\u00e9s efica\u00e7 per a establir actituds m\u00e9s adaptatives i flexibles als contratemps que puguin sorgir.<\/div>\n<\/div>\n<\/div>\n<div class=\"traductor-checkbox form-group\">\n<div class=\"row\">\n<div class=\"col-sm-offset-2 col-sm-5\"><\/div>\n<\/div>\n<\/div>\n<\/div><\/div><\/div><\/div><\/div><div class=\"w-tabs-section\" id=\"h2d3\"><button class=\"w-tabs-section-header\" aria-controls=\"content-h2d3\" aria-expanded=\"false\"><div class=\"w-tabs-section-title\">6.- Augmenta la productivitat<\/div><div class=\"w-tabs-section-control\"><\/div><\/button><div  class=\"w-tabs-section-content\" id=\"content-h2d3\"><div class=\"w-tabs-section-content-h i-cf\"><div class=\"wpb_text_column\"><div class=\"wpb_wrapper\"><div class=\"traductor-textarea form-group\">\n<div class=\"textarea-desti col-xs-12 col-sm-6\">\n<div class=\"form-control second-textarea\">Com hem comentat, aquest m\u00e8tode s&#8217;utilitza per a incrementar la motivaci\u00f3 i satisfacci\u00f3 laboral. El que fa que augmenti la productivitat, ja que, si els treballadors se senten c\u00f2modes amb la seva labor, rendiran m\u00e9s i els resultats seran millors.<\/div>\n<\/div>\n<\/div>\n<\/div><\/div><\/div><\/div><\/div><div class=\"w-tabs-section\" id=\"r403\"><button class=\"w-tabs-section-header\" aria-controls=\"content-r403\" aria-expanded=\"false\"><div class=\"w-tabs-section-title\">7.- Redueix estats d&#8217;estr\u00e8s i ansietat laboral<\/div><div class=\"w-tabs-section-control\"><\/div><\/button><div  class=\"w-tabs-section-content\" id=\"content-r403\"><div class=\"w-tabs-section-content-h i-cf\"><div class=\"wpb_text_column\"><div class=\"wpb_wrapper\"><p>La reducci\u00f3 de conflictes i la millora de la comunicaci\u00f3 entre els empleats promouen un bon ambient laboral. Aix\u00ed mateix, el fet que els treballadors se sentin a gust disminueix la prevalen\u00e7a a sofrir estr\u00e8s o ansietat en el treball.<\/p>\n<\/div><\/div><\/div><\/div><\/div><\/div><\/div><\/div><\/div><\/div><\/div><\/div><\/section><section class=\"l-section wpb_row us_custom_0d15be52 height_medium\"><div class=\"l-section-h i-cf\"><div class=\"g-cols vc_row via_flex valign_top type_default stacking_default\"><div class=\"vc_col-sm-12 wpb_column vc_column_container\"><div class=\"vc_column-inner\"><div class=\"wpb_wrapper\"><div class=\"wpb_text_column\"><div class=\"wpb_wrapper\"><h3 style=\"text-align: center;\"><strong>Qu\u00e8 t&#8217;oferim?<\/strong><\/h3>\n<\/div><\/div><div class=\"g-cols wpb_row us_custom_0f26a3a9 via_flex valign_top type_default stacking_default\" style=\"--additional-gap:1.5rem;\"><div class=\"vc_col-sm-3 wpb_column vc_column_container has_text_color has_bg_color\"><div class=\"vc_column-inner us_custom_76934250\"><div class=\"vc_column-overlay\" style=\"background:rgba(26,26,26,0.70)\"><\/div><div class=\"wpb_wrapper\"><div class=\"wpb_text_column\"><div class=\"wpb_wrapper\"><h2 style=\"text-align: center;\"><strong>Coaching<br \/>\nIndividual<\/strong><\/h2>\n<\/div><\/div><div class=\"w-btn-wrapper align_center\"><a class=\"w-btn us-btn-style_2 us_custom_1b04de86\" title=\"CONSULTORIA RRHH\" target=\"_blank\" href=\"https:\/\/creantum.com\/coaching-individual\/\" rel=\"noopener\"><span class=\"w-btn-label\">Saber m\u00e9s<\/span><\/a><\/div><\/div><\/div><\/div><div class=\"vc_col-sm-3 wpb_column vc_column_container has_text_color has_bg_color\"><div class=\"vc_column-inner us_custom_d7484226\"><div class=\"vc_column-overlay\" style=\"background:rgba(26,26,26,0.70)\"><\/div><div class=\"wpb_wrapper\"><div class=\"wpb_text_column\"><div class=\"wpb_wrapper\"><h2 style=\"text-align: center;\"><strong>Coaching<br \/>\nd&#8217;Equips<\/strong><\/h2>\n<\/div><\/div><div class=\"w-btn-wrapper align_center\"><a class=\"w-btn us-btn-style_2 us_custom_1b04de86\" title=\"CONSULTORIA RRHH\" target=\"_blank\" href=\"https:\/\/creantum.com\/coaching-equipos\/\" rel=\"noopener\"><span class=\"w-btn-label\">Saber m\u00e9s<\/span><\/a><\/div><\/div><\/div><\/div><div class=\"vc_col-sm-3 wpb_column vc_column_container has_text_color has_bg_color\"><div class=\"vc_column-inner us_custom_1bcb462f\"><div class=\"vc_column-overlay\" style=\"background:rgba(26,26,26,0.70)\"><\/div><div class=\"wpb_wrapper\"><div class=\"wpb_text_column\"><div class=\"wpb_wrapper\"><h2 style=\"text-align: center;\"><strong>Coaching<br \/>\nEstrat\u00e8gic<\/strong><\/h2>\n<\/div><\/div><div class=\"w-btn-wrapper align_center\"><a class=\"w-btn us-btn-style_2 us_custom_1b04de86\" title=\"CONSULTORIA RRHH\" target=\"_blank\" href=\"https:\/\/creantum.com\/coaching-estrategico\/\" rel=\"noopener\"><span class=\"w-btn-label\">Saber m\u00e9s<\/span><\/a><\/div><\/div><\/div><\/div><div class=\"vc_col-sm-3 wpb_column vc_column_container has_text_color has_bg_color\"><div class=\"vc_column-inner us_custom_c58a6484\"><div class=\"vc_column-overlay\" style=\"background:rgba(26,26,26,0.70)\"><\/div><div class=\"wpb_wrapper\"><div class=\"wpb_text_column\"><div class=\"wpb_wrapper\"><h2 style=\"text-align: center;\"><strong>Shadow<br \/>\nCoaching<\/strong><\/h2>\n<\/div><\/div><div class=\"w-btn-wrapper align_center\"><a class=\"w-btn us-btn-style_2 us_custom_1b04de86\" title=\"CONSULTORIA RRHH\" target=\"_blank\" href=\"https:\/\/creantum.com\/shadow-coaching\/\" rel=\"noopener\"><span class=\"w-btn-label\">Saber m\u00e9s<\/span><\/a><\/div><\/div><\/div><\/div><\/div><\/div><\/div><\/div><\/div><\/div><\/section><section class=\"l-section wpb_row us_custom_6df4bc3a has_text_color height_medium with_img parallax_fixed\"><div class=\"l-section-img\" style=\"background-image: url(https:\/\/creantum.com\/wp-content\/uploads\/2021\/12\/formacion-creantum-06.jpg);background-position: top center;background-repeat: no-repeat;\" data-img-width=\"1920\" data-img-height=\"904\"><\/div><div class=\"l-section-overlay\" style=\"background:rgba(51,51,51,0.85)\"><\/div><div class=\"l-section-h i-cf\"><div class=\"g-cols vc_row via_flex valign_top type_default stacking_default\"><div class=\"vc_col-sm-12 wpb_column vc_column_container\"><div class=\"vc_column-inner\"><div class=\"wpb_wrapper\"><div class=\"wpb_text_column\"><div class=\"wpb_wrapper\"><p style=\"text-align: center; font-size: 24px;\">Si tens dubtes si us plau contacta&#8217;ns, estarem encantats d&#8217;atendre&#8217;t<\/p>\n<\/div><\/div><div class=\"w-separator size_small\"><\/div><div class=\"w-btn-wrapper align_center\"><a class=\"w-btn us-btn-style_2 contacto_popup\" href=\"javascript:void(0)\"><span class=\"w-btn-label\">Contactar ara<\/span><\/a><\/div><div class=\"w-separator size_small\"><\/div><\/div><\/div><\/div><\/div><\/div><\/section>\n","protected":false},"excerpt":{"rendered":"Coaching Quan el lideratge \u00e9s el cam\u00ed, la transformaci\u00f3 \u00e9s l&#8217;elecci\u00f3 Qu\u00e8 \u00e9s el coaching? Proc\u00e9s de desenvolupament personal i professional que capacita a les persones a generar canvis i obtenir recursos per a aconseguir els seus objectius mitjan\u00e7ant una metodologia. Consisteix a ajudar a alg\u00fa a trobar respostes, a descobrir dins de si el...","protected":false},"author":1,"featured_media":0,"parent":0,"menu_order":0,"comment_status":"closed","ping_status":"closed","template":"","meta":{"footnotes":""},"class_list":["post-9178","page","type-page","status-publish","hentry"],"yoast_head":"<!-- This site is optimized with the Yoast SEO plugin v25.6 - https:\/\/yoast.com\/wordpress\/plugins\/seo\/ -->\n<title>COACHING - Creantum<\/title>\n<meta name=\"robots\" content=\"index, follow, max-snippet:-1, max-image-preview:large, max-video-preview:-1\" \/>\n<link rel=\"canonical\" href=\"https:\/\/creantum.com\/ca\/coaching\/\" \/>\n<meta property=\"og:locale\" content=\"ca_ES\" \/>\n<meta property=\"og:type\" content=\"article\" \/>\n<meta property=\"og:title\" content=\"COACHING - Creantum\" \/>\n<meta property=\"og:url\" content=\"https:\/\/creantum.com\/ca\/coaching\/\" \/>\n<meta property=\"og:site_name\" content=\"Creantum\" \/>\n<meta property=\"article:modified_time\" content=\"2022-06-23T07:32:16+00:00\" \/>\n<meta name=\"twitter:card\" content=\"summary_large_image\" \/>\n<meta name=\"twitter:label1\" content=\"Temps estimat de lectura\" \/>\n\t<meta name=\"twitter:data1\" content=\"4 minuts\" \/>\n<script type=\"application\/ld+json\" class=\"yoast-schema-graph\">{\"@context\":\"https:\/\/schema.org\",\"@graph\":[{\"@type\":\"WebPage\",\"@id\":\"https:\/\/creantum.com\/ca\/coaching\/\",\"url\":\"https:\/\/creantum.com\/ca\/coaching\/\",\"name\":\"COACHING - Creantum\",\"isPartOf\":{\"@id\":\"https:\/\/creantum.com\/#website\"},\"datePublished\":\"2021-12-03T08:00:00+00:00\",\"dateModified\":\"2022-06-23T07:32:16+00:00\",\"breadcrumb\":{\"@id\":\"https:\/\/creantum.com\/ca\/coaching\/#breadcrumb\"},\"inLanguage\":\"ca\",\"potentialAction\":[{\"@type\":\"ReadAction\",\"target\":[\"https:\/\/creantum.com\/ca\/coaching\/\"]}]},{\"@type\":\"BreadcrumbList\",\"@id\":\"https:\/\/creantum.com\/ca\/coaching\/#breadcrumb\",\"itemListElement\":[{\"@type\":\"ListItem\",\"position\":1,\"name\":\"Portada\",\"item\":\"https:\/\/creantum.com\/ca\/\"},{\"@type\":\"ListItem\",\"position\":2,\"name\":\"COACHING\"}]},{\"@type\":\"WebSite\",\"@id\":\"https:\/\/creantum.com\/#website\",\"url\":\"https:\/\/creantum.com\/\",\"name\":\"Creantum\",\"description\":\"Consultor\u00eda estrat\u00e9gica y de RRHH en Barcelona y Girona\",\"potentialAction\":[{\"@type\":\"SearchAction\",\"target\":{\"@type\":\"EntryPoint\",\"urlTemplate\":\"https:\/\/creantum.com\/?s={search_term_string}\"},\"query-input\":{\"@type\":\"PropertyValueSpecification\",\"valueRequired\":true,\"valueName\":\"search_term_string\"}}],\"inLanguage\":\"ca\"}]}<\/script>\n<!-- \/ Yoast SEO plugin. -->","yoast_head_json":{"title":"COACHING - Creantum","robots":{"index":"index","follow":"follow","max-snippet":"max-snippet:-1","max-image-preview":"max-image-preview:large","max-video-preview":"max-video-preview:-1"},"canonical":"https:\/\/creantum.com\/ca\/coaching\/","og_locale":"ca_ES","og_type":"article","og_title":"COACHING - Creantum","og_url":"https:\/\/creantum.com\/ca\/coaching\/","og_site_name":"Creantum","article_modified_time":"2022-06-23T07:32:16+00:00","twitter_card":"summary_large_image","twitter_misc":{"Temps estimat de lectura":"4 minuts"},"schema":{"@context":"https:\/\/schema.org","@graph":[{"@type":"WebPage","@id":"https:\/\/creantum.com\/ca\/coaching\/","url":"https:\/\/creantum.com\/ca\/coaching\/","name":"COACHING - Creantum","isPartOf":{"@id":"https:\/\/creantum.com\/#website"},"datePublished":"2021-12-03T08:00:00+00:00","dateModified":"2022-06-23T07:32:16+00:00","breadcrumb":{"@id":"https:\/\/creantum.com\/ca\/coaching\/#breadcrumb"},"inLanguage":"ca","potentialAction":[{"@type":"ReadAction","target":["https:\/\/creantum.com\/ca\/coaching\/"]}]},{"@type":"BreadcrumbList","@id":"https:\/\/creantum.com\/ca\/coaching\/#breadcrumb","itemListElement":[{"@type":"ListItem","position":1,"name":"Portada","item":"https:\/\/creantum.com\/ca\/"},{"@type":"ListItem","position":2,"name":"COACHING"}]},{"@type":"WebSite","@id":"https:\/\/creantum.com\/#website","url":"https:\/\/creantum.com\/","name":"Creantum","description":"Consultor\u00eda estrat\u00e9gica y de RRHH en Barcelona y Girona","potentialAction":[{"@type":"SearchAction","target":{"@type":"EntryPoint","urlTemplate":"https:\/\/creantum.com\/?s={search_term_string}"},"query-input":{"@type":"PropertyValueSpecification","valueRequired":true,"valueName":"search_term_string"}}],"inLanguage":"ca"}]}},"_links":{"self":[{"href":"https:\/\/creantum.com\/ca\/wp-json\/wp\/v2\/pages\/9178"}],"collection":[{"href":"https:\/\/creantum.com\/ca\/wp-json\/wp\/v2\/pages"}],"about":[{"href":"https:\/\/creantum.com\/ca\/wp-json\/wp\/v2\/types\/page"}],"author":[{"embeddable":true,"href":"https:\/\/creantum.com\/ca\/wp-json\/wp\/v2\/users\/1"}],"replies":[{"embeddable":true,"href":"https:\/\/creantum.com\/ca\/wp-json\/wp\/v2\/comments?post=9178"}],"version-history":[{"count":2,"href":"https:\/\/creantum.com\/ca\/wp-json\/wp\/v2\/pages\/9178\/revisions"}],"predecessor-version":[{"id":9180,"href":"https:\/\/creantum.com\/ca\/wp-json\/wp\/v2\/pages\/9178\/revisions\/9180"}],"wp:attachment":[{"href":"https:\/\/creantum.com\/ca\/wp-json\/wp\/v2\/media?parent=9178"}],"curies":[{"name":"wp","href":"https:\/\/api.w.org\/{rel}","templated":true}]}}