{"id":9220,"date":"2022-02-09T10:12:53","date_gmt":"2022-02-09T10:12:53","guid":{"rendered":"https:\/\/creantum.com\/?page_id=9220"},"modified":"2022-06-23T09:33:58","modified_gmt":"2022-06-23T09:33:58","slug":"feedback-eines-per-rrhh","status":"publish","type":"page","link":"https:\/\/creantum.com\/ca\/feedback-eines-per-rrhh\/","title":{"rendered":"FEEDBACK &#8211; EINES PER RRHH"},"content":{"rendered":"<section class=\"l-section wpb_row us_custom_6df4bc3a has_text_color height_huge with_img\"><div class=\"l-section-img\" style=\"background-image: url(https:\/\/creantum.com\/wp-content\/uploads\/2022\/02\/feedback.jpg);background-position: center right;background-repeat: no-repeat;\" data-img-width=\"1920\" data-img-height=\"827\"><\/div><div class=\"l-section-overlay\" style=\"background:linear-gradient(90deg,rgba(26,26,26,0.70),rgba(0,0,0,0.15))\"><\/div><div class=\"l-section-h i-cf\"><div class=\"g-cols vc_row via_flex valign_top type_default stacking_default\"><div class=\"vc_col-sm-12 wpb_column vc_column_container\"><div class=\"vc_column-inner\"><div class=\"wpb_wrapper\"><div class=\"wpb_text_column\"><div class=\"wpb_wrapper\"><h1 style=\"text-align: left;\">Feedback View 180-360\u00ba<\/h1>\n<h2 class=\"subtitol_seccions\">Diagn\u00f2stic per a directius i c\u00e0rrecs intermedis<\/h2>\n<\/div><\/div><\/div><\/div><\/div><\/div><\/div><\/section><section class=\"l-section wpb_row height_medium\"><div class=\"l-section-h i-cf\"><div class=\"g-cols vc_row via_flex valign_top type_default stacking_default\"><div class=\"vc_col-sm-12 wpb_column vc_column_container\"><div class=\"vc_column-inner\"><div class=\"wpb_wrapper\"><div class=\"wpb_text_column\"><div class=\"wpb_wrapper\"><p style=\"text-align: center; font-size: 24px;\">Les eines d\u2019avaluaci\u00f3 360 \u00b0 i 180 \u00b0 proporcionen un informe exhaustiu sobre les fortaleses i \u00e0rees de desenvolupament en l\u2019\u00e0mbit laboral, comparant les autopercepcions amb les percepcions dels membres de l\u2019equip de treball.<\/p>\n<\/div><\/div><\/div><\/div><\/div><\/div><\/div><\/section><section class=\"l-section wpb_row height_auto\"><div class=\"l-section-h i-cf\"><div class=\"g-cols vc_row via_flex valign_top type_default stacking_default\"><div class=\"vc_col-sm-12 wpb_column vc_column_container\"><div class=\"vc_column-inner\"><div class=\"wpb_wrapper\"><div class=\"w-separator size_medium\"><\/div><div class=\"wpb_text_column\"><div class=\"wpb_wrapper\"><h2 style=\"text-align: center;\">\u00bfPer a qu\u00e8 s\u2019utilitza Feedback View 360\u00ba?<\/h2>\n<p style=\"text-align: center;\">Per avaluar amb una eina un mateix element des de diferents punts de vista i obtenir un feedback de l\u2019entorn.<\/p>\n<\/div><\/div><\/div><\/div><\/div><\/div><\/div><\/section><section class=\"l-section wpb_row height_medium\"><div class=\"l-section-h i-cf\"><div class=\"g-cols vc_row via_flex valign_top type_default stacking_default\"><div class=\"vc_col-sm-12 wpb_column vc_column_container\"><div class=\"vc_column-inner\"><div class=\"wpb_wrapper\"><div class=\"g-cols wpb_row us_custom_aa2c9c3e caixes_creantum has_text_color via_flex valign_top type_default stacking_default\" style=\"--additional-gap:25px;\"><div class=\"vc_col-sm-6 wpb_column vc_column_container has_bg_color\"><div class=\"vc_column-inner us_custom_4b37bfe5\"><div class=\"vc_column-overlay\" style=\"background:rgba(51,51,51,0.85)\"><\/div><div class=\"wpb_wrapper\"><div class=\"wpb_text_column us_custom_38bb2da8\"><div class=\"wpb_wrapper\"><ul>\n<li><strong>EmotionalIntelligenceView360<\/strong>: Basat en el model de compet\u00e8ncies dissenyat per Daniel Goleman, mesura compet\u00e8ncies comportamentals d\u2019autogesti\u00f3, maneig de relacions i comunicaci\u00f3.<\/li>\n<li><strong>ExecutiveView360<\/strong>: Dirigit a executius i directors s\u00e8niors, se centra en compet\u00e8ncies de lideratge. Acompliment de lideratge, lideratge en gesti\u00f3 del canvi, lideratge personal i interpersonal.<\/li>\n<li><strong>LeaderView360<\/strong>: Dirigit a Directors i caps intermedis. Avalua comportaments b\u00e0sics de lideratge relacionats amb les seg\u00fcents compet\u00e8ncies: Planificaci\u00f3, resoluci\u00f3 de problemes, supervisi\u00f3, autogesti\u00f3, gesti\u00f3 de relacions, lideratge i comunicaci\u00f3.<\/li>\n<li><strong>ManagerView360<\/strong>: Per supervisors, comandaments intermedis o directors S\u00e8niors. Proporciona una an\u00e0lisi de compet\u00e8ncies de comunicaci\u00f3, direcci\u00f3, comunicaci\u00f3 interpersonal i resoluci\u00f3 de problemes.<\/li>\n<li><strong>PerformanceView360<\/strong>: Mostra fortaleses i \u00e0rees de Desenvolupament de l\u2019individu que no estan relacionades amb la supervisi\u00f3 ni amb la gesti\u00f3. Analitza compet\u00e8ncies de relacions interpersonals, treball en equip, comunicaci\u00f3, gesti\u00f3 de tasques.<\/li>\n<\/ul>\n<\/div><\/div><\/div><\/div><\/div><div class=\"vc_col-sm-6 wpb_column vc_column_container\"><div class=\"vc_column-inner us_custom_50cc7d67\"><div class=\"vc_column-overlay\" style=\"background:rgba(51,51,51,0.85)\"><\/div><div class=\"wpb_wrapper\"><div class=\"wpb_text_column us_custom_38bb2da8\"><div class=\"wpb_wrapper\"><ul>\n<li><strong>SalesView360<\/strong>: Dirigit a persones de l\u2019\u00e0rea comercial. Mesura compet\u00e8ncies relacionades amb vendes, relacions interpersonals, intrapersonals.<\/li>\n<li><strong>Sales ManagerView360<\/strong>: Dirigit a caps de vendes. An\u00e0lisi de compet\u00e8ncies en direcci\u00f3 d\u2019equips de vendes, lideratge interpersonal i intrapersonal.<\/li>\n<li><strong>TeamView360<\/strong>: Per an\u00e0lisi d\u2019equips. Analitza compet\u00e8ncies de: planificaci\u00f3, resoluci\u00f3 de problemes, supervisi\u00f3, autogesti\u00f3, gesti\u00f3 de relacions, lideratge, comunicaci\u00f3.<\/li>\n<li><strong>Transformational Leadership360<\/strong>: Dirigit a l\u00edders que han de marcar la difer\u00e8ncia, analitza compet\u00e8ncies de direcci\u00f3 i lideratge per separat.<\/li>\n<li><strong>CustomView360<\/strong>: Ideal per a situacions on es requereix una avaluaci\u00f3 de compet\u00e8ncies adaptada a les necessitats del client. Aquesta eina et d\u00f3na accessos a la nostra base de compet\u00e8ncies amb 800 \u00edtems validats o b\u00e9 et d\u00f3na l\u2019opci\u00f3 de crear noves compet\u00e8ncies.<\/li>\n<\/ul>\n<\/div><\/div><\/div><\/div><\/div><\/div><\/div><\/div><\/div><\/div><\/div><\/section><section class=\"l-section wpb_row height_medium\"><div class=\"l-section-overlay\" style=\"background:#f5f5f5\"><\/div><div class=\"l-section-h i-cf\"><div class=\"g-cols vc_row via_flex valign_top type_default stacking_default\"><div class=\"vc_col-sm-12 wpb_column vc_column_container\"><div class=\"vc_column-inner\"><div class=\"wpb_wrapper\"><div class=\"wpb_text_column\"><div class=\"wpb_wrapper\"><h2 style=\"text-align: center;\">\u00bfQuins s\u00f3n els beneficis d\u2019utilitzar aquesta eina?<\/h2>\n<\/div><\/div><div class=\"w-separator size_medium\"><\/div><div class=\"g-cols wpb_row us_custom_afef2dd2 via_flex valign_top type_default stacking_default\"><div class=\"vc_col-sm-12 wpb_column vc_column_container\"><div class=\"vc_column-inner\"><div class=\"wpb_wrapper\"><div class=\"wpb_text_column\"><div class=\"wpb_wrapper\"><ul class=\"llista_creantum_no_ordenada_fons_clar\">\n<li>Complementaci\u00f3 On-line.<\/li>\n<li>Especialment indicada en estudis de clima, avaluaci\u00f3 i plans de carrera, processos de Coaching empresarial.<\/li>\n<li>Confidencialitat absoluta.<\/li>\n<\/ul>\n<\/div><\/div><\/div><\/div><\/div><\/div><div class=\"w-separator size_medium\"><\/div><\/div><\/div><\/div><\/div><\/div><\/section><section class=\"l-section wpb_row us_custom_6df4bc3a has_text_color height_medium with_img parallax_fixed\"><div class=\"l-section-img\" style=\"background-image: url(https:\/\/creantum.com\/wp-content\/uploads\/2021\/12\/formacion-creantum-06.jpg);background-position: top center;background-repeat: no-repeat;\" data-img-width=\"1920\" data-img-height=\"904\"><\/div><div class=\"l-section-overlay\" style=\"background:rgba(51,51,51,0.85)\"><\/div><div class=\"l-section-h i-cf\"><div class=\"g-cols vc_row via_flex valign_top type_default stacking_default\"><div class=\"vc_col-sm-12 wpb_column vc_column_container\"><div class=\"vc_column-inner\"><div class=\"wpb_wrapper\"><div class=\"wpb_text_column\"><div class=\"wpb_wrapper\"><p style=\"text-align: center; font-size: 24px;\">Si tens dubtes si us plau contacta&#8217;ns, estarem encantats d&#8217;atendre&#8217;t<\/p>\n<\/div><\/div><div class=\"w-separator size_small\"><\/div><div class=\"w-btn-wrapper align_center\"><a class=\"w-btn us-btn-style_2 contacto_popup_cat\" href=\"javascript:void(0)\"><span class=\"w-btn-label\">Contactar ara<\/span><\/a><\/div><\/div><\/div><\/div><\/div><\/div><\/section>\n","protected":false},"excerpt":{"rendered":"Feedback View 180-360\u00ba Diagn\u00f2stic per a directius i c\u00e0rrecs intermedis Les eines d\u2019avaluaci\u00f3 360 \u00b0 i 180 \u00b0 proporcionen un informe exhaustiu sobre les fortaleses i \u00e0rees de desenvolupament en l\u2019\u00e0mbit laboral, comparant les autopercepcions amb les percepcions dels membres de l\u2019equip de treball. \u00bfPer a qu\u00e8 s\u2019utilitza Feedback View 360\u00ba? Per avaluar amb una...","protected":false},"author":1,"featured_media":0,"parent":0,"menu_order":0,"comment_status":"closed","ping_status":"closed","template":"","meta":{"footnotes":""},"class_list":["post-9220","page","type-page","status-publish","hentry"],"yoast_head":"<!-- This site is optimized with the Yoast SEO plugin v25.6 - https:\/\/yoast.com\/wordpress\/plugins\/seo\/ -->\n<title>FEEDBACK - EINES PER RRHH - Creantum<\/title>\n<meta name=\"robots\" content=\"index, follow, max-snippet:-1, max-image-preview:large, max-video-preview:-1\" \/>\n<link rel=\"canonical\" href=\"https:\/\/creantum.com\/ca\/feedback-eines-per-rrhh\/\" \/>\n<meta property=\"og:locale\" content=\"ca_ES\" \/>\n<meta property=\"og:type\" content=\"article\" \/>\n<meta property=\"og:title\" content=\"FEEDBACK - EINES PER RRHH - Creantum\" \/>\n<meta property=\"og:url\" content=\"https:\/\/creantum.com\/ca\/feedback-eines-per-rrhh\/\" \/>\n<meta property=\"og:site_name\" content=\"Creantum\" \/>\n<meta property=\"article:modified_time\" content=\"2022-06-23T09:33:58+00:00\" \/>\n<meta name=\"twitter:card\" content=\"summary_large_image\" \/>\n<meta name=\"twitter:label1\" content=\"Temps estimat de lectura\" \/>\n\t<meta name=\"twitter:data1\" content=\"2 minuts\" \/>\n<script type=\"application\/ld+json\" class=\"yoast-schema-graph\">{\"@context\":\"https:\/\/schema.org\",\"@graph\":[{\"@type\":\"WebPage\",\"@id\":\"https:\/\/creantum.com\/ca\/feedback-eines-per-rrhh\/\",\"url\":\"https:\/\/creantum.com\/ca\/feedback-eines-per-rrhh\/\",\"name\":\"FEEDBACK - EINES PER RRHH - Creantum\",\"isPartOf\":{\"@id\":\"https:\/\/creantum.com\/#website\"},\"datePublished\":\"2022-02-09T10:12:53+00:00\",\"dateModified\":\"2022-06-23T09:33:58+00:00\",\"breadcrumb\":{\"@id\":\"https:\/\/creantum.com\/ca\/feedback-eines-per-rrhh\/#breadcrumb\"},\"inLanguage\":\"ca\",\"potentialAction\":[{\"@type\":\"ReadAction\",\"target\":[\"https:\/\/creantum.com\/ca\/feedback-eines-per-rrhh\/\"]}]},{\"@type\":\"BreadcrumbList\",\"@id\":\"https:\/\/creantum.com\/ca\/feedback-eines-per-rrhh\/#breadcrumb\",\"itemListElement\":[{\"@type\":\"ListItem\",\"position\":1,\"name\":\"Portada\",\"item\":\"https:\/\/creantum.com\/ca\/\"},{\"@type\":\"ListItem\",\"position\":2,\"name\":\"FEEDBACK &#8211; EINES PER RRHH\"}]},{\"@type\":\"WebSite\",\"@id\":\"https:\/\/creantum.com\/#website\",\"url\":\"https:\/\/creantum.com\/\",\"name\":\"Creantum\",\"description\":\"Consultor\u00eda estrat\u00e9gica y de RRHH en Barcelona y Girona\",\"potentialAction\":[{\"@type\":\"SearchAction\",\"target\":{\"@type\":\"EntryPoint\",\"urlTemplate\":\"https:\/\/creantum.com\/?s={search_term_string}\"},\"query-input\":{\"@type\":\"PropertyValueSpecification\",\"valueRequired\":true,\"valueName\":\"search_term_string\"}}],\"inLanguage\":\"ca\"}]}<\/script>\n<!-- \/ Yoast SEO plugin. -->","yoast_head_json":{"title":"FEEDBACK - EINES PER RRHH - Creantum","robots":{"index":"index","follow":"follow","max-snippet":"max-snippet:-1","max-image-preview":"max-image-preview:large","max-video-preview":"max-video-preview:-1"},"canonical":"https:\/\/creantum.com\/ca\/feedback-eines-per-rrhh\/","og_locale":"ca_ES","og_type":"article","og_title":"FEEDBACK - EINES PER RRHH - Creantum","og_url":"https:\/\/creantum.com\/ca\/feedback-eines-per-rrhh\/","og_site_name":"Creantum","article_modified_time":"2022-06-23T09:33:58+00:00","twitter_card":"summary_large_image","twitter_misc":{"Temps estimat de lectura":"2 minuts"},"schema":{"@context":"https:\/\/schema.org","@graph":[{"@type":"WebPage","@id":"https:\/\/creantum.com\/ca\/feedback-eines-per-rrhh\/","url":"https:\/\/creantum.com\/ca\/feedback-eines-per-rrhh\/","name":"FEEDBACK - EINES PER RRHH - Creantum","isPartOf":{"@id":"https:\/\/creantum.com\/#website"},"datePublished":"2022-02-09T10:12:53+00:00","dateModified":"2022-06-23T09:33:58+00:00","breadcrumb":{"@id":"https:\/\/creantum.com\/ca\/feedback-eines-per-rrhh\/#breadcrumb"},"inLanguage":"ca","potentialAction":[{"@type":"ReadAction","target":["https:\/\/creantum.com\/ca\/feedback-eines-per-rrhh\/"]}]},{"@type":"BreadcrumbList","@id":"https:\/\/creantum.com\/ca\/feedback-eines-per-rrhh\/#breadcrumb","itemListElement":[{"@type":"ListItem","position":1,"name":"Portada","item":"https:\/\/creantum.com\/ca\/"},{"@type":"ListItem","position":2,"name":"FEEDBACK &#8211; EINES PER RRHH"}]},{"@type":"WebSite","@id":"https:\/\/creantum.com\/#website","url":"https:\/\/creantum.com\/","name":"Creantum","description":"Consultor\u00eda estrat\u00e9gica y de RRHH en Barcelona y Girona","potentialAction":[{"@type":"SearchAction","target":{"@type":"EntryPoint","urlTemplate":"https:\/\/creantum.com\/?s={search_term_string}"},"query-input":{"@type":"PropertyValueSpecification","valueRequired":true,"valueName":"search_term_string"}}],"inLanguage":"ca"}]}},"_links":{"self":[{"href":"https:\/\/creantum.com\/ca\/wp-json\/wp\/v2\/pages\/9220"}],"collection":[{"href":"https:\/\/creantum.com\/ca\/wp-json\/wp\/v2\/pages"}],"about":[{"href":"https:\/\/creantum.com\/ca\/wp-json\/wp\/v2\/types\/page"}],"author":[{"embeddable":true,"href":"https:\/\/creantum.com\/ca\/wp-json\/wp\/v2\/users\/1"}],"replies":[{"embeddable":true,"href":"https:\/\/creantum.com\/ca\/wp-json\/wp\/v2\/comments?post=9220"}],"version-history":[{"count":2,"href":"https:\/\/creantum.com\/ca\/wp-json\/wp\/v2\/pages\/9220\/revisions"}],"predecessor-version":[{"id":9222,"href":"https:\/\/creantum.com\/ca\/wp-json\/wp\/v2\/pages\/9220\/revisions\/9222"}],"wp:attachment":[{"href":"https:\/\/creantum.com\/ca\/wp-json\/wp\/v2\/media?parent=9220"}],"curies":[{"name":"wp","href":"https:\/\/api.w.org\/{rel}","templated":true}]}}