{"id":9223,"date":"2022-02-09T10:12:34","date_gmt":"2022-02-09T10:12:34","guid":{"rendered":"https:\/\/creantum.com\/?page_id=9223"},"modified":"2026-01-20T10:40:17","modified_gmt":"2026-01-20T10:40:17","slug":"estudi-de-clima-eines-per-rrhh","status":"publish","type":"page","link":"https:\/\/creantum.com\/ca\/estudi-de-clima-eines-per-rrhh\/","title":{"rendered":"ESTUDI DE CLIMA &#8211; EINES PER A RRHH"},"content":{"rendered":"<section class=\"l-section wpb_row us_custom_6df4bc3a has_text_color height_huge with_img\"><div class=\"l-section-img\" style=\"background-image: url(https:\/\/creantum.com\/wp-content\/uploads\/2022\/02\/estudio-de-clima.jpg);background-position: top center;background-repeat: no-repeat;\" data-img-width=\"1920\" data-img-height=\"1281\"><\/div><div class=\"l-section-overlay\" style=\"background:linear-gradient(90deg,rgba(26,26,26,0.70),rgba(0,0,0,0.15))\"><\/div><div class=\"l-section-h i-cf\"><div class=\"g-cols vc_row via_flex valign_top type_default stacking_default\"><div class=\"vc_col-sm-12 wpb_column vc_column_container\"><div class=\"vc_column-inner\"><div class=\"wpb_wrapper\"><div class=\"wpb_text_column\"><div class=\"wpb_wrapper\"><h1 style=\"text-align: left;\">Estudi de clima laboral<\/h1>\n<h2 class=\"subtitol_seccions\">Diagn\u00f2stic Organitzacional<\/h2>\n<\/div><\/div><\/div><\/div><\/div><\/div><\/div><\/section><section class=\"l-section wpb_row height_medium\"><div class=\"l-section-h i-cf\"><div class=\"g-cols vc_row via_flex valign_top type_default stacking_default\"><div class=\"vc_col-sm-12 wpb_column vc_column_container\"><div class=\"vc_column-inner\"><div class=\"wpb_wrapper\"><div class=\"wpb_text_column\"><div class=\"wpb_wrapper\"><p style=\"text-align: center; font-size: 24px;\">L&#8217;estudi de clima permet mesurar el nivell de satisfacci\u00f3 del personal en general i detectar aspectes de millora a l&#8217;organitzaci\u00f3.<\/p>\n<\/div><\/div><div class=\"wpb_text_column\"><div class=\"wpb_wrapper\"><p>De vegades les persones perceben que l&#8217;ambient laboral no \u00e9s adequat, hi ha un descontentament generalitzat, s&#8217;hi observa absentisme i\/o rotaci\u00f3 de personal.<\/p>\n<p>Davant d&#8217;aquestes situacions, cal identificar quins elements dins de l&#8217;organitzaci\u00f3 s\u00f3n susceptibles de millora per promoure un clima laboral favorable.<\/p>\n<\/div><\/div><div class=\"wpb_text_column\"><div class=\"wpb_wrapper\"><h2 align=\"center\">Qu\u00e8 \u00e9s un estudi de clima laboral?<\/h2>\n<p><span style=\"font-weight: 400;\"><img loading=\"lazy\" decoding=\"async\" class=\"aligncenter size-full wp-image-52275\" src=\"https:\/\/creantum.com\/wp-content\/uploads\/CLIMA.jpg\" alt=\"\" width=\"1195\" height=\"773\" srcset=\"https:\/\/creantum.com\/wp-content\/uploads\/CLIMA.jpg 1195w, https:\/\/creantum.com\/wp-content\/uploads\/CLIMA-300x194.jpg 300w, https:\/\/creantum.com\/wp-content\/uploads\/CLIMA-1024x662.jpg 1024w\" sizes=\"(max-width: 1195px) 100vw, 1195px\" \/>L&#8217;estudi de clima \u00e9s una eina que es basa a preguntar a les persones de l&#8217;organitzaci\u00f3 sobre el seu nivell de satisfacci\u00f3 i benestar dins de l&#8217;organitzaci\u00f3.<\/span><\/p>\n<p><span style=\"font-weight: 400;\">El format pot ser mitjan\u00e7ant una enquesta o entrevistes semiestructurades on s&#8217;avaluen els diferents elements vinculats al clima laboral.<\/span><\/p>\n<p><span style=\"font-weight: 400;\">Un dels factors m\u00e9s rellevants \u00e9s crear prou confian\u00e7a perqu\u00e8 la persona se sinceri sobre aix\u00f2, per la qual cosa es recomana mantenir l&#8217;anonimat de les respostes dels participants.<\/span><\/p>\n<p><span style=\"font-weight: 400;\">L&#8217;estudi de clima organitzacional no \u00e9s un proc\u00e9s d&#8217;avaluaci\u00f3 de les persones, per tant, el resultat est\u00e0 orientat a aplicar i identificar quins elements dins l&#8217;organitzaci\u00f3 requereixen un canvi.<\/span><\/p>\n<p>&nbsp;<\/p>\n<p><img loading=\"lazy\" decoding=\"async\" class=\"aligncenter size-full wp-image-52271\" src=\"https:\/\/creantum.com\/wp-content\/uploads\/eNPS-1.jpg\" alt=\"\" width=\"1182\" height=\"711\" srcset=\"https:\/\/creantum.com\/wp-content\/uploads\/eNPS-1.jpg 1182w, https:\/\/creantum.com\/wp-content\/uploads\/eNPS-1-300x180.jpg 300w, https:\/\/creantum.com\/wp-content\/uploads\/eNPS-1-1024x616.jpg 1024w\" sizes=\"(max-width: 1182px) 100vw, 1182px\" \/><\/p>\n<\/div><\/div><div class=\"wpb_text_column\"><div class=\"wpb_wrapper\"><h2 align=\"center\">Com fem un estudi de clima laboral?<\/h2>\n<p>&nbsp;<\/p>\n<p>A la nostra <a href=\"https:\/\/creantum.com\/ca\/\">consultoria de recursos humans<\/a> adaptem l&#8217;estudi de clima a les necessitats de cada empresa, per aix\u00f2 identifiquem els factors complementaris a incloure en l&#8217;avaluaci\u00f3 del clima. Un exemple dins un estudi de clima laboral podria ser incloure factors vinculats al teletreball a empreses amb personal deslocalitzat.<\/p>\n<p>Un cop revisats els factors amb l&#8217;organitzaci\u00f3 definim la metodologia m\u00e9s adequada i procedim a recollir informaci\u00f3.<\/p>\n<p>Finalment, els resultats es presenten en un informe de clima laboral on es desglossen els resultats per factor, s&#8217;abstreuen unes conclusions i unes l\u00ednies de possibles intervencions per millorar el clima organitzacional.<\/p>\n<\/div><\/div><div class=\"w-separator size_medium\"><\/div><div class=\"wpb_text_column\"><div class=\"wpb_wrapper\"><h2 style=\"text-align: center;\">Per qu\u00e8 es fa servir un <strong>Estudi de clima<\/strong>?<\/h2>\n<\/div><\/div><\/div><\/div><\/div><\/div><\/div><\/section><section class=\"l-section wpb_row us_custom_327d7051 caixes_creantum height_auto\"><div class=\"l-section-h i-cf\"><div class=\"g-cols vc_row via_flex valign_top type_boxes stacking_default\" style=\"--additional-gap:20px;\"><div class=\"vc_col-sm-12 wpb_column vc_column_container has_text_color has_bg_color\"><div class=\"vc_column-inner us_custom_76934250\"><div class=\"vc_column-overlay\" style=\"background:rgba(26,26,26,0.70)\"><\/div><div class=\"wpb_wrapper\"><div class=\"wpb_text_column\"><div class=\"wpb_wrapper\"><ul>\n<li>Detecci\u00f3 d&#8217;\u00e0rees de millora.<\/li>\n<li>Identificaci\u00f3 de punts cr\u00edtics.<\/li>\n<li>Valorar el nivell de satisfacci\u00f3 del personal.<\/li>\n<li>Avaluar projectes i el seu impacte a l&#8217;organitzaci\u00f3.<\/li>\n<li>Avaluar l&#8217;estil de lideratge de la direcci\u00f3 empresarial.<\/li>\n<\/ul>\n<\/div><\/div><\/div><\/div><\/div><\/div><\/div><\/section><section class=\"l-section wpb_row height_medium\"><div class=\"l-section-overlay\" style=\"background:#f5f5f5\"><\/div><div class=\"l-section-h i-cf\"><div class=\"g-cols vc_row via_flex valign_top type_default stacking_default\"><div class=\"vc_col-sm-12 wpb_column vc_column_container\"><div class=\"vc_column-inner\"><div class=\"wpb_wrapper\"><div class=\"wpb_text_column\"><div class=\"wpb_wrapper\"><h2 style=\"text-align: center;\">Quins s\u00f3n els beneficis dutilitzar aquesta eina?<\/h2>\n<\/div><\/div><div class=\"w-separator size_medium\"><\/div><div class=\"g-cols wpb_row via_flex valign_top type_default stacking_default\"><div class=\"vc_col-sm-12 wpb_column vc_column_container\"><div class=\"vc_column-inner us_custom_afef2dd2\"><div class=\"wpb_wrapper\"><div class=\"wpb_text_column\"><div class=\"wpb_wrapper\"><ul class=\"llista_creantum_no_ordenada_fons_clar\">\n<li>Complementaci\u00f3 on-line.<\/li>\n<li>Adaptaci\u00f3 de l&#8217;estudi a les caracter\u00edstiques de l&#8217;organitzaci\u00f3.<\/li>\n<li>Especialment indicada en estudis de clima, processos de coaching empresarial, processos de consultoria, etc.<\/li>\n<li>Confidencialitat absoluta.<\/li>\n<\/ul>\n<\/div><\/div><\/div><\/div><\/div><\/div><div class=\"w-separator size_medium\"><\/div><\/div><\/div><\/div><\/div><\/div><\/section><section class=\"l-section wpb_row us_custom_6df4bc3a has_text_color height_medium with_img parallax_fixed\"><div class=\"l-section-img\" style=\"background-image: url(https:\/\/creantum.com\/wp-content\/uploads\/2021\/12\/formacion-creantum-06.jpg);background-position: top center;background-repeat: no-repeat;\" data-img-width=\"1920\" data-img-height=\"904\"><\/div><div class=\"l-section-overlay\" style=\"background:rgba(51,51,51,0.85)\"><\/div><div class=\"l-section-h i-cf\"><div class=\"g-cols vc_row via_flex valign_top type_default stacking_default\"><div class=\"vc_col-sm-12 wpb_column vc_column_container\"><div class=\"vc_column-inner\"><div class=\"wpb_wrapper\"><div class=\"wpb_text_column\"><div class=\"wpb_wrapper\"><p style=\"text-align: center; font-size: 24px;\">Si tens dubtes si us plau contacta&#8217;ns, estarem encantats d&#8217;atendre&#8217;t<\/p>\n<\/div><\/div><div class=\"w-separator size_small\"><\/div><div class=\"w-btn-wrapper align_center\"><a class=\"w-btn us-btn-style_2 contacto_popup\" href=\"javascript:void(0)\"><span class=\"w-btn-label\">Contactar ara<\/span><\/a><\/div><\/div><\/div><\/div><\/div><\/div><\/section>\n","protected":false},"excerpt":{"rendered":"Estudi de clima laboral Diagn\u00f2stic Organitzacional L&#8217;estudi de clima permet mesurar el nivell de satisfacci\u00f3 del personal en general i detectar aspectes de millora a l&#8217;organitzaci\u00f3. De vegades les persones perceben que l&#8217;ambient laboral no \u00e9s adequat, hi ha un descontentament generalitzat, s&#8217;hi observa absentisme i\/o rotaci\u00f3 de personal. Davant d&#8217;aquestes situacions, cal identificar quins...","protected":false},"author":1,"featured_media":0,"parent":0,"menu_order":0,"comment_status":"closed","ping_status":"closed","template":"","meta":{"footnotes":""},"class_list":["post-9223","page","type-page","status-publish","hentry"],"yoast_head":"<!-- This site is optimized with the Yoast SEO plugin v25.6 - https:\/\/yoast.com\/wordpress\/plugins\/seo\/ -->\n<title>ESTUDI DE CLIMA - EINES PER A RRHH - Creantum<\/title>\n<meta name=\"robots\" content=\"index, follow, max-snippet:-1, max-image-preview:large, max-video-preview:-1\" \/>\n<link rel=\"canonical\" href=\"https:\/\/creantum.com\/ca\/estudi-de-clima-eines-per-rrhh\/\" \/>\n<meta property=\"og:locale\" content=\"ca_ES\" \/>\n<meta property=\"og:type\" content=\"article\" \/>\n<meta property=\"og:title\" content=\"ESTUDI DE CLIMA - EINES PER A RRHH - Creantum\" \/>\n<meta property=\"og:url\" content=\"https:\/\/creantum.com\/ca\/estudi-de-clima-eines-per-rrhh\/\" \/>\n<meta property=\"og:site_name\" content=\"Creantum\" \/>\n<meta property=\"article:modified_time\" content=\"2026-01-20T10:40:17+00:00\" \/>\n<meta property=\"og:image\" content=\"https:\/\/creantum.com\/wp-content\/uploads\/CLIMA.jpg\" \/>\n\t<meta property=\"og:image:width\" content=\"1195\" \/>\n\t<meta property=\"og:image:height\" content=\"773\" \/>\n\t<meta property=\"og:image:type\" content=\"image\/jpeg\" \/>\n<meta name=\"twitter:card\" content=\"summary_large_image\" \/>\n<meta name=\"twitter:label1\" content=\"Temps estimat de lectura\" \/>\n\t<meta name=\"twitter:data1\" content=\"3 minuts\" \/>\n<script type=\"application\/ld+json\" class=\"yoast-schema-graph\">{\"@context\":\"https:\/\/schema.org\",\"@graph\":[{\"@type\":\"WebPage\",\"@id\":\"https:\/\/creantum.com\/ca\/estudi-de-clima-eines-per-rrhh\/\",\"url\":\"https:\/\/creantum.com\/ca\/estudi-de-clima-eines-per-rrhh\/\",\"name\":\"ESTUDI DE CLIMA - EINES PER A RRHH - Creantum\",\"isPartOf\":{\"@id\":\"https:\/\/creantum.com\/#website\"},\"primaryImageOfPage\":{\"@id\":\"https:\/\/creantum.com\/ca\/estudi-de-clima-eines-per-rrhh\/#primaryimage\"},\"image\":{\"@id\":\"https:\/\/creantum.com\/ca\/estudi-de-clima-eines-per-rrhh\/#primaryimage\"},\"thumbnailUrl\":\"https:\/\/creantum.com\/wp-content\/uploads\/CLIMA.jpg\",\"datePublished\":\"2022-02-09T10:12:34+00:00\",\"dateModified\":\"2026-01-20T10:40:17+00:00\",\"breadcrumb\":{\"@id\":\"https:\/\/creantum.com\/ca\/estudi-de-clima-eines-per-rrhh\/#breadcrumb\"},\"inLanguage\":\"ca\",\"potentialAction\":[{\"@type\":\"ReadAction\",\"target\":[\"https:\/\/creantum.com\/ca\/estudi-de-clima-eines-per-rrhh\/\"]}]},{\"@type\":\"ImageObject\",\"inLanguage\":\"ca\",\"@id\":\"https:\/\/creantum.com\/ca\/estudi-de-clima-eines-per-rrhh\/#primaryimage\",\"url\":\"https:\/\/creantum.com\/wp-content\/uploads\/CLIMA.jpg\",\"contentUrl\":\"https:\/\/creantum.com\/wp-content\/uploads\/CLIMA.jpg\"},{\"@type\":\"BreadcrumbList\",\"@id\":\"https:\/\/creantum.com\/ca\/estudi-de-clima-eines-per-rrhh\/#breadcrumb\",\"itemListElement\":[{\"@type\":\"ListItem\",\"position\":1,\"name\":\"Portada\",\"item\":\"https:\/\/creantum.com\/ca\/\"},{\"@type\":\"ListItem\",\"position\":2,\"name\":\"ESTUDI DE CLIMA &#8211; EINES PER A RRHH\"}]},{\"@type\":\"WebSite\",\"@id\":\"https:\/\/creantum.com\/#website\",\"url\":\"https:\/\/creantum.com\/\",\"name\":\"Creantum\",\"description\":\"Consultor\u00eda estrat\u00e9gica y de RRHH en Barcelona y Girona\",\"potentialAction\":[{\"@type\":\"SearchAction\",\"target\":{\"@type\":\"EntryPoint\",\"urlTemplate\":\"https:\/\/creantum.com\/?s={search_term_string}\"},\"query-input\":{\"@type\":\"PropertyValueSpecification\",\"valueRequired\":true,\"valueName\":\"search_term_string\"}}],\"inLanguage\":\"ca\"}]}<\/script>\n<!-- \/ Yoast SEO plugin. -->","yoast_head_json":{"title":"ESTUDI DE CLIMA - EINES PER A RRHH - Creantum","robots":{"index":"index","follow":"follow","max-snippet":"max-snippet:-1","max-image-preview":"max-image-preview:large","max-video-preview":"max-video-preview:-1"},"canonical":"https:\/\/creantum.com\/ca\/estudi-de-clima-eines-per-rrhh\/","og_locale":"ca_ES","og_type":"article","og_title":"ESTUDI DE CLIMA - EINES PER A RRHH - Creantum","og_url":"https:\/\/creantum.com\/ca\/estudi-de-clima-eines-per-rrhh\/","og_site_name":"Creantum","article_modified_time":"2026-01-20T10:40:17+00:00","og_image":[{"width":1195,"height":773,"url":"https:\/\/creantum.com\/wp-content\/uploads\/CLIMA.jpg","type":"image\/jpeg"}],"twitter_card":"summary_large_image","twitter_misc":{"Temps estimat de lectura":"3 minuts"},"schema":{"@context":"https:\/\/schema.org","@graph":[{"@type":"WebPage","@id":"https:\/\/creantum.com\/ca\/estudi-de-clima-eines-per-rrhh\/","url":"https:\/\/creantum.com\/ca\/estudi-de-clima-eines-per-rrhh\/","name":"ESTUDI DE CLIMA - EINES PER A RRHH - Creantum","isPartOf":{"@id":"https:\/\/creantum.com\/#website"},"primaryImageOfPage":{"@id":"https:\/\/creantum.com\/ca\/estudi-de-clima-eines-per-rrhh\/#primaryimage"},"image":{"@id":"https:\/\/creantum.com\/ca\/estudi-de-clima-eines-per-rrhh\/#primaryimage"},"thumbnailUrl":"https:\/\/creantum.com\/wp-content\/uploads\/CLIMA.jpg","datePublished":"2022-02-09T10:12:34+00:00","dateModified":"2026-01-20T10:40:17+00:00","breadcrumb":{"@id":"https:\/\/creantum.com\/ca\/estudi-de-clima-eines-per-rrhh\/#breadcrumb"},"inLanguage":"ca","potentialAction":[{"@type":"ReadAction","target":["https:\/\/creantum.com\/ca\/estudi-de-clima-eines-per-rrhh\/"]}]},{"@type":"ImageObject","inLanguage":"ca","@id":"https:\/\/creantum.com\/ca\/estudi-de-clima-eines-per-rrhh\/#primaryimage","url":"https:\/\/creantum.com\/wp-content\/uploads\/CLIMA.jpg","contentUrl":"https:\/\/creantum.com\/wp-content\/uploads\/CLIMA.jpg"},{"@type":"BreadcrumbList","@id":"https:\/\/creantum.com\/ca\/estudi-de-clima-eines-per-rrhh\/#breadcrumb","itemListElement":[{"@type":"ListItem","position":1,"name":"Portada","item":"https:\/\/creantum.com\/ca\/"},{"@type":"ListItem","position":2,"name":"ESTUDI DE CLIMA &#8211; EINES PER A RRHH"}]},{"@type":"WebSite","@id":"https:\/\/creantum.com\/#website","url":"https:\/\/creantum.com\/","name":"Creantum","description":"Consultor\u00eda estrat\u00e9gica y de RRHH en Barcelona y Girona","potentialAction":[{"@type":"SearchAction","target":{"@type":"EntryPoint","urlTemplate":"https:\/\/creantum.com\/?s={search_term_string}"},"query-input":{"@type":"PropertyValueSpecification","valueRequired":true,"valueName":"search_term_string"}}],"inLanguage":"ca"}]}},"_links":{"self":[{"href":"https:\/\/creantum.com\/ca\/wp-json\/wp\/v2\/pages\/9223"}],"collection":[{"href":"https:\/\/creantum.com\/ca\/wp-json\/wp\/v2\/pages"}],"about":[{"href":"https:\/\/creantum.com\/ca\/wp-json\/wp\/v2\/types\/page"}],"author":[{"embeddable":true,"href":"https:\/\/creantum.com\/ca\/wp-json\/wp\/v2\/users\/1"}],"replies":[{"embeddable":true,"href":"https:\/\/creantum.com\/ca\/wp-json\/wp\/v2\/comments?post=9223"}],"version-history":[{"count":11,"href":"https:\/\/creantum.com\/ca\/wp-json\/wp\/v2\/pages\/9223\/revisions"}],"predecessor-version":[{"id":52277,"href":"https:\/\/creantum.com\/ca\/wp-json\/wp\/v2\/pages\/9223\/revisions\/52277"}],"wp:attachment":[{"href":"https:\/\/creantum.com\/ca\/wp-json\/wp\/v2\/media?parent=9223"}],"curies":[{"name":"wp","href":"https:\/\/api.w.org\/{rel}","templated":true}]}}